{"id":459,"date":"2022-09-16T02:19:51","date_gmt":"2022-09-16T02:19:51","guid":{"rendered":"https:\/\/www.largepillow.com\/product\/large-bolster-cushion"},"modified":"2025-11-05T02:15:31","modified_gmt":"2025-11-05T02:15:31","slug":"vzglavnik-za-posteljo-3","status":"publish","type":"product","link":"https:\/\/www.largepillow.com\/sl\/product\/bed-bolster","title":{"rendered":"Podloga za posteljo"},"content":{"rendered":"<p>Odkrijte vrhunsko udobje z vzglavnikom za posteljo: va\u0161im popolnim vzglavnikom za ve\u010dnamensko uporabo<\/p>\n<p>V dana\u0161njem hitrem svetu sprostitev in udobje doma \u0161e nikoli nista bila pomembnej\u0161a. Ne glede na to, ali ste knji\u017eni molj, no\u010dna ptica, ki dela pozno v no\u010d, ali nekdo, ki u\u017eiva v gledanju svojih najljub\u0161ih serij v postelji, je vzglavnik za posteljo tukaj, da spremeni va\u0161o izku\u0161njo. Ta vzglavnik s svojo inovativno zasnovo in ve\u010dnamensko uporabo zagotavlja, da udobje nikoli ni ogro\u017eeno. Poglejmo, zakaj je vzglavnik za posteljo obvezen kos v vsakem sodobnem domu.<\/p>\n<p>Vrhunsko udobje s trikotno obliko<\/p>\n<p>Vzglavnik za posteljo, zasnovan z mislijo na va\u0161e popolno udobje, ni le navaden vzglavnik. Njegova edinstvena trikotna oblika je posebej zasnovana tako, da se popolnoma prilega va\u0161emu hrbtu in pasu, zagotavlja neprimerljivo oporo in u\u010dinkovito zmanj\u0161uje pritisk na ledveno in hrbtno ledveno mi\u0161ico. Ta izjemno velik vzglavnik je prilagojen dvema osebama, zaradi \u010desar je edini vzglavnik za klinasto vzglavje, ki ga boste potrebovali za sprostitev brez napetosti na postelji ali kav\u010du.<\/p>\n<p>Vsestranskost v svoji najbolj\u0161i lu\u010di: velika blazina za vzglavnik 3 v 1<\/p>\n<p>Vzglavnik za posteljo na novo opredeljuje vsestranskost. Uporabite ga pokonci kot vzglavnik za oporo hrbta, medtem ko sedite v postelji, polo\u017eite ga vodoravno kot velik klinast vzglavnik za spanje na hrbtu ali boku ali celo kot vzglavnik za dvig nog za bolj\u0161o prekrvavitev. Je odli\u010dna izbira za pare, ki i\u0161\u010dejo velik vzglavnik, ki nudi oporo in udobje obema osebama hkrati.<\/p>\n<p>Ve\u010dnamenska zasnova za vsako potrebo<\/p>\n<p>Poleg tega, da slu\u017ei kot vzglavnik, slu\u017ei tudi kot odbija\u010d in elegantna vzglavna blazina za kav\u010d ali dnevno posteljo. Zaradi svoje ve\u010dnamenske zasnove se brezhibno prilega vsaki spalnici ali bivalnemu prostoru ter doda tako funkcionalnost kot slog.<\/p>\n<p>Obrtni\u0161tvo, ki pove veliko<\/p>\n<p>Prevleka za vzglavnik Bed Bolster se pona\u0161a z vrhunsko izdelavo s svojo prevleko za vzglavnik iz poliestra 100% \u2013 mehka, elegantna in prijetna na dotik. Napolnjena je z visokokakovostnimi poliestrskimi vlakni visoke gostote, kar zagotavlja vzdr\u017eljivost in udobje brez pove\u0161evanja, tudi po intenzivni uporabi. Poleg tega priro\u010dni stranski \u017eepi ponujajo priro\u010den prostor za shranjevanje knjige ali telefona, tako da imate bistvene stvari pri roki.<\/p>\n<p>Vzdr\u017eevanje brez te\u017eav<\/p>\n<p>Vzdr\u017eevanje \u010diste prevleke za vzglavnik je izjemno enostavno. Prevleka za bralni vzglavnik je opremljena s preprosto zadrgo, zato jo je mogo\u010de brez te\u017eav odstraniti in prati v pralnem stroju, kar zagotavlja, da bo va\u0161 vzglavnik vedno sve\u017e in vabljiv.<\/p>\n<p>Prilagojeno va\u0161emu prostoru<\/p>\n<p>Z velikostmi od 45 cm do 200 cm v dol\u017eino in opremljenostjo z do 7 gumbi za enostavno nastavitev in oporo je vzglavnik za posteljo zasnovan tako, da se popolnoma prilega vsakemu prostoru. Izberite velikost, ki najbolj ustreza va\u0161im potrebam, in u\u017eivajte v ob\u010dutku udobja in opore po meri.<\/p>\n<p>Kaj pravijo stranke<\/p>\n<p>Iz komentarjev o izdelku je razvidno, da so kupci nad nakupom navdu\u0161eni. Mnogi poudarjajo \u201ctrikotno podporno blazino\u201d zaradi njenega izjemnega udobja in opore, medtem ko drugi hvalijo \u201c\u017eametno\u201d zaradi njene mehkobe in razko\u0161nega ob\u010dutka. Zdi se, da je barva \u201ckava\u201d priljubljena med kupci, saj vsaki sobi doda pridih elegance.<\/p>\n<p>Zaklju\u010dek<\/p>\n<p>Vzglavnik za posteljo je ve\u010d kot le vzglavnik; je revolucionaren, ko gre za izbolj\u0161anje va\u0161e sprostitve in udobja doma. Njegova ve\u010dnamenska zasnova, izjemna izdelava in enostavno vzdr\u017eevanje ga naredijo izjemen izdelek. Ne glede na to, ali gre za branje, delo ali preprosto spro\u0161\u010danje po dolgem dnevu, vzglavnik za posteljo obljublja, da bo va\u0161 popoln spremljevalec. Ne verjemite nam na besedo; preizkusite ga in sami izkusite vrhunsko udobje!<\/p>","protected":false},"excerpt":{"rendered":"<ul>\n<li><strong>Vrhunsko udobje:<\/strong> Ta vzglavna blazina nudi odli\u010dno udobje zaradi svoje trikotne oblike. Blazina za podporo postelje se lepo prilega hrbtu in pasu ter zmanj\u0161uje pritisk na ledveni del\/hrbet. Ta klinasta bralna blazina vam lahko pomaga, da ostanete spro\u0161\u010deni v postelji ali na kav\u010du, kar je idealno za no\u010dne ptice, knji\u017ene molje in gledanje televizije v postelji. Ta ekstra velika blazina za podporo je edina klinasta vzglavna blazina, ki lahko sprejme dve osebi.<\/li>\n<li><strong>3 v 1 velika vzglavna blazina:<\/strong> Vzglavnik lahko uporabite pokonci kot vzglavnik za oporo hrbta med sedenjem v postelji ali pa ga polo\u017eite ravno na posteljo in ga uporabite kot velik klinast vzglavnik med spanjem na hrbtu ali boku ali kot vzglavnik za dvig nog. \u010ce \u017eelite velik vzglavnik, ki nudi oporo vam in va\u0161emu zakoncu, je to odli\u010dna alternativa.<\/li>\n<li><strong>Ve\u010dnamenska zasnova:<\/strong> Nekateri uporabljajo veliko trikotno blazino kot vzglavje postelje, drugi pa jo uporabljajo kot odbija\u010d, lahko pa slu\u017ei tudi kot opora za naslonjalo kav\u010da ali postelje. Je elegantna in funkcionalna, zaradi \u010desar je odli\u010den dodatek k vsaki spalnici.<\/li>\n<li><strong>Vrhunska izdelava:<\/strong> Na\u0161a prevleka za vzglavnik je izdelana iz poliestrskega \u017eameta 100%, ki je mehak, eleganten in udoben na dotik. Oblazinjenje je izdelano iz visokokakovostnih poliestrskih vlaken visoke gostote, ki prepre\u010dujejo pove\u0161anje tudi po ve\u010dmese\u010dni uporabi. Poleg tega ima stranske \u017eepe za shranjevanje knjige ali telefona.<\/li>\n<li><strong>Enostavno \u010di\u0161\u010denje:<\/strong> Prevleka za bralno blazino je pritrjena na blazino z gumbi in jo je enostavno odstraniti z zadrgo. Zaradi tega je \u010di\u0161\u010denje enostavno. Preprosto odstranite prevleko in jo na hitro operite v pralnem stroju, da bo va\u0161a blazina videti kot nova.<\/li>\n<li><strong>Velikost:<\/strong> 45 cm (D45 x \u016020 x V50 | 0 gumbov), 60 cm (D60 x \u016020 x V50 | 0 gumbov), 80 cm (D80 x \u016020 x V50 | 2 gumba), 100 cm (D100 x \u016020 x V50 | 3 gumbi), 120 cm (D120 x \u016020 x V50 | 4 gumbi), 140 cm (D140 x \u016020 x V50 | 4 gumbi), 160 cm (D160 x \u016020 x V50 | 5 gumbov), 180 cm (D180 x \u016020 x V50 | 6 gumbov), 200 cm (D200 x \u016020 x V50 | 7 gumbov).<\/li>\n<\/ul>","protected":false},"featured_media":442,"comment_status":"open","ping_status":"closed","template":"","meta":[],"product_brand":[],"product_cat":[15],"product_tag":[66,210,206,102,75,168,132,163,143,59,120,65],"class_list":{"0":"post-459","1":"product","2":"type-product","3":"status-publish","4":"has-post-thumbnail","6":"product_cat-large-wedge-pillow","7":"product_tag-back-support-pillow","8":"product_tag-bed-bolster","9":"product_tag-bumper-pillow","10":"product_tag-couch-pillow","11":"product_tag-daybed-pillow","12":"product_tag-headboard-pillow","13":"product_tag-large-bolster-pillow","14":"product_tag-leg-pillow","15":"product_tag-multifunctional-pillow","16":"product_tag-reading-pillow","17":"product_tag-velvet-pillow","18":"product_tag-wedge-pillow","20":"first","21":"instock","22":"shipping-taxable","23":"purchasable","24":"product-type-variable"},"_links":{"self":[{"href":"https:\/\/www.largepillow.com\/sl\/wp-json\/wp\/v2\/product\/459","targetHints":{"allow":["GET"]}}],"collection":[{"href":"https:\/\/www.largepillow.com\/sl\/wp-json\/wp\/v2\/product"}],"about":[{"href":"https:\/\/www.largepillow.com\/sl\/wp-json\/wp\/v2\/types\/product"}],"replies":[{"embeddable":true,"href":"https:\/\/www.largepillow.com\/sl\/wp-json\/wp\/v2\/comments?post=459"}],"wp:featuredmedia":[{"embeddable":true,"href":"https:\/\/www.largepillow.com\/sl\/wp-json\/wp\/v2\/media\/442"}],"wp:attachment":[{"href":"https:\/\/www.largepillow.com\/sl\/wp-json\/wp\/v2\/media?parent=459"}],"wp:term":[{"taxonomy":"product_brand","embeddable":true,"href":"https:\/\/www.largepillow.com\/sl\/wp-json\/wp\/v2\/product_brand?post=459"},{"taxonomy":"product_cat","embeddable":true,"href":"https:\/\/www.largepillow.com\/sl\/wp-json\/wp\/v2\/product_cat?post=459"},{"taxonomy":"product_tag","embeddable":true,"href":"https:\/\/www.largepillow.com\/sl\/wp-json\/wp\/v2\/product_tag?post=459"}],"curies":[{"name":"wp","href":"https:\/\/api.w.org\/{rel}","templated":true}]}}