{"id":4594,"date":"2024-10-25T04:14:57","date_gmt":"2024-10-25T04:14:57","guid":{"rendered":"https:\/\/www.largepillow.com\/product\/cross-legged-meditation-chair-cushion-for-yoga-and-sitting"},"modified":"2025-05-25T11:09:42","modified_gmt":"2025-05-25T11:09:42","slug":"blazina-za-meditacijski-stol-s-prekrizanimi-nogami-za-jogo-in-sedenje","status":"publish","type":"product","link":"https:\/\/www.largepillow.com\/sl\/product\/cross-legged-meditation-chair-cushion-for-yoga-and-sitting\/","title":{"rendered":"Blazina za meditacijski stol s prekri\u017eanimi nogami za jogo in sedenje"},"content":{"rendered":"[zc_getpagecontent mb=&#8221;mb_aplus&#8221; apid=&#8221;66&#8243;]\n","protected":false},"excerpt":{"rendered":"<ul>\n<li>Ta ergonomski komplet blazin je idealen za ohranjanje zdrave dr\u017ee med sedenjem, pa naj bo to v pisarni, avtomobilu, na letalu ali celo med meditacijo. Velikost zgornje blazine je 57,6 \u00d7 54,6 cm v dol\u017eino in \u0161irino, spodnja blazina pa 36,5 \u00d7 21,5 cm. 14,5 cm debela zgornja blazina skupaj s 7,6 cm debelo spodnjo blazino zagotavlja udobje in oporo za va\u0161e boke, ledveni del in kolena med menjavo polo\u017eajev, kar u\u010dinkovito laj\u0161a pritisk na hrbet in utrujenost mi\u0161ic, ki ju povzro\u010da dolgotrajno sedenje.<\/li>\n<li>Ta komplet blazin je izdelan iz visokokakovostne oxfordske tkanine in napolnjen z visoko elasti\u010dno peno, zato je zelo gladek na otip in ponuja spro\u0161\u010dujo\u010do izku\u0161njo za boke in pas. Blazina s prekri\u017eanimi nogami omogo\u010da udobno oporo in prilagajanje dr\u017ee, kar vam omogo\u010da, da med delom ohranite stabilen polo\u017eaj sedenja s prekri\u017eanimi nogami. Z dvonivojsko zasnovo ta komplet blazin ponuja razli\u010dne udobne polo\u017eaje sedenja, kot so s prekri\u017eanimi nogami, po\u010depi, kle\u010danje in drugi. Lahko laj\u0161a bole\u010dine v kosteh in sprosti mi\u0161ice po dolgem sedenju, kar vam lahko pomaga pri delu za ra\u010dunalnikom, tipkanju, igranju iger ali celo meditaciji.<\/li>\n<li>Ta komplet blazin ponuja tudi razli\u010dne na\u010dine uporabe in funkcije. Zgornjo blazino lahko namestite na pas kot ledveno blazino za oporo ali pa jo, ko jo polo\u017eite na noge, uporabite celo kot blazino za prenosnik. Vsestranskost tega ergonomskega kompleta blazin je odli\u010dna za uporabo v zaprtih prostorih in na prostem, saj zagotavlja udobno sedenje za meditacijo ali sprostitev, kamor koli \u017ee greste. Prav tako je idealno darilo za rojstne dneve, valentinovo ali vselitvene zabave.<\/li>\n<li>Izberite ta komplet blazin za ohranjanje zdrave dr\u017ee in se poslovite od bole\u010din v hrbtu ter utrujenosti ledvene hrbtenice. Odli\u010den je za pisarni\u0161ke stole, igralne stole, avtomobilske sede\u017ee, letala, vlake, \u0161portne tribune in potovanja, saj zmanj\u0161uje pritisk na zadnjico in odpravlja nelagodje, ki ga povzro\u010da dolgotrajno sedenje. Ta udoben komplet blazin je idealen za tiste, ki doma, v pisarni ali na prostem prakticirajo meditacijo ali \u010duje\u010dnost, saj je odli\u010den tudi za dalj\u0161a obdobja uporabe in se s\u010dasoma ne bo pogreznil ali splo\u0161\u010dil.<\/li>\n<\/ul>","protected":false},"featured_media":4586,"comment_status":"open","ping_status":"closed","template":"","meta":[],"product_brand":[],"product_cat":[228],"product_tag":[],"class_list":{"0":"post-4594","1":"product","2":"type-product","3":"status-publish","4":"has-post-thumbnail","6":"product_cat-cushions","8":"first","9":"outofstock","10":"shipping-taxable","11":"purchasable","12":"product-type-simple"},"_links":{"self":[{"href":"https:\/\/www.largepillow.com\/sl\/wp-json\/wp\/v2\/product\/4594","targetHints":{"allow":["GET"]}}],"collection":[{"href":"https:\/\/www.largepillow.com\/sl\/wp-json\/wp\/v2\/product"}],"about":[{"href":"https:\/\/www.largepillow.com\/sl\/wp-json\/wp\/v2\/types\/product"}],"replies":[{"embeddable":true,"href":"https:\/\/www.largepillow.com\/sl\/wp-json\/wp\/v2\/comments?post=4594"}],"wp:featuredmedia":[{"embeddable":true,"href":"https:\/\/www.largepillow.com\/sl\/wp-json\/wp\/v2\/media\/4586"}],"wp:attachment":[{"href":"https:\/\/www.largepillow.com\/sl\/wp-json\/wp\/v2\/media?parent=4594"}],"wp:term":[{"taxonomy":"product_brand","embeddable":true,"href":"https:\/\/www.largepillow.com\/sl\/wp-json\/wp\/v2\/product_brand?post=4594"},{"taxonomy":"product_cat","embeddable":true,"href":"https:\/\/www.largepillow.com\/sl\/wp-json\/wp\/v2\/product_cat?post=4594"},{"taxonomy":"product_tag","embeddable":true,"href":"https:\/\/www.largepillow.com\/sl\/wp-json\/wp\/v2\/product_tag?post=4594"}],"curies":[{"name":"wp","href":"https:\/\/api.w.org\/{rel}","templated":true}]}}