{"id":4620,"date":"2024-10-29T01:07:52","date_gmt":"2024-10-29T01:07:52","guid":{"rendered":"https:\/\/www.largepillow.com\/product\/space-saving-ottoman-pouf-with-storage-round-comfy-for-any-room"},"modified":"2024-10-29T11:16:09","modified_gmt":"2024-10-29T11:16:09","slug":"okrogla-tabure-s-prostorom-za-prihranek-prostora-in-shrambo-udobna-za-vsako-sobo","status":"publish","type":"product","link":"https:\/\/www.largepillow.com\/sl\/product\/space-saving-ottoman-pouf-with-storage-round-comfy-for-any-room","title":{"rendered":"Prostorsko var\u010den otoman s shrambo \u2013 okrogel in udoben za vsako sobo"},"content":{"rendered":"[zc_getpagecontent mb=&#8221;mb_aplus&#8221; apid=&#8221;97&#8243;]\n","protected":false},"excerpt":{"rendered":"<ul>\n<li><strong>Inovativna zasnova:<\/strong> Na\u0161 tabure s shranjevalnim prostorom je me\u0161anica prakti\u010dnosti in lepote. Ta tabure se pona\u0161a z edinstveno trislojno zasnovo polnila, zgornjo plastjo iz mehkih poliestrskih vlaken, pove\u010dano prostornino za shranjevanje v sredini in trdno podlago iz pene visoke gostote za vzdr\u017eljivost in udobje. Popoln je za shranjevanje predmetov, ki jih potrebujete pri roki.<\/li>\n<li><strong>Vsestranski in eleganten:<\/strong> Na\u0161 okrogli tabure je vsestranski dodatek za vsak prostor. Ne glede na to, ali potrebujete dodaten sede\u017e, tabure ali preprosto eleganten okrasni element, je ta tabure idealna izbira za va\u0161o dnevno sobo, spalnico, otro\u0161ko sobo, \u0161tudentski dom, balkon ali dnevno sobo.<\/li>\n<li><strong>Priro\u010dno in enostavno za vzdr\u017eevanje:<\/strong> Ta lahka oblazinjena podloga za noge v obliki tabureja ima naslone za roke za enostavno gibanje po va\u0161em domu. Gladka zadrga omogo\u010da enostavno prilagajanje ali menjavo polnila, kar zagotavlja prilagojeno udobje in enostavno \u010di\u0161\u010denje. Nedrse\u010da spodnja zasnova zagotavlja stabilnost.<\/li>\n<li><strong>Vrhunsko udobje in vzdr\u017eljivost:<\/strong> Izkusite neprimerljivo mehkobo in udobje s premium kratko pli\u0161asto zgornjo plastjo in dolgotrajno peno visoke gostote, ki s\u010dasoma ohrani svojo obliko. Modro-belo \u010drtasta usnjena zunanjost doda pridih stila in prefinjenosti ter se brez te\u017eav zlije z vsako notranjo opremo.<\/li>\n<li><strong>Dolgotrajna podpora:<\/strong> Dostavljeno vakuumsko pakirano za u\u010dinkovito po\u0161iljanje, omogo\u010da, da se tabureji popolnoma raztegnejo do 72 ur, da dose\u017eejo optimalno velikost in udobje. V 5 dneh izkusite dolgotrajno oporo in dobro po\u010dutje, ki ga zagotavlja visokokakovostna pena, ki zagotavlja udobno in prijetno vzdu\u0161je v va\u0161em domu.<\/li>\n<\/ul>","protected":false},"featured_media":4613,"comment_status":"open","ping_status":"closed","template":"","meta":[],"product_brand":[],"product_cat":[228],"product_tag":[],"class_list":{"0":"post-4620","1":"product","2":"type-product","3":"status-publish","4":"has-post-thumbnail","6":"product_cat-cushions","8":"first","9":"instock","10":"shipping-taxable","11":"purchasable","12":"product-type-simple"},"_links":{"self":[{"href":"https:\/\/www.largepillow.com\/sl\/wp-json\/wp\/v2\/product\/4620","targetHints":{"allow":["GET"]}}],"collection":[{"href":"https:\/\/www.largepillow.com\/sl\/wp-json\/wp\/v2\/product"}],"about":[{"href":"https:\/\/www.largepillow.com\/sl\/wp-json\/wp\/v2\/types\/product"}],"replies":[{"embeddable":true,"href":"https:\/\/www.largepillow.com\/sl\/wp-json\/wp\/v2\/comments?post=4620"}],"wp:featuredmedia":[{"embeddable":true,"href":"https:\/\/www.largepillow.com\/sl\/wp-json\/wp\/v2\/media\/4613"}],"wp:attachment":[{"href":"https:\/\/www.largepillow.com\/sl\/wp-json\/wp\/v2\/media?parent=4620"}],"wp:term":[{"taxonomy":"product_brand","embeddable":true,"href":"https:\/\/www.largepillow.com\/sl\/wp-json\/wp\/v2\/product_brand?post=4620"},{"taxonomy":"product_cat","embeddable":true,"href":"https:\/\/www.largepillow.com\/sl\/wp-json\/wp\/v2\/product_cat?post=4620"},{"taxonomy":"product_tag","embeddable":true,"href":"https:\/\/www.largepillow.com\/sl\/wp-json\/wp\/v2\/product_tag?post=4620"}],"curies":[{"name":"wp","href":"https:\/\/api.w.org\/{rel}","templated":true}]}}