{"id":4670,"date":"2024-11-05T04:13:37","date_gmt":"2024-11-05T04:13:37","guid":{"rendered":"https:\/\/www.largepillow.com\/product\/wood-log-ottoman-pouf-cushion-foam-removable-cover"},"modified":"2025-11-24T01:41:33","modified_gmt":"2025-11-24T01:41:33","slug":"blazina-za-otoman-iz-lesenih-hlodov-snemljiva-pena","status":"publish","type":"product","link":"https:\/\/www.largepillow.com\/sl\/product\/wood-log-ottoman-pouf-cushion-foam-removable-cover","title":{"rendered":"Blazina za tatamino iz lesenih hlodov \u2013 pena in snemljiva prevleka"},"content":{"rendered":"[zc_getpagecontent mb=&#8221;mb_aplus&#8221; apid=&#8221;101&#8243;]\n","protected":false},"excerpt":{"rendered":"<ul>\n<li>Prepoznavna tekstura drevesa: Ta inovativni tabure v obliki drevesa z ustvarjalnim vzorcem debla iz\u017eareva slog in va\u0161emu prostoru doda tako vizualno kot funkcionalno dramati\u010dnost. Zaradi \u017eivahnih barv in vsestranske uporabe je izstopajo\u010d dodatek k vsaki postavitvi pohi\u0161tva in dvigne celotno estetiko.<\/li>\n<li>Ve\u010dnamenski in eleganten: Ta elegantna kombinirana podno\u017eka je idealna za razli\u010dne nastavitve, na primer pred umivalnikom v spalnici, kot dodaten sede\u017e ali naslon za noge, saj doda pridih elegance vsaki sobi. Uporabite jo lahko kot klubsko mizico s pladnjem za dekoracijo, zaradi \u010desar je vsestranski dekorativni kos.<\/li>\n<li>Udobje in kakovost: Ta geometrijski tabure z mehko \u017eametno prevleko in polnjen z visoko gosto peno ponuja udobno in oporo pri sedenju. Zaradi ko\u017ei prijaznih materialov in robustne konstrukcije je ta otoman idealen za vsak slog notranje opreme.<\/li>\n<li>Priro\u010dno vzdr\u017eevanje: Ta otoman s polnjenim vzglavnikom, zasnovan za notranjo uporabo, ima gladko zadrgo za enostavno odstranitev prevleke za \u010di\u0161\u010denje. Je lahek in enostaven za premikanje med prostori, kar zagotavlja brezskrbno vzdr\u017eevanje, da bo va\u0161 prostor videti sve\u017e in urejen.<\/li>\n<li>U\u010dinkovita dostava in razstavljanje: Za zagotovitev varnega in u\u010dinkovitega postopka dostave so na\u0161i tabureji vakuumsko pakirani. Za najbolj\u0161o izku\u0161njo jih preprosto pustite razgrnjene 24\u201348 ur po prihodu, s \u010dimer zagotovite, da bo va\u0161 geometrijski tabure pripravljen, da bo va\u0161 prostor povi\u0161al s stilom in udobjem.<\/li>\n<\/ul>","protected":false},"featured_media":4659,"comment_status":"open","ping_status":"closed","template":"","meta":[],"product_brand":[],"product_cat":[228],"product_tag":[],"class_list":{"0":"post-4670","1":"product","2":"type-product","3":"status-publish","4":"has-post-thumbnail","6":"product_cat-cushions","8":"first","9":"instock","10":"shipping-taxable","11":"purchasable","12":"product-type-variable","13":"has-default-attributes"},"_links":{"self":[{"href":"https:\/\/www.largepillow.com\/sl\/wp-json\/wp\/v2\/product\/4670","targetHints":{"allow":["GET"]}}],"collection":[{"href":"https:\/\/www.largepillow.com\/sl\/wp-json\/wp\/v2\/product"}],"about":[{"href":"https:\/\/www.largepillow.com\/sl\/wp-json\/wp\/v2\/types\/product"}],"replies":[{"embeddable":true,"href":"https:\/\/www.largepillow.com\/sl\/wp-json\/wp\/v2\/comments?post=4670"}],"wp:featuredmedia":[{"embeddable":true,"href":"https:\/\/www.largepillow.com\/sl\/wp-json\/wp\/v2\/media\/4659"}],"wp:attachment":[{"href":"https:\/\/www.largepillow.com\/sl\/wp-json\/wp\/v2\/media?parent=4670"}],"wp:term":[{"taxonomy":"product_brand","embeddable":true,"href":"https:\/\/www.largepillow.com\/sl\/wp-json\/wp\/v2\/product_brand?post=4670"},{"taxonomy":"product_cat","embeddable":true,"href":"https:\/\/www.largepillow.com\/sl\/wp-json\/wp\/v2\/product_cat?post=4670"},{"taxonomy":"product_tag","embeddable":true,"href":"https:\/\/www.largepillow.com\/sl\/wp-json\/wp\/v2\/product_tag?post=4670"}],"curies":[{"name":"wp","href":"https:\/\/api.w.org\/{rel}","templated":true}]}}