{"id":4865,"date":"2024-11-21T03:34:23","date_gmt":"2024-11-21T03:34:23","guid":{"rendered":"https:\/\/www.largepillow.com\/product\/round-upholstered-ottoman-modern-living-center-table"},"modified":"2024-12-13T02:58:30","modified_gmt":"2024-12-13T02:58:30","slug":"okrogla-oblazinjena-otomanska-moderna-bivalna-mizica","status":"publish","type":"product","link":"https:\/\/www.largepillow.com\/sl\/product\/round-upholstered-ottoman-modern-living-center-table","title":{"rendered":"Okrogla oblazinjena otomanka, moderna osrednja mizica"},"content":{"rendered":"[zc_getpagecontent mb=&#8221;mb_aplus&#8221; apid=&#8221;105&#8243;]\n","protected":false},"excerpt":{"rendered":"<ul>\n<li>Razko\u0161no \u2013 Polep\u0161ajte svojo dnevno sobo, sprejemnico ali sejno sobo s tem okroglim taburejem velikosti 102 cm, ki slu\u017ei kot elegantna klubska mizica. Oblazinjen je v pli\u0161ast \u017eamet in podprt z visoko gostoto pene, zato ponuja udobje in prefinjen videz, idealen za neformalna dru\u017eenja ali formalne dogodke.<\/li>\n<li>Vrhunska kakovost \u2013 Svetlo moder \u017eamet ne zagotavlja le pomirjujo\u010dega in prijetnega vizualnega u\u010dinka, temve\u010d tudi razko\u0161en ob\u010dutek, kar poudarja njegova sposobnost odbijanja svetlobe in dodajanja pridiha prefinjenosti pohi\u0161tvu; srebrno-beli rese dodajo sodoben in eleganten zaklju\u010dek ter poudarijo eleganco tabureja; ta kombinacija materiala in dizajna ustvarja izdelek, ki je estetsko prijeten in udoben.<\/li>\n<li>Vsestranska funkcija \u2013 Z vi\u0161ino 40 cm (16 palcev) ta otoman slu\u017ei dvojni vlogi kot udoben garderobni stol\u010dek ali opora za noge; njegova robustna konstrukcija in pli\u0161asta povr\u0161ina zagotavljata udobje, ne glede na to, ali se preobla\u010dite ali si spo\u010dijete noge, zaradi \u010desar je nepogre\u0161ljiv dodatek k vsakemu domu.<\/li>\n<li>Preprosta eleganca \u2013 Tabure je zasnovan za enostavno uporabo, kar odpravlja potrebo po zapleteni monta\u017ei; Preprosto ga vzemite iz embala\u017ee, \u010dez peno namestite \u017eametno prevleko in pustite 2\u20133 dni, da se pena povrne v pravilno obliko; Ta uporabniku prijazen pristop zagotavlja brezskrbno izku\u0161njo, zaradi \u010desar je pripravljen za uporabo v katerem koli prostoru va\u0161ega doma z minimalnim naporom.<\/li>\n<\/ul>","protected":false},"featured_media":4856,"comment_status":"open","ping_status":"closed","template":"","meta":[],"product_brand":[],"product_cat":[228],"product_tag":[],"class_list":{"0":"post-4865","1":"product","2":"type-product","3":"status-publish","4":"has-post-thumbnail","6":"product_cat-cushions","8":"first","9":"outofstock","10":"shipping-taxable","11":"purchasable","12":"product-type-simple"},"_links":{"self":[{"href":"https:\/\/www.largepillow.com\/sl\/wp-json\/wp\/v2\/product\/4865","targetHints":{"allow":["GET"]}}],"collection":[{"href":"https:\/\/www.largepillow.com\/sl\/wp-json\/wp\/v2\/product"}],"about":[{"href":"https:\/\/www.largepillow.com\/sl\/wp-json\/wp\/v2\/types\/product"}],"replies":[{"embeddable":true,"href":"https:\/\/www.largepillow.com\/sl\/wp-json\/wp\/v2\/comments?post=4865"}],"wp:featuredmedia":[{"embeddable":true,"href":"https:\/\/www.largepillow.com\/sl\/wp-json\/wp\/v2\/media\/4856"}],"wp:attachment":[{"href":"https:\/\/www.largepillow.com\/sl\/wp-json\/wp\/v2\/media?parent=4865"}],"wp:term":[{"taxonomy":"product_brand","embeddable":true,"href":"https:\/\/www.largepillow.com\/sl\/wp-json\/wp\/v2\/product_brand?post=4865"},{"taxonomy":"product_cat","embeddable":true,"href":"https:\/\/www.largepillow.com\/sl\/wp-json\/wp\/v2\/product_cat?post=4865"},{"taxonomy":"product_tag","embeddable":true,"href":"https:\/\/www.largepillow.com\/sl\/wp-json\/wp\/v2\/product_tag?post=4865"}],"curies":[{"name":"wp","href":"https:\/\/api.w.org\/{rel}","templated":true}]}}