{"id":4881,"date":"2024-11-21T04:01:01","date_gmt":"2024-11-21T04:01:01","guid":{"rendered":"https:\/\/www.largepillow.com\/product\/versatile-fold-out-couch-chair-bed-for-home-outdoor"},"modified":"2024-12-13T02:58:30","modified_gmt":"2024-12-13T02:58:30","slug":"vsestranski-zlozljivi-kavc-postelja-za-dom-in-zunanjost","status":"publish","type":"product","link":"https:\/\/www.largepillow.com\/sl\/product\/versatile-fold-out-couch-chair-bed-for-home-outdoor\/","title":{"rendered":"Vsestranski zlo\u017eljivi kav\u010d in fotelj za dom\/na prostem"},"content":{"rendered":"[zc_getpagecontent mb=&#8221;mb_aplus&#8221; apid=&#8221;107&#8243;]\n","protected":false},"excerpt":{"rendered":"<ul>\n<li>Visokokakovostni materiali: Na\u0161 zlo\u017eljivi kav\u010d je izdelan iz prevleke iz oxfordske tkanine, ki je hkrati trpe\u017ena, vodoodporna in enostavna za \u010di\u0161\u010denje. Poliestrsko polnilo vam omogo\u010da, da se pogreznete v tla in nudi odli\u010dno oporo za hrbet med dolgim sedenjem ali le\u017eanjem, kar zagotavlja udobno in spro\u0161\u010dujo\u010do izku\u0161njo.<\/li>\n<li>Vsestranska in prostorsko var\u010dna zasnova: Na\u0161 zlo\u017eljivi kav\u010d se brez te\u017eav preoblikuje med stoje\u010dim kav\u010dem, le\u017ealnikom in raztegljivim kav\u010dem, kar ustreza va\u0161im raznolikim potrebam. Lahek in zlo\u017eljiv fotelj omogo\u010da enostavno premikanje, zlaganje, shranjevanje in prenosljivost. Je idealna izbira za majhna stanovanja, spalnice ali kateri koli bivalni prostor z omejenim prostorom. Z zdru\u017eitvijo funkcionalnosti kav\u010da in vzmetnice v en sam kos lahko pove\u010date svoj prostor, ne da bi pri tem \u017ertvovali udobje.<\/li>\n<li>Nastavljiv in varen hrbet: Nastavljiv hrbet omogo\u010da tudi enostavno prilagajanje glede na va\u0161e posebne \u017eelje. Omogo\u010da vam premikanje naprej ali nazaj za oporo zgornjega dela hrbta in glave, kar zagotavlja udobno oporo, ne glede na to, ali le\u017eite med po\u010ditkom ali sedite med branjem. Spodbuja zdravo dr\u017eo in zmanj\u0161uje nelagodje.<\/li>\n<li>Vrhunski materiali in enostavna namestitev: Zunanja prevleka raztegljivega kav\u010da je izdelana iz oksfordske tkanine, kar zagotavlja udobno dolgotrajno izku\u0161njo. Prevleka z zadrgo je enostavno snemljiva in pralna, kar poenostavlja vzdr\u017eevanje.<\/li>\n<li>Vakuumsko stiskanje: Za zagotovitev u\u010dinkovitega transporta je na\u0161 kav\u010d na tleh vakuumsko pakiran in se lahko ob odprtju rahlo deformira. Lahko poskusite kav\u010d potrepljati, da hitro povrne svojo obliko. Bodite prepri\u010dani, da bo kav\u010d na tleh v 48\u201372 urah po razpakiranju povrnil svojo prvotno obliko in nudil najbolj\u0161o uporabni\u0161ko izku\u0161njo.<\/li>\n<\/ul>","protected":false},"featured_media":4866,"comment_status":"open","ping_status":"closed","template":"","meta":[],"product_brand":[],"product_cat":[228],"product_tag":[],"class_list":{"0":"post-4881","1":"product","2":"type-product","3":"status-publish","4":"has-post-thumbnail","6":"product_cat-cushions","8":"first","9":"outofstock","10":"shipping-taxable","11":"purchasable","12":"product-type-simple"},"_links":{"self":[{"href":"https:\/\/www.largepillow.com\/sl\/wp-json\/wp\/v2\/product\/4881","targetHints":{"allow":["GET"]}}],"collection":[{"href":"https:\/\/www.largepillow.com\/sl\/wp-json\/wp\/v2\/product"}],"about":[{"href":"https:\/\/www.largepillow.com\/sl\/wp-json\/wp\/v2\/types\/product"}],"replies":[{"embeddable":true,"href":"https:\/\/www.largepillow.com\/sl\/wp-json\/wp\/v2\/comments?post=4881"}],"wp:featuredmedia":[{"embeddable":true,"href":"https:\/\/www.largepillow.com\/sl\/wp-json\/wp\/v2\/media\/4866"}],"wp:attachment":[{"href":"https:\/\/www.largepillow.com\/sl\/wp-json\/wp\/v2\/media?parent=4881"}],"wp:term":[{"taxonomy":"product_brand","embeddable":true,"href":"https:\/\/www.largepillow.com\/sl\/wp-json\/wp\/v2\/product_brand?post=4881"},{"taxonomy":"product_cat","embeddable":true,"href":"https:\/\/www.largepillow.com\/sl\/wp-json\/wp\/v2\/product_cat?post=4881"},{"taxonomy":"product_tag","embeddable":true,"href":"https:\/\/www.largepillow.com\/sl\/wp-json\/wp\/v2\/product_tag?post=4881"}],"curies":[{"name":"wp","href":"https:\/\/api.w.org\/{rel}","templated":true}]}}