{"id":4896,"date":"2024-11-21T04:08:35","date_gmt":"2024-11-21T04:08:35","guid":{"rendered":"https:\/\/www.largepillow.com\/product\/large-shell-shaped-cat-couch-modern-cat-bed"},"modified":"2025-02-02T16:24:37","modified_gmt":"2025-02-02T16:24:37","slug":"velika-macja-postelja-v-obliki-skoljke-moderna-macja-postelja","status":"publish","type":"product","link":"https:\/\/www.largepillow.com\/sl\/product\/large-shell-shaped-cat-couch-modern-cat-bed","title":{"rendered":"Velik ma\u010dji kav\u010d v obliki \u0161koljke \u2013 moderna ma\u010dja postelja"},"content":{"rendered":"[zc_getpagecontent mb=&#8221;mb_aplus&#8221; apid=&#8221;100&#8243;]\n","protected":false},"excerpt":{"rendered":"<ul>\n<li>Oblika, navdihnjena z \u0161koljkami: Ta ma\u010dja postelja ima edinstveno obliko, navdihnjeno z \u0161koljkami, ki ne le izgleda estetsko privla\u010dno, ampak tudi zagotavlja prijetno in udobno okolje za va\u0161o ma\u010dko.<\/li>\n<li>Odprta in polzaprta: Z odprto zasnovo, ki omogo\u010da enostaven dostop in izstop, ma\u010dja postelja ponuja tudi stranske \u0161\u010ditnike, ki zagotavljajo potrebno zasebnost in varnost za va\u0161o ma\u010dko. Ta kombinacija zadovoljuje potrebe ma\u010dk po zasebnem prostoru, hkrati pa omogo\u010da interakcijo in opazovanje lastnika.<\/li>\n<li>Prostorna notranjost: Z dimenzijami 76 x 63 cm (30 x 25 palcev) velika ma\u010dja postelja ponuja dovolj prostora za udoben po\u010ditek velikih ma\u010dk ali dveh ma\u010dk. Zaradi te velikodu\u0161ne velikosti se lahko tudi najve\u010dje ma\u010dke raztegnejo in sprostijo, ne da bi se po\u010dutile utesnjene.<\/li>\n<li>Udobni materiali: Notranjost ma\u010dje postelje je podlo\u017eena z mehkim flisom za ne\u017een dotik ma\u010dje dlake, polnilo pa je iz gobe za dodatno udobje in vzdr\u017eljivost; zunanjost je izdelana iz zra\u010dnega oksfordskega materiala, dno pa ima nedrse\u010do zasnovo za zagotavljanje varnosti in udobja med uporabo.<\/li>\n<li>Enostavno \u010di\u0161\u010denje in vzdr\u017eevanje: Odstranljiva blazina ma\u010dje postelje omogo\u010da enostavno \u010di\u0161\u010denje, saj pomaga ohranjati postelje higiensko in sve\u017eo. Ta zasnova poenostavlja vzdr\u017eevanje ma\u010dje postelje in podalj\u0161uje njeno \u017eivljenjsko dobo.<\/li>\n<\/ul>","protected":false},"featured_media":4882,"comment_status":"open","ping_status":"closed","template":"","meta":[],"product_brand":[],"product_cat":[227],"product_tag":[],"class_list":{"0":"post-4896","1":"product","2":"type-product","3":"status-publish","4":"has-post-thumbnail","6":"product_cat-pet-supplies","8":"first","9":"instock","10":"shipping-taxable","11":"purchasable","12":"product-type-variable","13":"has-default-attributes"},"_links":{"self":[{"href":"https:\/\/www.largepillow.com\/sl\/wp-json\/wp\/v2\/product\/4896","targetHints":{"allow":["GET"]}}],"collection":[{"href":"https:\/\/www.largepillow.com\/sl\/wp-json\/wp\/v2\/product"}],"about":[{"href":"https:\/\/www.largepillow.com\/sl\/wp-json\/wp\/v2\/types\/product"}],"replies":[{"embeddable":true,"href":"https:\/\/www.largepillow.com\/sl\/wp-json\/wp\/v2\/comments?post=4896"}],"wp:featuredmedia":[{"embeddable":true,"href":"https:\/\/www.largepillow.com\/sl\/wp-json\/wp\/v2\/media\/4882"}],"wp:attachment":[{"href":"https:\/\/www.largepillow.com\/sl\/wp-json\/wp\/v2\/media?parent=4896"}],"wp:term":[{"taxonomy":"product_brand","embeddable":true,"href":"https:\/\/www.largepillow.com\/sl\/wp-json\/wp\/v2\/product_brand?post=4896"},{"taxonomy":"product_cat","embeddable":true,"href":"https:\/\/www.largepillow.com\/sl\/wp-json\/wp\/v2\/product_cat?post=4896"},{"taxonomy":"product_tag","embeddable":true,"href":"https:\/\/www.largepillow.com\/sl\/wp-json\/wp\/v2\/product_tag?post=4896"}],"curies":[{"name":"wp","href":"https:\/\/api.w.org\/{rel}","templated":true}]}}