{"id":5214,"date":"2024-12-12T11:21:21","date_gmt":"2024-12-12T11:21:21","guid":{"rendered":"https:\/\/www.largepillow.com\/product\/full-body-u-shape-pillow-for-side-sleepers-reading"},"modified":"2026-04-29T14:46:42","modified_gmt":"2026-04-29T14:46:42","slug":"vzglavnik-v-obliki-crke-u-za-celo-telo-primeren-za-branje-pri-spanju-na-boku","status":"publish","type":"product","link":"https:\/\/www.largepillow.com\/sl\/product\/full-body-u-shape-pillow-for-side-sleepers-reading","title":{"rendered":"Vzglavnik v obliki \u010drke U za celo telo, primeren za spanje na boku in branje"},"content":{"rendered":"[zc_getpagecontent mb=&#8221;mb_aplus&#8221; apid=&#8221;108&#8243;]\n","protected":false},"excerpt":{"rendered":"<ul>\n<li>Blazina za podporo celotnega telesa: Zasnovana po ergonomskih na\u010delih, se popolnoma prilega telesnim linijam in u\u010dinkovito laj\u0161a pritisk na vrat, hrbet in spodnji del hrbta. Njena edinstvena oblika zagotavlja oporo od glave do nog, kar zagotavlja sprostitev celotnega telesa in pomaga pri laj\u0161anju utrujenosti.<\/li>\n<li>Ve\u010dnamenska izku\u0161nja udobja: Ne slu\u017ei le kot vzglavnik za spanje na boku, temve\u010d lahko deluje tudi kot naslonjalo za sedenje v postelji med branjem, gledanjem televizije ali spro\u0161\u010danjem, kar ustreza razli\u010dnim potrebam po udobju. Ne glede na to, ali spite na boku, na hrbtu ali imate raje polle\u017ee\u010di polo\u017eaj, zagotavlja popolno raven opore.<\/li>\n<li>Dvostranska tkanina: Izdelana iz dvoslojne tkanine, ki vsebuje hladilno svilo in pli\u0161ast \u017eamet. Svilena stran je gladka in zra\u010dna ter ponuja odli\u010den otipni ob\u010dutek, \u017eametna stran pa je mehka in prijetna na dotik ter zagotavlja topel ob\u010dutek. Vzglavnik je izdelan iz svilene tkanine za ve\u010dje udobje in prijetno spalno okolje.<\/li>\n<li>Primerno za razli\u010dne skupine: Za nose\u010dnice ta blazina nudi dodatno oporo trebuhu in hrbtu ter laj\u0161a nelagodje med nose\u010dnostjo. Od te blazine lahko koristijo tudi starej\u0161i posamezniki in tisti, ki trpijo zaradi bole\u010din v hrbtu ali spodnjem delu hrbta, saj dobijo udobno oporo za laj\u0161anje bole\u010din in pritiska v telesu.<\/li>\n<li>Material in polnilo: Polnjeno z mehkim in udobnim PP bomba\u017eem, ki zagotavlja mehkobo in oporo blazine. Opremljeno z zadrgo za enostavno demonta\u017eo in \u010di\u0161\u010denje.<\/li>\n<\/ul>","protected":false},"featured_media":5202,"comment_status":"open","ping_status":"closed","template":"","meta":[],"product_brand":[],"product_cat":[228],"product_tag":[],"class_list":{"0":"post-5214","1":"product","2":"type-product","3":"status-publish","4":"has-post-thumbnail","6":"product_cat-cushions","8":"first","9":"instock","10":"sold-individually","11":"shipping-taxable","12":"purchasable","13":"product-type-simple"},"_links":{"self":[{"href":"https:\/\/www.largepillow.com\/sl\/wp-json\/wp\/v2\/product\/5214","targetHints":{"allow":["GET"]}}],"collection":[{"href":"https:\/\/www.largepillow.com\/sl\/wp-json\/wp\/v2\/product"}],"about":[{"href":"https:\/\/www.largepillow.com\/sl\/wp-json\/wp\/v2\/types\/product"}],"replies":[{"embeddable":true,"href":"https:\/\/www.largepillow.com\/sl\/wp-json\/wp\/v2\/comments?post=5214"}],"wp:featuredmedia":[{"embeddable":true,"href":"https:\/\/www.largepillow.com\/sl\/wp-json\/wp\/v2\/media\/5202"}],"wp:attachment":[{"href":"https:\/\/www.largepillow.com\/sl\/wp-json\/wp\/v2\/media?parent=5214"}],"wp:term":[{"taxonomy":"product_brand","embeddable":true,"href":"https:\/\/www.largepillow.com\/sl\/wp-json\/wp\/v2\/product_brand?post=5214"},{"taxonomy":"product_cat","embeddable":true,"href":"https:\/\/www.largepillow.com\/sl\/wp-json\/wp\/v2\/product_cat?post=5214"},{"taxonomy":"product_tag","embeddable":true,"href":"https:\/\/www.largepillow.com\/sl\/wp-json\/wp\/v2\/product_tag?post=5214"}],"curies":[{"name":"wp","href":"https:\/\/api.w.org\/{rel}","templated":true}]}}