{"id":5227,"date":"2024-12-12T11:42:44","date_gmt":"2024-12-12T11:42:44","guid":{"rendered":"https:\/\/www.largepillow.com\/product\/comfort-u-shape-pillow-for-full-body-support"},"modified":"2026-01-28T20:24:19","modified_gmt":"2026-01-28T20:24:19","slug":"udobna-blazina-v-obliki-crke-u-za-oporo-celotnega-telesa","status":"publish","type":"product","link":"https:\/\/www.largepillow.com\/sl\/product\/comfort-u-shape-pillow-for-full-body-support","title":{"rendered":"Udobna blazina v obliki \u010drke U za oporo celotnega telesa"},"content":{"rendered":"[zc_getpagecontent mb=&#8221;mb_aplus&#8221; apid=&#8221;108&#8243;]\n","protected":false},"excerpt":{"rendered":"<ul>\n<li>Inovativna oblika: Na\u0161e blazine za spanje na boku za odrasle imajo edinstveno konstrukcijo iz dveh materialov, s toplim kratkim pli\u0161em na sprednji strani in hladno ledeno svilo na hrbtni strani. Ta oblika zagotavlja udobje skozi vse leto in vas ovije v ne\u017een objem. Idealna tako za mo\u0161ke kot za \u017eenske, svilena tkanina v bli\u017eini obraza zmanj\u0161uje trenje, ohranja hladen ob\u010dutek in izbolj\u0161uje spanec.<\/li>\n<li>Prilagojena podpora: Oblika pasu vzglavnika v obliki \u010drke U zagotavlja odli\u010dno oporo, ne glede na to, ali spite na boku ali le\u017eite na ravni povr\u0161ini, ter nudi za\u0161\u010dito za pas, trebuh in hrbet. Poleg tega zasnova s podalj\u0161kom za noge pove\u010duje udobje nog, medtem ko se vzglavnik za spanje na boku, zasnovan posebej za tiste, ki spijo na boku, prilagaja naravni krivulji nog za optimalno oporo.<\/li>\n<li>Vrhunsko udobje: Z na\u0161o blazino za spanje na boku do\u017eivite najudobnej\u0161i spalni polo\u017eaj. Ponuja celovito oporo za va\u0161o glavo, hrbet, noge in trebuh, s \u010dimer laj\u0161a pritisk na glavo, vrat, ramena, roke, hrbtenico in kolena ter spodbuja miren spanec.<\/li>\n<li>Vsestranska uporaba: Ta vzglavnik za spanje na boku ni le vrhunski pripomo\u010dek za spanje, temve\u010d je tudi vsestranski. Uporabite ga lahko za ustvarjanje udobnega koti\u010dka na postelji, kav\u010du, zofi ali tleh, ki nudi dodatno oporo pri dejavnostih, kot sta gledanje televizije ali sprostitev. Idealen je za dojenje, slu\u017ei kot bralna blazina za pisarni\u0161ke delavce ali kot pooperativna opora, kadar je to potrebno.<\/li>\n<li>Enostavno vzdr\u017eevanje: Ta vzglavnik v obliki \u010drke U, napolnjen z mehkimi in nastavljivimi poliestrskimi vlakni, zagotavlja miren in udoben no\u010dni po\u010ditek. Tako notranja kot zunanja prevleka za vzglavnik imata zadrge za enostavno odstranjevanje in \u010di\u0161\u010denje. Prevleko za vzglavnik za odrasle preprosto vrzite v standardni pralni in su\u0161ilni stroj za brezskrbno vzdr\u017eevanje. U\u017eivajte v dolgotrajni \u010disto\u010di in udobju.<\/li>\n<\/ul>","protected":false},"featured_media":5215,"comment_status":"open","ping_status":"closed","template":"","meta":[],"product_brand":[],"product_cat":[228],"product_tag":[],"class_list":{"0":"post-5227","1":"product","2":"type-product","3":"status-publish","4":"has-post-thumbnail","6":"product_cat-cushions","8":"first","9":"instock","10":"sold-individually","11":"shipping-taxable","12":"purchasable","13":"product-type-simple"},"_links":{"self":[{"href":"https:\/\/www.largepillow.com\/sl\/wp-json\/wp\/v2\/product\/5227","targetHints":{"allow":["GET"]}}],"collection":[{"href":"https:\/\/www.largepillow.com\/sl\/wp-json\/wp\/v2\/product"}],"about":[{"href":"https:\/\/www.largepillow.com\/sl\/wp-json\/wp\/v2\/types\/product"}],"replies":[{"embeddable":true,"href":"https:\/\/www.largepillow.com\/sl\/wp-json\/wp\/v2\/comments?post=5227"}],"wp:featuredmedia":[{"embeddable":true,"href":"https:\/\/www.largepillow.com\/sl\/wp-json\/wp\/v2\/media\/5215"}],"wp:attachment":[{"href":"https:\/\/www.largepillow.com\/sl\/wp-json\/wp\/v2\/media?parent=5227"}],"wp:term":[{"taxonomy":"product_brand","embeddable":true,"href":"https:\/\/www.largepillow.com\/sl\/wp-json\/wp\/v2\/product_brand?post=5227"},{"taxonomy":"product_cat","embeddable":true,"href":"https:\/\/www.largepillow.com\/sl\/wp-json\/wp\/v2\/product_cat?post=5227"},{"taxonomy":"product_tag","embeddable":true,"href":"https:\/\/www.largepillow.com\/sl\/wp-json\/wp\/v2\/product_tag?post=5227"}],"curies":[{"name":"wp","href":"https:\/\/api.w.org\/{rel}","templated":true}]}}