{"id":5237,"date":"2024-12-12T12:30:19","date_gmt":"2024-12-12T12:30:19","guid":{"rendered":"https:\/\/www.largepillow.com\/product\/cute-seashell-bean-bag-chair-for-teens-and-adults"},"modified":"2024-12-13T02:58:31","modified_gmt":"2024-12-13T02:58:31","slug":"ljubek-stolcek-iz-skoljk-za-najstnike-in-odrasle","status":"publish","type":"product","link":"https:\/\/www.largepillow.com\/sl\/product\/cute-seashell-bean-bag-chair-for-teens-and-adults","title":{"rendered":"Simpati\u010den stol\u010dek iz \u0161koljk za najstnike in odrasle"},"content":{"rendered":"[zc_getpagecontent mb=&#8221;mb_aplus&#8221; apid=&#8221;109&#8243;]\n","protected":false},"excerpt":{"rendered":"<ul>\n<li>Oblika, navdihnjena z morskimi \u0161koljkami \u2013 Na\u0161a vre\u010da za branje, izdelana z edinstvenim dizajnom morskih \u0161koljk, je \u010dudovita me\u0161anica oblike in funkcionalnosti. Njeno 120-stopinjsko odpiranje posnema naravno krivuljo \u0161koljke in zagotavlja prijeten objem za sprostitev; \u017eivahna zelena prevleka prikli\u010de bistvo oceana, medtem ko blazine v obliki pol\u0161koljke in biserov dodajo pridih obalnega \u0161arma, zaradi \u010desar je popoln osrednji del vsake obalne sobe.<\/li>\n<li>Za dekleta in \u017eenske \u2013 Ta talni stol, zasnovan z mislijo na \u017eensko eleganco in igrivost deklet, ponuja vsestransko mo\u017enost sedenja, ki je privla\u010dna za vse starosti; njegova mehka in vabljiva narava je kot nala\u0161\u010d za spalnico najstnice.<\/li>\n<li>Dekoracija za dom na pla\u017ei \u2013 Sprejmite \u017eivljenjski slog na pla\u017ei z na\u0161im le\u017ealnikom s pla\u017eno in oceansko tematiko. Ni le sede\u017e, temve\u010d izjemen kos, ki v notranjost vna\u0161a spokojnost morja; Oblikovanje je navdihnjeno z naravno lepoto oceana, z barvno paleto, ki odra\u017ea bujno zelenje morskih rastlin in neokrnjeno belino oceanskih biserov.<\/li>\n<li>Bralni koti\u010dek \u2013 Ta fotelj za dnevno sobo je idealen za branje in sprostitev v zaprtih prostorih in ponuja prijeten koti\u010dek, ki vas spodbuja, da se upo\u010dasnite in sprostite. Potopite se v njegov mehak objem z dobro knjigo ali preprosto u\u017eivate v mirnem \u010dasu. Zaradi svoje velikosti in udobne zasnove je idealen kraj, kjer se lahko zvijete in izgubite v mislih, saj zagotavlja popolno ravnovesje med oporo in udobjem za spro\u0161\u010deno popoldne doma.<\/li>\n<li>Oblazinjeno udobje \u2013 Na\u0161 udoben stol, ki meri 112 x 102 x 76 cm, je prostoren tako za otroke kot odrasle. Polnjen je z visokokakovostnim PP bomba\u017eem in ponuja mehko in oporo pri sedenju, ki se prilega obliki va\u0161ega telesa ter zagotavlja maksimalno udobje med dolgim branjem ali lenobnim spro\u0161\u010danjem ob koncu tedna. Trpe\u017ena in enostavna za \u010di\u0161\u010denje prevleka ni le elegantna, ampak tudi prakti\u010dna, zaradi \u010desar je pametna izbira za vsak dom.<\/li>\n<\/ul>","protected":false},"featured_media":5229,"comment_status":"open","ping_status":"closed","template":"","meta":[],"product_brand":[],"product_cat":[228],"product_tag":[],"class_list":{"0":"post-5237","1":"product","2":"type-product","3":"status-publish","4":"has-post-thumbnail","6":"product_cat-cushions","8":"first","9":"instock","10":"sale","11":"shipping-taxable","12":"purchasable","13":"product-type-simple"},"_links":{"self":[{"href":"https:\/\/www.largepillow.com\/sl\/wp-json\/wp\/v2\/product\/5237","targetHints":{"allow":["GET"]}}],"collection":[{"href":"https:\/\/www.largepillow.com\/sl\/wp-json\/wp\/v2\/product"}],"about":[{"href":"https:\/\/www.largepillow.com\/sl\/wp-json\/wp\/v2\/types\/product"}],"replies":[{"embeddable":true,"href":"https:\/\/www.largepillow.com\/sl\/wp-json\/wp\/v2\/comments?post=5237"}],"wp:featuredmedia":[{"embeddable":true,"href":"https:\/\/www.largepillow.com\/sl\/wp-json\/wp\/v2\/media\/5229"}],"wp:attachment":[{"href":"https:\/\/www.largepillow.com\/sl\/wp-json\/wp\/v2\/media?parent=5237"}],"wp:term":[{"taxonomy":"product_brand","embeddable":true,"href":"https:\/\/www.largepillow.com\/sl\/wp-json\/wp\/v2\/product_brand?post=5237"},{"taxonomy":"product_cat","embeddable":true,"href":"https:\/\/www.largepillow.com\/sl\/wp-json\/wp\/v2\/product_cat?post=5237"},{"taxonomy":"product_tag","embeddable":true,"href":"https:\/\/www.largepillow.com\/sl\/wp-json\/wp\/v2\/product_tag?post=5237"}],"curies":[{"name":"wp","href":"https:\/\/api.w.org\/{rel}","templated":true}]}}