{"id":538,"date":"2022-09-16T02:24:42","date_gmt":"2022-09-16T02:24:42","guid":{"rendered":"https:\/\/www.largepillow.com\/product\/large-bolster-pillow"},"modified":"2025-11-05T02:15:31","modified_gmt":"2025-11-05T02:15:31","slug":"velika-klinasta-blazina-za-vzglavnik","status":"publish","type":"product","link":"https:\/\/www.largepillow.com\/sl\/product\/large-wedge-bolster-pillow","title":{"rendered":"Velika klinasta blazina za vzglavnik"},"content":{"rendered":"<p>Prepustite se udobju z vrhunsko veliko blazino za vzglavnik Wedge<\/p>\n<p>I\u0161\u010dete vzglavno blazino, ki nudi izjemno udobje in oporo? Ne i\u0161\u010dite dlje kot velika klinasta blazina. Ta vsestranska blazina ponuja vrsto prednosti, zaradi katerih bo va\u0161 \u010das v postelji ali na kav\u010du pravi u\u017eitek.<\/p>\n<p>Vrhunsko udobje in podpora<\/p>\n<p>Trikotna oblika blazine Large Wedge Bolster se popolnoma prilega konturam va\u0161ega hrbta in pasu ter zmanj\u0161uje pritisk na ledveni del in hrbet. Ne glede na to, ali berete knjigo, delate pozno v no\u010d ali gledate televizijo, vas bo ta blazina sprostila in vam zagotovila udobje. Prav tako je dovolj velika, da sprejme dve osebi, zato je odli\u010dna izbira za pare.<\/p>\n<p>Vsestranskost 3 v 1<\/p>\n<p>Velika klinasta blazina za vzglavje ni le vzglavnik. Je tudi vsestranski dodatek, ki ga lahko uporabite kot klinasto blazino za spanje, blazino za noge za dvignjen polo\u017eaj ali celo kot odbija\u010d za dodatno udobje. Mo\u017enosti so neskon\u010dne!<\/p>\n<p>Vrhunska izdelava in dizajn<\/p>\n<p>Vzglavnik Large Wedge Bolster je izdelan s skrbno pozornostjo do detajlov in je izdelan iz visokokakovostnih materialov. Mehka, elegantna \u017eametna prevleka je ne\u017ena na dotik, polnilo iz poliestrskih vlaken visoke gostote pa zagotavlja izjemno oporo, ki se s\u010dasoma ne bo povesila. Poleg tega stranski \u017eepi ponujajo priro\u010dno shranjevanje knjige ali telefona.<\/p>\n<p>Enostavno vzdr\u017eevanje<\/p>\n<p>Vzdr\u017eevanje velikega vzglavnika Wedge je izjemno preprosto. Prevleka za vzglavnik je snemljiva z gumbi in ima skrito zadrgo za enostavno \u010di\u0161\u010denje. Preprosto odstranite prevleko in jo vrzite v pralni stroj za hitro osve\u017eitev.<\/p>\n<p>Pri\u010devanja strank<\/p>\n<p>\u201cTa blazina je prelomnica! Vedno sem imela te\u017eave z iskanjem blazine za vzglavje postelje, ki bi nudila pravo mero opore, ampak ta je popolna. Je tako udobna in mi je resni\u010dno pomagala izbolj\u0161ati dr\u017eo.\u201d \u2013 Karen, zadovoljna stranka<\/p>\n<p>\u201cV\u0161e\u010d mi je vsestranskost te blazine. Je odli\u010dna za vzglavje postelje, uporabljam pa jo tudi kot klinasto blazino med spanjem in kot blazino za noge, ko se spro\u0161\u010dam. Kakovost je neverjetna in po mesecih uporabe se je dobro obnesla.\u201d \u2013 Sarah, \u0161e ena zadovoljna stranka<\/p>\n<p>Zaklju\u010dek<\/p>\n<p>Vzglavnik Large Wedge Bolster je odli\u010dna izbira za vse, ki i\u0161\u010dejo udoben, podporen in vsestranski vzglavnik. Z vrhunsko izdelavo, funkcionalnostjo 3 v 1 in enostavnim vzdr\u017eevanjem je to nalo\u017eba, ki bo izbolj\u0161ala va\u0161 \u010das sprostitve \u0161e vrsto let. Naro\u010dite svojega \u0161e danes in do\u017eivite vrhunsko udobje in oporo!<\/p>","protected":false},"excerpt":{"rendered":"<ul>\n<li><strong>Vrhunsko udobje:<\/strong> Ta vzglavna blazina nudi odli\u010dno udobje zaradi svoje trikotne oblike. Blazina za podporo postelje se lepo prilega hrbtu in pasu ter zmanj\u0161uje pritisk na ledveni del\/hrbet. Ta klinasta bralna blazina vam lahko pomaga, da ostanete spro\u0161\u010deni v postelji ali na kav\u010du, kar je idealno za no\u010dne ptice, knji\u017ene molje in gledanje televizije v postelji. Ta ekstra velika blazina za podporo je edina klinasta vzglavna blazina, ki lahko sprejme dve osebi.<\/li>\n<li><strong>3 v 1 velika vzglavna blazina:<\/strong> Vzglavnik lahko uporabite pokonci kot vzglavnik za oporo hrbta med sedenjem v postelji ali pa ga polo\u017eite ravno na posteljo in ga uporabite kot velik klinast vzglavnik med spanjem na hrbtu ali boku ali kot vzglavnik za dvig nog. \u010ce \u017eelite velik vzglavnik, ki nudi oporo vam in va\u0161emu zakoncu, je to odli\u010dna alternativa.<\/li>\n<li><strong>Ve\u010dnamenska zasnova:<\/strong> Nekateri uporabljajo veliko trikotno blazino kot vzglavje postelje, drugi pa jo uporabljajo kot odbija\u010d, lahko pa slu\u017ei tudi kot opora za naslonjalo kav\u010da ali postelje. Je elegantna in funkcionalna, zaradi \u010desar je odli\u010den dodatek k vsaki spalnici.<\/li>\n<li><strong>Vrhunska izdelava:<\/strong> Na\u0161a prevleka za vzglavnik je izdelana iz poliestrskega \u017eameta 100%, ki je mehak, eleganten in udoben na dotik. Oblazinjenje je izdelano iz visokokakovostnih poliestrskih vlaken visoke gostote, ki prepre\u010dujejo pove\u0161anje tudi po ve\u010dmese\u010dni uporabi. Poleg tega ima stranske \u017eepe za shranjevanje knjige ali telefona.<\/li>\n<li><strong>Enostavno \u010di\u0161\u010denje:<\/strong> Prevleka za bralno blazino je pritrjena na blazino z gumbi in jo je enostavno odstraniti z zadrgo. Zaradi tega je \u010di\u0161\u010denje enostavno. Preprosto odstranite prevleko in jo na hitro operite v pralnem stroju, da bo va\u0161a blazina videti kot nova.<\/li>\n<li><strong>Velikost:<\/strong> 45 cm (D45 x \u016020 x V50 | 0 gumbov), 60 cm (D60 x \u016020 x V50 | 0 gumbov), 80 cm (D80 x \u016020 x V50 | 2 gumba), 100 cm (D100 x \u016020 x V50 | 3 gumbi), 120 cm (D120 x \u016020 x V50 | 4 gumbi), 140 cm (D140 x \u016020 x V50 | 4 gumbi), 160 cm (D160 x \u016020 x V50 | 5 gumbov), 180 cm (D180 x \u016020 x V50 | 6 gumbov), 200 cm (D200 x \u016020 x V50 | 7 gumbov).<\/li>\n<\/ul>","protected":false},"featured_media":522,"comment_status":"open","ping_status":"closed","template":"","meta":[],"product_brand":[],"product_cat":[15],"product_tag":[66,70,102,75,168,202,163,112,143,59],"class_list":{"0":"post-538","1":"product","2":"type-product","3":"status-publish","4":"has-post-thumbnail","6":"product_cat-large-wedge-pillow","7":"product_tag-back-support-pillow","8":"product_tag-bed-wedge-pillow","9":"product_tag-couch-pillow","10":"product_tag-daybed-pillow","11":"product_tag-headboard-pillow","12":"product_tag-large-wedge-bolster-pillow","13":"product_tag-leg-pillow","14":"product_tag-lumbar-support-pillow","15":"product_tag-multifunctional-pillow","16":"product_tag-reading-pillow","18":"first","19":"instock","20":"featured","21":"shipping-taxable","22":"purchasable","23":"product-type-variable"},"_links":{"self":[{"href":"https:\/\/www.largepillow.com\/sl\/wp-json\/wp\/v2\/product\/538","targetHints":{"allow":["GET"]}}],"collection":[{"href":"https:\/\/www.largepillow.com\/sl\/wp-json\/wp\/v2\/product"}],"about":[{"href":"https:\/\/www.largepillow.com\/sl\/wp-json\/wp\/v2\/types\/product"}],"replies":[{"embeddable":true,"href":"https:\/\/www.largepillow.com\/sl\/wp-json\/wp\/v2\/comments?post=538"}],"wp:featuredmedia":[{"embeddable":true,"href":"https:\/\/www.largepillow.com\/sl\/wp-json\/wp\/v2\/media\/522"}],"wp:attachment":[{"href":"https:\/\/www.largepillow.com\/sl\/wp-json\/wp\/v2\/media?parent=538"}],"wp:term":[{"taxonomy":"product_brand","embeddable":true,"href":"https:\/\/www.largepillow.com\/sl\/wp-json\/wp\/v2\/product_brand?post=538"},{"taxonomy":"product_cat","embeddable":true,"href":"https:\/\/www.largepillow.com\/sl\/wp-json\/wp\/v2\/product_cat?post=538"},{"taxonomy":"product_tag","embeddable":true,"href":"https:\/\/www.largepillow.com\/sl\/wp-json\/wp\/v2\/product_tag?post=538"}],"curies":[{"name":"wp","href":"https:\/\/api.w.org\/{rel}","templated":true}]}}