{"id":5605,"date":"2025-01-07T01:15:11","date_gmt":"2025-01-07T01:15:11","guid":{"rendered":"https:\/\/www.largepillow.com\/product\/great-teddy-bear-cuddly-stuffed-animal-toy-brown-teddy-bear"},"modified":"2025-02-05T00:54:20","modified_gmt":"2025-02-05T00:54:20","slug":"odlicen-medvedek-ljubki-plisasti-medvedek-rjavi-medvedek","status":"publish","type":"product","link":"https:\/\/www.largepillow.com\/sl\/product\/great-teddy-bear-cuddly-stuffed-animal-toy-brown-teddy-bear\/","title":{"rendered":"Veliki pli\u0161asti medvedek, pli\u0161asta \u017eivalska igra\u010da, rjavi medvedek"},"content":{"rendered":"[zc_getpagecontent mb=&#8221;mb_aplus&#8221; apid=&#8221;15&#8243;]\n","protected":false},"excerpt":{"rendered":"<ul>\n<li>Na\u0161i medvedki so polne velikosti in dovolj napolnjeni, zato smo prepri\u010dani, da je izdelek, ki ga prejmete, enak slikam; Na\u0161 visokokakovosten medvedek je idealno darilo za ljubljene in zelo priljubljeno darilo za praznike, kot sta bo\u017ei\u010d in valentinovo.<\/li>\n<li>Velik pli\u0161asti medvedek iz ultra mehkega pli\u0161astega materiala, zelo puhast, spolzek na otip, zaradi \u010desar je izjemno udoben za objemanje in crkljanje.<\/li>\n<li>Medvedek, velik 25 cm (10 palcev), ima na hrbtni strani zadrgo, varno za otroke, kar zagotavlja varnost in enostavno pranje.<\/li>\n<li>Ta medvedek je stisnjen v embala\u017eo, manj\u0161o od svoje dejanske velikosti, in se hitro raz\u0161iri, ko odstranite embala\u017eno vre\u010dko.<\/li>\n<li>Popoln medvedek za objemanje in crkljanje. Ta ljubki medvedek vas lahko spremlja pri branju knjig, gledanju televizije in zabavi. Lahko je dober spremljevalec! Ljubka pli\u0161asta igra\u010da bo hitro postala priljubljen spremljevalec tako za mlade kot za starej\u0161e.<\/li>\n<li>Medvedek je tako o\u010darljiv, da bo okrasil spalnico ali igralnico. K temu medvedku se lahko stisnete kot k mehki blazini. Otroci se lahko igrajo z njim, kar je lahko tudi zelo zanimiv \u010das za dru\u017einsko zabavo.<\/li>\n<li>Je idealna izbira za dojen\u010dke, otroke ali prijatelje. To bo najbolj\u0161e darilo za posebne dni, kot so zahvalni dan, valentinovo, bo\u017ei\u010d, rojstni dnevi ali katere koli obletnice.<\/li>\n<li>Ta medvedek je zelo mehak na otip. Gumbi\u010daste o\u010di so zelo trdne. Pli\u0161 in polnilo sta visoke kakovosti.<\/li>\n<li>Pli\u0161asti medvedki in oblazinjenje so dobre kakovosti. Vsi medvedki so poslani po strogem nadzoru kakovosti. Pli\u0161asti medvedki so pregledani s strani poobla\u0161\u010dene strukture za kakovost in prejmejo certifikat CE.<\/li>\n<\/ul>","protected":false},"featured_media":5584,"comment_status":"open","ping_status":"closed","template":"","meta":[],"product_brand":[],"product_cat":[235],"product_tag":[],"class_list":{"0":"post-5605","1":"product","2":"type-product","3":"status-publish","4":"has-post-thumbnail","6":"product_cat-plush-toys","8":"first","9":"instock","10":"shipping-taxable","11":"purchasable","12":"product-type-simple"},"_links":{"self":[{"href":"https:\/\/www.largepillow.com\/sl\/wp-json\/wp\/v2\/product\/5605","targetHints":{"allow":["GET"]}}],"collection":[{"href":"https:\/\/www.largepillow.com\/sl\/wp-json\/wp\/v2\/product"}],"about":[{"href":"https:\/\/www.largepillow.com\/sl\/wp-json\/wp\/v2\/types\/product"}],"replies":[{"embeddable":true,"href":"https:\/\/www.largepillow.com\/sl\/wp-json\/wp\/v2\/comments?post=5605"}],"wp:featuredmedia":[{"embeddable":true,"href":"https:\/\/www.largepillow.com\/sl\/wp-json\/wp\/v2\/media\/5584"}],"wp:attachment":[{"href":"https:\/\/www.largepillow.com\/sl\/wp-json\/wp\/v2\/media?parent=5605"}],"wp:term":[{"taxonomy":"product_brand","embeddable":true,"href":"https:\/\/www.largepillow.com\/sl\/wp-json\/wp\/v2\/product_brand?post=5605"},{"taxonomy":"product_cat","embeddable":true,"href":"https:\/\/www.largepillow.com\/sl\/wp-json\/wp\/v2\/product_cat?post=5605"},{"taxonomy":"product_tag","embeddable":true,"href":"https:\/\/www.largepillow.com\/sl\/wp-json\/wp\/v2\/product_tag?post=5605"}],"curies":[{"name":"wp","href":"https:\/\/api.w.org\/{rel}","templated":true}]}}