{"id":665,"date":"2022-09-16T03:51:40","date_gmt":"2022-09-16T03:51:40","guid":{"rendered":"https:\/\/www.largepillow.com\/product\/bed-wedge-cushion"},"modified":"2025-12-13T21:06:55","modified_gmt":"2025-12-13T21:06:55","slug":"blazina-za-vzglavje-postelje","status":"publish","type":"product","link":"https:\/\/www.largepillow.com\/sl\/product\/bed-headboard-cushion","title":{"rendered":"Blazina za vzglavje postelje"},"content":{"rendered":"<p>Na\u0161a blazina za vzglavje postelje \u2013 va\u0161a najbolj\u0161a re\u0161itev za udobje in priro\u010dnost. Ne glede na to, ali berete, gledate televizijo ali spite, je na\u0161a blazina za vzglavje zasnovana tako, da zagotavlja optimalno udobje in oporo za va\u0161o glavo, hrbet in noge.<\/p>\n<p>Na\u0161a prevleka za vzglavnik je izdelana iz vrhunske me\u0161anice poliestra in lana, odlikuje pa jo prepletena tekstura in izvrstni \u0161ivi, ki so trdni in vzdr\u017eljivi. Oblazinjenje je izdelano iz visokokakovostnih poliestrskih vlaken visoke gostote, ki prepre\u010dujejo pove\u0161anje tudi po ve\u010dmese\u010dni uporabi.<\/p>\n<p>Na\u0161a velika blazina za dvigovanje je ve\u010dnamenska in se lahko uporablja kot bralna blazina za oporo hrbta, dolga klinasta blazina ali blazina za noge za dvig nog. Je elegantna in funkcionalna, zato je odli\u010den dodatek za vsako spalnico.<\/p>\n<p>Ena izmed najljub\u0161ih lastnosti na\u0161ih strank je prevleka, ki jo je enostavno \u010distiti. Pritrjena je z gumbi in zadrgo, zato jo preprosto odstranite in operite v pralnem stroju, da bo va\u0161a blazina videti kot nova.<\/p>\n<p>A to \u0161e ni vse \u2013 na\u0161a vzglavna blazina ima tudi priro\u010den stranski \u017eep za shranjevanje. Nikoli ve\u010d ne boste izgubili daljinskega upravljalnika!<\/p>\n<p>Ponujamo razli\u010dne velikosti, ki ustrezajo vsaki postelji \u2013 45 cm, 60 cm, 80 cm, 100 cm, 120 cm, 140 cm, 160 cm, 180 cm in 200 cm, vse z razli\u010dnim \u0161tevilom gumbov, da se popolnoma prilegajo okvirju va\u0161e postelje.<\/p>\n<p>Ena zadovoljna stranka je dejala: \u201cObo\u017eujem to blazino za vzglavje postelje. Material iz bomba\u017ea in lana je mehak in udoben. Modra barva je \u010dudovita in se popolnoma ujema z mojo posteljnino. Poleg tega je stranski \u017eep zelo priro\u010den za moj telefon in daljinski upravljalnik.\u201d<\/p>\n<p>Investirajte v svoje udobje z na\u0161o blazino za vzglavje postelje. Naro\u010dite zdaj in spremenite svojo posteljo v prijeten koti\u010dek za zato\u010di\u0161\u010de.<\/p>","protected":false},"excerpt":{"rendered":"<ul>\n<li><strong>Vrhunsko udobje:<\/strong> Na\u0161a vzglavna blazina je zasnovana tako, da vam nudi vrhunsko udobje med branjem, gledanjem televizije ali spanjem. Popolna je za posteljo, kav\u010d, dnevno posteljo in \u0161e ve\u010d!<\/li>\n<li><strong>Ve\u010dnamenska zasnova:<\/strong> Na\u0161o veliko blazino za dvigovanje lahko uporabljate na ve\u010d na\u010dinov \u2013 kot bralno blazino za oporo hrbta, dolgo klinasto blazino ali blazino za noge, ki dvigne va\u0161e noge. Je elegantna in funkcionalna, zato je odli\u010den dodatek za vsako spalnico.<\/li>\n<li><strong>Premium materiali:<\/strong> Na\u0161a prevleka za vzglavnik je izdelana iz poliestra 100% s prepleteno teksturo in izvrstnimi \u0161ivi, ki so po celotnem obodu trdni. Oblazinjenje je izdelano iz visokokakovostnih poliestrskih vlaken visoke gostote, ki prepre\u010dujejo pove\u0161anje tudi po ve\u010dmese\u010dni uporabi.<\/li>\n<li><strong>Enostavno \u010di\u0161\u010denje:<\/strong> Prevleka za vzglavnik je pritrjena na vzglavnik z gumbi in jo je enostavno odstraniti z zadrgo. Preprosto odstranite prevleko in jo na hitro operite v pralnem stroju, da bo va\u0161a vzglavnik videti kot nova.<\/li>\n<li><strong>Popoln \u017eep za shranjevanje:<\/strong> Na\u0161a vzglavna blazina ima priro\u010den stranski \u017eep, ki zagotavlja, da nikoli ve\u010d ne boste izgubili daljinskega upravljalnika.<\/li>\n<li><strong>Blago:<\/strong>\u00a0Me\u0161anica poliestra in lana.<\/li>\n<li><strong>Velikost:<\/strong> 45 cm (D45 x \u016020 x V50 | 0 gumbov), 60 cm (D60 x \u016020 x V50 | 0 gumbov), 80 cm (D80 x \u016020 x V50 | 2 gumba), 100 cm (D100 x \u016020 x V50 | 3 gumbi), 120 cm (D120 x \u016020 x V50 | 4 gumbi), 140 cm (D140 x \u016020 x V50 | 4 gumbi), 160 cm (D160 x \u016020 x V50 | 5 gumbov), 180 cm (D180 x \u016020 x V50 | 6 gumbov), 200 cm (D200 x \u016020 x V50 | 7 gumbov).<\/li>\n<\/ul>","protected":false},"featured_media":650,"comment_status":"open","ping_status":"closed","template":"","meta":[],"product_brand":[],"product_cat":[15],"product_tag":[193,194,75,192,191,189,143,59,71,167,68],"class_list":{"0":"post-665","1":"product","2":"type-product","3":"status-publish","4":"has-post-thumbnail","6":"product_cat-large-wedge-pillow","7":"product_tag-bed-headboard-cushion","8":"product_tag-blue-pillow","9":"product_tag-daybed-pillow","10":"product_tag-headboard-cushion","11":"product_tag-headboard-pillow-wedge","12":"product_tag-linen-pillow","13":"product_tag-multifunctional-pillow","14":"product_tag-reading-pillow","15":"product_tag-tv-pillow","16":"product_tag-wedge-bolster-pillow","17":"product_tag-wedge-reading-pillow","19":"first","20":"instock","21":"featured","22":"shipping-taxable","23":"purchasable","24":"product-type-variable"},"_links":{"self":[{"href":"https:\/\/www.largepillow.com\/sl\/wp-json\/wp\/v2\/product\/665","targetHints":{"allow":["GET"]}}],"collection":[{"href":"https:\/\/www.largepillow.com\/sl\/wp-json\/wp\/v2\/product"}],"about":[{"href":"https:\/\/www.largepillow.com\/sl\/wp-json\/wp\/v2\/types\/product"}],"replies":[{"embeddable":true,"href":"https:\/\/www.largepillow.com\/sl\/wp-json\/wp\/v2\/comments?post=665"}],"wp:featuredmedia":[{"embeddable":true,"href":"https:\/\/www.largepillow.com\/sl\/wp-json\/wp\/v2\/media\/650"}],"wp:attachment":[{"href":"https:\/\/www.largepillow.com\/sl\/wp-json\/wp\/v2\/media?parent=665"}],"wp:term":[{"taxonomy":"product_brand","embeddable":true,"href":"https:\/\/www.largepillow.com\/sl\/wp-json\/wp\/v2\/product_brand?post=665"},{"taxonomy":"product_cat","embeddable":true,"href":"https:\/\/www.largepillow.com\/sl\/wp-json\/wp\/v2\/product_cat?post=665"},{"taxonomy":"product_tag","embeddable":true,"href":"https:\/\/www.largepillow.com\/sl\/wp-json\/wp\/v2\/product_tag?post=665"}],"curies":[{"name":"wp","href":"https:\/\/api.w.org\/{rel}","templated":true}]}}