{"id":712,"date":"2022-09-16T05:49:00","date_gmt":"2022-09-16T05:49:00","guid":{"rendered":"https:\/\/www.largepillow.com\/product\/triangle-pillow"},"modified":"2025-08-21T14:57:02","modified_gmt":"2025-08-21T14:57:02","slug":"velika-blazina-za-vzglavje-postelje","status":"publish","type":"product","link":"https:\/\/www.largepillow.com\/sl\/product\/big-pillow-for-bed-headboard","title":{"rendered":"Velika blazina za vzglavje postelje"},"content":{"rendered":"<p>Pove\u010dajte svoje udobje z veliko blazino za vzglavje postelje: nepogre\u0161ljiv kos za vsak dom<\/p>\n<p>V iskanju vrhunskega udobja v na\u0161ih bivalnih prostorih izstopa vzglavnik Big Pillow For Bed Headboard kot vsestranski in nepogre\u0161ljiv dodatek za vsako moderno spalnico, dnevno sobo ali prijeten koti\u010dek. Ta ve\u010dnamenska blazina ni le kos dekorja; je spremljevalec za va\u0161e trenutke sprostitve, prilagojena za ve\u010dje udobje, ne glede na to, ali se prepu\u0161\u010date svoji najljub\u0161i knjigi, dohitevate svojo najljub\u0161o serijo ali pa se utapljate v miren spanec.<\/p>\n<p>Vrhunsko udobje na novo opredeljeno<\/p>\n<p>Vzglavje postelje Big Pillow za vzglavje postelje je zasnovano tako, da zadovolji va\u0161e potrebe po udobju in slu\u017ei kot va\u0161 najbolj\u0161i partner za sprostitev. Ne glede na to, ali ga postavite ob vzglavje postelje, na kav\u010d ali dnevno posteljo, vam obljublja neprekosljivo udobje in oporo. Njegova vsestranskost sega dlje od zgolj bralne blazine za oporo hrbta; slu\u017ei kot dolga klinasta blazina ali blazina za noge, ki dvigne va\u0161e noge, in zdru\u017euje stil in funkcionalnost v enem.<\/p>\n<p>Vrhunski materiali za dolgotrajno udobje<\/p>\n<p>Z uporabo poliestra 100% za prevleko za vzglavnik z izvrstno prepleteno teksturo in natan\u010dnimi \u0161ivi je vzdr\u017eljivost zagotovljena. Poliestrska vlakna visoke gostote, uporabljena kot oblazinjenje, zagotavljajo, da vzglavnik ohrani svojo obliko in oporo ter se ne pove\u0161a tudi po dolgotrajni uporabi. Ta zavezanost kakovostnim materialom zagotavlja, da va\u0161e udobje ni nikoli ogro\u017eeno.<\/p>\n<p>Preprosto vzdr\u017eevanje<\/p>\n<p>Razumemo potrebo po enostavnosti in udobju, \u0161e posebej v dana\u0161njem hitrem svetu, zato ima vzglavnik Big Pillow za posteljo prevleko, ki jo je mogo\u010de enostavno odstraniti s preprostim mehanizmom zadrge. Prevleko je pritrjena z gumbi, kar omogo\u010da hitro pranje v pralnem stroju, s \u010dimer bo va\u0161a blazina ostala sve\u017ea in vabljiva.<\/p>\n<p>Zasnovano z mislijo na vas<\/p>\n<p>Ena od izstopajo\u010dih lastnosti je inovativen \u017eep za shranjevanje, domiselno zasnovan tako, da so bistvene stvari, kot so daljinski upravljalniki, na dosegu roke, kar odpravlja frustracije zaradi izgubljenih predmetov. Poleg tega me\u0161anica tkanine iz poliestra in lana ne ponuja le vzdr\u017eljivosti, temve\u010d tudi pridih elegance vsakemu prostoru.<\/p>\n<p>Vsestranskost velikosti<\/p>\n<p>Z vrsto velikosti od 45 cm do 200 cm, opremljenimi z razli\u010dnim \u0161tevilom gumbov za estetske in funkcionalne prilagoditve, je na voljo vzglavje Big Pillow For Bed, prilagojeno vsaki potrebi in prostoru. Ne glede na to, ali imate kompaktno enojno posteljo ali razprostirajo\u010do se zakonsko posteljo, lahko to vzglavje prilagodite svojemu slogu.<\/p>\n<p>Priznanje strank: Resni\u010dne izku\u0161nje<\/p>\n<p>Na\u0161e stranke, ki so jih predstavile z vrsto pozitivnih komentarjev, so delile svoje izku\u0161nje in izpostavile visokokakovostno me\u0161anico tkanine &quot;trikotne hrbtne blazine, bomba\u017ea in lana&quot;, ki v njihove prostore doda pridih razko\u0161ja in udobja. Mnogi so pohvalili njeno ve\u010dnamensko zasnovo in opozorili, kako je znatno izbolj\u0161ala njihovo udobje med razli\u010dnimi dejavnostmi, kot sta branje in spanje. Zelo cenjena je tudi funkcija enostavnega \u010di\u0161\u010denja, ki poudarja me\u0161anico funkcionalnosti in preprostosti blazine.<\/p>\n<p>Zaklju\u010dek<\/p>\n<p>Vzglavje postelje Big Pillow za vzglavje postelje je ve\u010d kot le vzglavnik; je dokaz zdru\u017eitve funkcionalnosti, udobja in stila. Zaradi vrhunskih materialov, enostavnega vzdr\u017eevanja in ve\u010dnamenske zasnove je nepogre\u0161ljiv dodatek v vsakem domu. S tem vzglavnikom, ki ga morate imeti, dvignite svoje udobje in svojemu prostoru dodajte pridih elegance. Kot na\u0161e zadovoljne stranke \u017ee vedo, je to nalo\u017eba v va\u0161e udobje in estetsko privla\u010dnost va\u0161ega doma.<\/p>","protected":false},"excerpt":{"rendered":"<ul>\n<li><strong>Vrhunsko udobje:<\/strong> Na\u0161a vzglavna blazina je zasnovana tako, da vam nudi vrhunsko udobje med branjem, gledanjem televizije ali spanjem. Popolna je za posteljo, kav\u010d, dnevno posteljo in \u0161e ve\u010d!<\/li>\n<li><strong>Ve\u010dnamenska zasnova:<\/strong> Na\u0161o veliko blazino za dvigovanje lahko uporabljate na ve\u010d na\u010dinov \u2013 kot bralno blazino za oporo hrbta, dolgo klinasto blazino ali blazino za noge, ki dvigne va\u0161e noge. Je elegantna in funkcionalna, zato je odli\u010den dodatek za vsako spalnico.<\/li>\n<li><strong>Premium materiali:<\/strong> Na\u0161a prevleka za vzglavnik je izdelana iz poliestra 100% s prepleteno teksturo in izvrstnimi \u0161ivi, ki so po celotnem obodu trdni. Oblazinjenje je izdelano iz visokokakovostnih poliestrskih vlaken visoke gostote, ki prepre\u010dujejo pove\u0161anje tudi po ve\u010dmese\u010dni uporabi.<\/li>\n<li><strong>Enostavno \u010di\u0161\u010denje:<\/strong> Prevleka za vzglavnik je pritrjena na vzglavnik z gumbi in jo je enostavno odstraniti z zadrgo. Preprosto odstranite prevleko in jo na hitro operite v pralnem stroju, da bo va\u0161a vzglavnik videti kot nova.<\/li>\n<li><strong>Popoln \u017eep za shranjevanje:<\/strong> Na\u0161a vzglavna blazina ima priro\u010den stranski \u017eep, ki zagotavlja, da nikoli ve\u010d ne boste izgubili daljinskega upravljalnika.<\/li>\n<li><strong>Blago:<\/strong>\u00a0Me\u0161anica poliestra in lana.<\/li>\n<li><strong>Velikost:<\/strong> 45 cm (D45 x \u016020 x V50 | 0 gumbov), 60 cm (D60 x \u016020 x V50 | 0 gumbov), 80 cm (D80 x \u016020 x V50 | 2 gumba), 100 cm (D100 x \u016020 x V50 | 3 gumbi), 120 cm (D120 x \u016020 x V50 | 4 gumbi), 140 cm (D140 x \u016020 x V50 | 4 gumbi), 160 cm (D160 x \u016020 x V50 | 5 gumbov), 180 cm (D180 x \u016020 x V50 | 6 gumbov), 200 cm (D200 x \u016020 x V50 | 7 gumbov).<\/li>\n<\/ul>","protected":false},"featured_media":698,"comment_status":"open","ping_status":"closed","template":"","meta":[],"product_brand":[],"product_cat":[15],"product_tag":[187,186,185,75,168,163,184,143],"class_list":{"0":"post-712","1":"product","2":"type-product","3":"status-publish","4":"has-post-thumbnail","6":"product_cat-large-wedge-pillow","7":"product_tag-back-support-reading-pillow","8":"product_tag-bed-headboard","9":"product_tag-big-pillow","10":"product_tag-daybed-pillow","11":"product_tag-headboard-pillow","12":"product_tag-leg-pillow","13":"product_tag-long-wedge-pillow","14":"product_tag-multifunctional-pillow","16":"first","17":"instock","18":"shipping-taxable","19":"purchasable","20":"product-type-variable"},"_links":{"self":[{"href":"https:\/\/www.largepillow.com\/sl\/wp-json\/wp\/v2\/product\/712","targetHints":{"allow":["GET"]}}],"collection":[{"href":"https:\/\/www.largepillow.com\/sl\/wp-json\/wp\/v2\/product"}],"about":[{"href":"https:\/\/www.largepillow.com\/sl\/wp-json\/wp\/v2\/types\/product"}],"replies":[{"embeddable":true,"href":"https:\/\/www.largepillow.com\/sl\/wp-json\/wp\/v2\/comments?post=712"}],"wp:featuredmedia":[{"embeddable":true,"href":"https:\/\/www.largepillow.com\/sl\/wp-json\/wp\/v2\/media\/698"}],"wp:attachment":[{"href":"https:\/\/www.largepillow.com\/sl\/wp-json\/wp\/v2\/media?parent=712"}],"wp:term":[{"taxonomy":"product_brand","embeddable":true,"href":"https:\/\/www.largepillow.com\/sl\/wp-json\/wp\/v2\/product_brand?post=712"},{"taxonomy":"product_cat","embeddable":true,"href":"https:\/\/www.largepillow.com\/sl\/wp-json\/wp\/v2\/product_cat?post=712"},{"taxonomy":"product_tag","embeddable":true,"href":"https:\/\/www.largepillow.com\/sl\/wp-json\/wp\/v2\/product_tag?post=712"}],"curies":[{"name":"wp","href":"https:\/\/api.w.org\/{rel}","templated":true}]}}