{"id":7322,"date":"2025-05-14T02:59:23","date_gmt":"2025-05-14T02:59:23","guid":{"rendered":"https:\/\/www.largepillow.com\/product\/headboard-backrest-pillow-for-bed-reading-pillow"},"modified":"2025-06-01T00:00:00","modified_gmt":"2025-06-01T00:00:00","slug":"vzglavnik-za-naslonjalo-za-posteljo-bralna-blazina","status":"publish","type":"product","link":"https:\/\/www.largepillow.com\/sl\/product\/headboard-backrest-pillow-for-bed-reading-pillow","title":{"rendered":"Vzglavnik za naslonjalo za posteljo"},"content":{"rendered":"[zc_getpagecontent mb=&#8221;mb_aplus&#8221; apid=&#8221;125&#8243;]\n","protected":false},"excerpt":{"rendered":"<ul>\n<li>Vrhunsko udobje: Ta vzglavna blazina je zasnovana tako, da vam nudi vrhunsko udobje med branjem, gledanjem televizije ali spanjem. Primerna je za posteljo, kav\u010d, dnevno posteljo in \u0161e ve\u010d!<\/li>\n<li>Ta velika trikotna blazina z odli\u010dnim dizajnom gumbov. Nasvet za \u010di\u0161\u010denje: Prevleka za blazino je snemljiva in ima pod vsakim gumbom gumbnice, vendar so gumbnice na nagubani tkanini manj\u0161e, zaradi \u010desar je zamenjava prevleke za blazino te\u017eja.<\/li>\n<li>Ve\u010dnamenskost: Nekateri uporabljajo hrbtno blazino kot vzglavje, drugi pa kot odbija\u010d, lahko pa slu\u017ei tudi kot kav\u010d, naslonjalo za dnevno posteljo ali kotna blazina za zofo. Je elegantna in funkcionalna, zaradi \u010desar je odli\u010den dodatek k vsaki spalnici.<\/li>\n<li>Visokokakovosten material: Zunanji del je izdelan iz gladkega in mehkega materiala, prevleka ve\u010dnamenske blazine za naslonjalo postelje je zra\u010dna, ne\u017ena na dotik in odporna proti obrabi; trikotni vlo\u017eek blazine je napolnjen iz PP bomba\u017ea, ki se dobro odbija od ko\u017ee in je mehak, kar je veliko mehkej\u0161e od spominske pene.<\/li>\n<li>Bioni\u010dna klinasta blazina: Ergonomska blazina lahko podpira naravno ukrivljenost hrbta in zagotavlja optimalno vi\u0161ino zgornjega dela telesa, kar pomaga prepre\u010diti \u0161tevilne zdravstvene te\u017eave. Omogo\u010da tudi la\u017eji po\u010ditek med branjem ali igranjem za ra\u010dunalnikom in laj\u0161a stres. Blazina nudi odli\u010dno oporo za hrbet in vrat, zmanj\u0161uje obremenitev hrbta in ramen, nudi oporo in udobje med branjem in gledanjem televizije.<\/li>\n<li>Velikost: Dol\u017eina 140 cm * \u0160irina 24 cm pri dnu * Vi\u0161ina 50 cm<\/li>\n<\/ul>","protected":false},"featured_media":7314,"comment_status":"open","ping_status":"closed","template":"","meta":[],"product_brand":[],"product_cat":[15],"product_tag":[],"class_list":{"0":"post-7322","1":"product","2":"type-product","3":"status-publish","4":"has-post-thumbnail","6":"product_cat-large-wedge-pillow","8":"first","9":"instock","10":"shipping-taxable","11":"purchasable","12":"product-type-variable","13":"has-default-attributes"},"_links":{"self":[{"href":"https:\/\/www.largepillow.com\/sl\/wp-json\/wp\/v2\/product\/7322","targetHints":{"allow":["GET"]}}],"collection":[{"href":"https:\/\/www.largepillow.com\/sl\/wp-json\/wp\/v2\/product"}],"about":[{"href":"https:\/\/www.largepillow.com\/sl\/wp-json\/wp\/v2\/types\/product"}],"replies":[{"embeddable":true,"href":"https:\/\/www.largepillow.com\/sl\/wp-json\/wp\/v2\/comments?post=7322"}],"wp:featuredmedia":[{"embeddable":true,"href":"https:\/\/www.largepillow.com\/sl\/wp-json\/wp\/v2\/media\/7314"}],"wp:attachment":[{"href":"https:\/\/www.largepillow.com\/sl\/wp-json\/wp\/v2\/media?parent=7322"}],"wp:term":[{"taxonomy":"product_brand","embeddable":true,"href":"https:\/\/www.largepillow.com\/sl\/wp-json\/wp\/v2\/product_brand?post=7322"},{"taxonomy":"product_cat","embeddable":true,"href":"https:\/\/www.largepillow.com\/sl\/wp-json\/wp\/v2\/product_cat?post=7322"},{"taxonomy":"product_tag","embeddable":true,"href":"https:\/\/www.largepillow.com\/sl\/wp-json\/wp\/v2\/product_tag?post=7322"}],"curies":[{"name":"wp","href":"https:\/\/api.w.org\/{rel}","templated":true}]}}