{"id":735,"date":"2022-09-16T06:11:33","date_gmt":"2022-09-16T06:11:33","guid":{"rendered":"https:\/\/www.largepillow.com\/product\/wedge-pillow-for-acid-reflux_37"},"modified":"2024-10-03T16:31:35","modified_gmt":"2024-10-03T16:31:35","slug":"velika-vzglavna-blazina-2","status":"publish","type":"product","link":"https:\/\/www.largepillow.com\/sl\/product\/large-headboard-pillow","title":{"rendered":"Velika vzglavna blazina"},"content":{"rendered":"<p>Velika blazina za vzglavje \u2013 vrhunski spremljevalec za va\u0161o posteljo ali kav\u010d! Ne glede na to, ali berete, gledate televizijo ali spite, je ta blazina zasnovana tako, da vam nudi izjemno udobje in oporo.<\/p>\n<p>Ta velika blazina za vzglavje se pona\u0161a z ve\u010dnamensko zasnovo, ki omogo\u010da uporabo na ve\u010d na\u010dinov. Lahko jo naslonite na vzglavje postelje, da ustvarite udobno blazino za branje z oporo za hrbet, jo uporabite kot dolgo klinasto blazino za podporo nog ali celo kot blazino za noge, da jih dvignete. Je elegantna in funkcionalna, zato je odli\u010den dodatek za vsako spalnico.<\/p>\n<p>Vrhunski materiali, uporabljeni za izdelavo te blazine, so neprekosljivi. Prevleka za blazino je izdelana iz me\u0161anice poliestra in lana 100% s prepleteno teksturo in izvrstnimi \u0161ivi, ki so po vsem obodu trdni. Oblazinjenje je izdelano iz visokokakovostnih poliestrskih vlaken visoke gostote, ki prepre\u010dujejo pove\u0161anje tudi po ve\u010dmese\u010dni uporabi.<\/p>\n<p>Vzdr\u017eevanje \u010disto\u010de blazine je izjemno preprosto z enostavno snemljivo prevleko, ki je pritrjena na blazino z gumbi. Preprosto odprite zadrgo in jo vrzite v pralni stroj, da bo va\u0161a blazina videti kot nova. Poleg tega vam priro\u010den stranski \u017eep omogo\u010da, da imate daljinski upravljalnik ali druge manj\u0161e predmete pri roki.<\/p>\n<p>Vendar nam ne verjemite kar na besedo. Tukaj je nekaj komentarjev zadovoljnih strank:<\/p>\n<p>\u2013 \u201cTa blazina je tako udobna, ne morem verjeti, da sem kdaj \u017eivel brez nje!\u201d<br \/>\n\u2013 \u201cBlago je mehko in razko\u0161no, vzglavnik pa nudi veliko oporo.\u201d<br \/>\n\u2013 \u201cV\u0161e\u010d so mi mo\u017enosti velikosti \u2013 na\u0161la sem tak\u0161no, ki popolnoma ustreza moji zakonski postelji.\u201d<br \/>\n\u2013 \u201cRde\u010da barva je \u017eivahna in v moji spalnici izgleda odli\u010dno.\u201d<br \/>\n\u2013 \u201c\u017dep je prelomnica \u2013 tako priro\u010dno je imeti daljinski upravljalnik pri roki.\u201d<\/p>\n<p>Ta velika vzglavna blazina, ki je na voljo v velikostih od 45 cm do 200 cm, je popoln dodatek za va\u0161o spalnico ali dnevno sobo. Ne \u010dakajte, naro\u010dite svojo \u0161e danes in do\u017eivite vrhunsko udobje in priro\u010dnost!<\/p>","protected":false},"excerpt":{"rendered":"<ul>\n<li><strong>Vrhunsko udobje:<\/strong> Na\u0161a vzglavna blazina je zasnovana tako, da vam nudi vrhunsko udobje med branjem, gledanjem televizije ali spanjem. Popolna je za posteljo, kav\u010d, dnevno posteljo in \u0161e ve\u010d!<\/li>\n<li><strong>Ve\u010dnamenska zasnova:<\/strong> Na\u0161o veliko blazino za dvigovanje lahko uporabljate na ve\u010d na\u010dinov \u2013 kot bralno blazino za oporo hrbta, dolgo klinasto blazino ali blazino za noge, ki dvigne va\u0161e noge. Je elegantna in funkcionalna, zato je odli\u010den dodatek za vsako spalnico.<\/li>\n<li><strong>Premium materiali:<\/strong> Na\u0161a prevleka za vzglavnik je izdelana iz poliestra 100% s prepleteno teksturo in izvrstnimi \u0161ivi, ki so po celotnem obodu trdni. Oblazinjenje je izdelano iz visokokakovostnih poliestrskih vlaken visoke gostote, ki prepre\u010dujejo pove\u0161anje tudi po ve\u010dmese\u010dni uporabi.<\/li>\n<li><strong>Enostavno \u010di\u0161\u010denje:<\/strong> Prevleka za vzglavnik je pritrjena na vzglavnik z gumbi in jo je enostavno odstraniti z zadrgo. Preprosto odstranite prevleko in jo na hitro operite v pralnem stroju, da bo va\u0161a vzglavnik videti kot nova.<\/li>\n<li><strong>Popoln \u017eep za shranjevanje:<\/strong> Na\u0161a vzglavna blazina ima priro\u010den stranski \u017eep, ki zagotavlja, da nikoli ve\u010d ne boste izgubili daljinskega upravljalnika.<\/li>\n<li><strong>Blago:<\/strong>\u00a0Me\u0161anica poliestra in lana.<\/li>\n<li><strong>Velikost:<\/strong> 45 cm (D45 x \u016020 x V50 | 0 gumbov), 60 cm (D60 x \u016020 x V50 | 0 gumbov), 80 cm (D80 x \u016020 x V50 | 2 gumba), 100 cm (D100 x \u016020 x V50 | 3 gumbi), 120 cm (D120 x \u016020 x V50 | 4 gumbi), 140 cm (D140 x \u016020 x V50 | 4 gumbi), 160 cm (D160 x \u016020 x V50 | 5 gumbov), 180 cm (D180 x \u016020 x V50 | 6 gumbov), 200 cm (D200 x \u016020 x V50 | 7 gumbov).<\/li>\n<\/ul>","protected":false},"featured_media":722,"comment_status":"open","ping_status":"closed","template":"","meta":[],"product_brand":[],"product_cat":[15],"product_tag":[66,75,168,163,184,59],"class_list":{"0":"post-735","1":"product","2":"type-product","3":"status-publish","4":"has-post-thumbnail","6":"product_cat-large-wedge-pillow","7":"product_tag-back-support-pillow","8":"product_tag-daybed-pillow","9":"product_tag-headboard-pillow","10":"product_tag-leg-pillow","11":"product_tag-long-wedge-pillow","12":"product_tag-reading-pillow","14":"first","15":"instock","16":"featured","17":"shipping-taxable","18":"purchasable","19":"product-type-variable"},"_links":{"self":[{"href":"https:\/\/www.largepillow.com\/sl\/wp-json\/wp\/v2\/product\/735","targetHints":{"allow":["GET"]}}],"collection":[{"href":"https:\/\/www.largepillow.com\/sl\/wp-json\/wp\/v2\/product"}],"about":[{"href":"https:\/\/www.largepillow.com\/sl\/wp-json\/wp\/v2\/types\/product"}],"replies":[{"embeddable":true,"href":"https:\/\/www.largepillow.com\/sl\/wp-json\/wp\/v2\/comments?post=735"}],"wp:featuredmedia":[{"embeddable":true,"href":"https:\/\/www.largepillow.com\/sl\/wp-json\/wp\/v2\/media\/722"}],"wp:attachment":[{"href":"https:\/\/www.largepillow.com\/sl\/wp-json\/wp\/v2\/media?parent=735"}],"wp:term":[{"taxonomy":"product_brand","embeddable":true,"href":"https:\/\/www.largepillow.com\/sl\/wp-json\/wp\/v2\/product_brand?post=735"},{"taxonomy":"product_cat","embeddable":true,"href":"https:\/\/www.largepillow.com\/sl\/wp-json\/wp\/v2\/product_cat?post=735"},{"taxonomy":"product_tag","embeddable":true,"href":"https:\/\/www.largepillow.com\/sl\/wp-json\/wp\/v2\/product_tag?post=735"}],"curies":[{"name":"wp","href":"https:\/\/api.w.org\/{rel}","templated":true}]}}