{"id":7531,"date":"2025-05-19T02:23:59","date_gmt":"2025-05-19T02:23:59","guid":{"rendered":"https:\/\/www.largepillow.com\/product\/fries-inspired-bean-bag-couch-chair-comfort-for-everyone"},"modified":"2025-11-05T02:16:40","modified_gmt":"2025-11-05T02:16:40","slug":"udobje-kavca-z-vreco-za-sedenje-navdihnjenega-s-krompirckom-za-vsakogar","status":"publish","type":"product","link":"https:\/\/www.largepillow.com\/sl\/product\/fries-inspired-bean-bag-couch-chair-comfort-for-everyone\/","title":{"rendered":"Vre\u010da za sedenje z motivom Fries, udobje za vsakogar"},"content":{"rendered":"[zc_getpagecontent mb=&#8221;mb_aplus&#8221; apid=&#8221;122&#8243;]\n","protected":false},"excerpt":{"rendered":"<ul>\n<li>Nastavljiv in prilagodljiv: Vre\u010da za sedenje z motivom pomfrija za najstnike ponuja popolno fleksibilnost. Prilagodite polo\u017eaj in koli\u010dino pomfrija, da zagotovite najudobnej\u0161o izku\u0161njo za svoje telo. Popolnoma se ulezite v vre\u010do za sedenje in se udobno ovijete, kar bo laj\u0161alo telesno utrujenost in tesnobo. Usedite se na vre\u010do za sedenje, berite knjigo ali u\u017eivajte v filmu skupaj in si tako \u0161e bolj polep\u0161ajte prosti \u010das.<\/li>\n<li>Edinstven dizajn pomfrija: Na\u0161i vre\u010di za sedenje \u010drpajo navdih iz najljub\u0161ega prigrizka vseh \u2013 pomfrija! Ta vre\u010da za sedenje s 25 posameznimi pomfriji se lahko razporedi v razli\u010dne vi\u0161ine in kombinacije. Potopite se v vrzeli med pomfriji, u\u017eivajte v udobju in sprostitvi ali pa se s prijatelji igrivo &quot;pretepajte z blazinami&quot;, tako da pomfrije vzamete lo\u010deno. Prakti\u010dna in fascinantna, v va\u0161e \u017eivljenje doda novo raven zabave.<\/li>\n<li>Vrhunsko udobje in vzdr\u017eljivost: Na\u0161a vre\u010da za pomfrit je izdelana iz mehkega in udobnega kratkega pli\u0161a ter je polnjena s puhastim poliestrom. Do\u017eivite u\u017eitek pogrezanja in stiskanja, saj pomfri podpira va\u0161e telo. Posoda za pomfrit je napolnjena z visoko gostoto pene, ki zagotavlja dolgoro\u010dno ohranitev oblike brez deformacij. Zadrga posode omogo\u010da enostavno \u010di\u0161\u010denje in vzdr\u017eevanje.<\/li>\n<li>Zabavna in elegantna dekoracija: Realisti\u010dna barvna shema pomfrija skupaj z njegovim toplim in prijetnim videzom doda kan\u010dek zabave vsakemu prostoru. Ta edinstveni kav\u010d za lenobno tla lahko postavite v kateri koli koti\u010dek va\u0161ega doma in ustvarite popoln prostor za dru\u017einske ve\u010dere iger, branja ali u\u010dnih dejavnosti.<\/li>\n<li>Kompresijski paket: Na\u0161i vre\u010di za sedenje za najstnike so vakuumsko stisnjeni, kar lahko po odprtju povzro\u010di za\u010dasno deformacijo in stanj\u0161anje. To ni te\u017eava s kakovostjo. Preprosto po\u010dakajte 48\u201372 ur, nato vre\u010do ne\u017eno pretresite in potrepljajte, da ponovno dobi prvotno obliko.<\/li>\n<\/ul>","protected":false},"featured_media":7524,"comment_status":"open","ping_status":"closed","template":"","meta":[],"product_brand":[],"product_cat":[228],"product_tag":[],"class_list":{"0":"post-7531","1":"product","2":"type-product","3":"status-publish","4":"has-post-thumbnail","6":"product_cat-cushions","8":"first","9":"outofstock","10":"sold-individually","11":"shipping-taxable","12":"purchasable","13":"product-type-simple"},"_links":{"self":[{"href":"https:\/\/www.largepillow.com\/sl\/wp-json\/wp\/v2\/product\/7531","targetHints":{"allow":["GET"]}}],"collection":[{"href":"https:\/\/www.largepillow.com\/sl\/wp-json\/wp\/v2\/product"}],"about":[{"href":"https:\/\/www.largepillow.com\/sl\/wp-json\/wp\/v2\/types\/product"}],"replies":[{"embeddable":true,"href":"https:\/\/www.largepillow.com\/sl\/wp-json\/wp\/v2\/comments?post=7531"}],"wp:featuredmedia":[{"embeddable":true,"href":"https:\/\/www.largepillow.com\/sl\/wp-json\/wp\/v2\/media\/7524"}],"wp:attachment":[{"href":"https:\/\/www.largepillow.com\/sl\/wp-json\/wp\/v2\/media?parent=7531"}],"wp:term":[{"taxonomy":"product_brand","embeddable":true,"href":"https:\/\/www.largepillow.com\/sl\/wp-json\/wp\/v2\/product_brand?post=7531"},{"taxonomy":"product_cat","embeddable":true,"href":"https:\/\/www.largepillow.com\/sl\/wp-json\/wp\/v2\/product_cat?post=7531"},{"taxonomy":"product_tag","embeddable":true,"href":"https:\/\/www.largepillow.com\/sl\/wp-json\/wp\/v2\/product_tag?post=7531"}],"curies":[{"name":"wp","href":"https:\/\/api.w.org\/{rel}","templated":true}]}}