{"id":7541,"date":"2025-05-19T02:51:40","date_gmt":"2025-05-19T02:51:40","guid":{"rendered":"https:\/\/www.largepillow.com\/product\/cloud-shaped-dog-cat-bed-with-removable-cover-easy-clean"},"modified":"2025-05-19T04:14:09","modified_gmt":"2025-05-19T04:14:09","slug":"postelja-za-pse-in-macke-v-obliki-oblaka-z-odstranljivo-prevleko-enostavno-ciscenje","status":"publish","type":"product","link":"https:\/\/www.largepillow.com\/sl\/product\/cloud-shaped-dog-cat-bed-with-removable-cover-easy-clean","title":{"rendered":"Postelja za pse in ma\u010dke v obliki oblaka s snemljivo prevleko, enostavno \u010di\u0161\u010denje"},"content":{"rendered":"[zc_getpagecontent mb=&#8221;mb_aplus&#8221; apid=&#8221;127&#8243;]\n","protected":false},"excerpt":{"rendered":"<ul>\n<li>Eleganten dizajn oblakov: Ta srednje velika pasja postelja se pona\u0161a z o\u010darljivim dizajnom, ki je navdihnjen z oblaki in ne le ujame bistvo naravnega po\u010divali\u0161\u010da hi\u0161nega ljubljen\u010dka na nebu, temve\u010d slu\u017ei tudi kot \u010dudovit poudarek v dekorju va\u0161ega doma; njeni mehki, nepravilni robovi posnemajo puhast videz pravega oblaka in zagotavljajo vizualno privla\u010den in vabljiv prostor za po\u010ditek va\u0161ega ljubljen\u010dka.<\/li>\n<li>Udobje in podpora: Izdelana iz gobaste podlage visoke gostote in visoke opore, postelja nudi trdno, a udobno oporo telesu va\u0161ega ljubljen\u010dka; Obdajajo\u010da blazina je napolnjena z mehkim PP bomba\u017eem, ki ne le prispeva k splo\u0161nemu udobju, temve\u010d zagotavlja tudi ne\u017eno blazino okoli robov, kar zagotavlja, da se va\u0161 ljubljen\u010dek po\u010duti varno in spro\u0161\u010deno.<\/li>\n<li>Trpe\u017ena z nedrse\u010do podlago: Postelja je izdelana iz trpe\u017ene, pli\u0161aste bele tkanine, ki jo je enostavno odstraniti, oprati in vzdr\u017eevati, nedrse\u010da podlaga pa zagotavlja, da postelja ostane na mestu tudi na gladkih tleh, kar zmanj\u0161uje tveganje, da jo va\u0161 ljubljen\u010dek med uporabo potiska ali zdrsne.<\/li>\n<li>Veliko prostora za ve\u010d hi\u0161nih ljubljen\u010dkov: Ta pasja postelja v obliki oblaka, zasnovana z velikodu\u0161nim notranjim prostorom 80 \u00d7 40 centimetrov, je dovolj prostorna, da udobno sprejme enega srednje velikega psa ali do tri majhne pse, zato je odli\u010dna izbira za lastnike hi\u0161nih ljubljen\u010dkov z ve\u010d hi\u0161nimi ljubljen\u010dki, ki \u017eelijo vsakemu od njih zagotoviti udoben in skupen prostor za po\u010ditek.<\/li>\n<li>Vsestranski in eleganten: Zaradi estetske privla\u010dnosti in prakti\u010dne zasnove je primeren za postavitev v kateri koli prostor hi\u0161e, vklju\u010dno z dnevnimi sobami, spalnicami in celo son\u010dnimi balkoni, ne da bi pri tem ogrozili slog ali udobje.<\/li>\n<\/ul>","protected":false},"featured_media":7532,"comment_status":"open","ping_status":"closed","template":"","meta":[],"product_brand":[],"product_cat":[227],"product_tag":[],"class_list":{"0":"post-7541","1":"product","2":"type-product","3":"status-publish","4":"has-post-thumbnail","6":"product_cat-pet-supplies","8":"first","9":"outofstock","10":"shipping-taxable","11":"purchasable","12":"product-type-simple"},"_links":{"self":[{"href":"https:\/\/www.largepillow.com\/sl\/wp-json\/wp\/v2\/product\/7541","targetHints":{"allow":["GET"]}}],"collection":[{"href":"https:\/\/www.largepillow.com\/sl\/wp-json\/wp\/v2\/product"}],"about":[{"href":"https:\/\/www.largepillow.com\/sl\/wp-json\/wp\/v2\/types\/product"}],"replies":[{"embeddable":true,"href":"https:\/\/www.largepillow.com\/sl\/wp-json\/wp\/v2\/comments?post=7541"}],"wp:featuredmedia":[{"embeddable":true,"href":"https:\/\/www.largepillow.com\/sl\/wp-json\/wp\/v2\/media\/7532"}],"wp:attachment":[{"href":"https:\/\/www.largepillow.com\/sl\/wp-json\/wp\/v2\/media?parent=7541"}],"wp:term":[{"taxonomy":"product_brand","embeddable":true,"href":"https:\/\/www.largepillow.com\/sl\/wp-json\/wp\/v2\/product_brand?post=7541"},{"taxonomy":"product_cat","embeddable":true,"href":"https:\/\/www.largepillow.com\/sl\/wp-json\/wp\/v2\/product_cat?post=7541"},{"taxonomy":"product_tag","embeddable":true,"href":"https:\/\/www.largepillow.com\/sl\/wp-json\/wp\/v2\/product_tag?post=7541"}],"curies":[{"name":"wp","href":"https:\/\/api.w.org\/{rel}","templated":true}]}}