{"id":7563,"date":"2025-05-19T03:29:58","date_gmt":"2025-05-19T03:29:58","guid":{"rendered":"https:\/\/www.largepillow.com\/product\/foldable-book-shaped-floor-pillow-cushion-unique-fun-gift"},"modified":"2025-06-17T23:03:30","modified_gmt":"2025-06-17T23:03:30","slug":"zlozljiva-blazina-za-tla-v-obliki-knjige-edinstveno-zabavno-darilo","status":"publish","type":"product","link":"https:\/\/www.largepillow.com\/sl\/product\/foldable-book-shaped-floor-pillow-cushion-unique-fun-gift\/","title":{"rendered":"Zlo\u017eljiva blazina za tla v obliki knjige, edinstveno zabavno darilo"},"content":{"rendered":"[zc_getpagecontent mb=&#8221;mb_aplus&#8221; apid=&#8221;106&#8243;]\n","protected":false},"excerpt":{"rendered":"<ul>\n<li>Vsestranskost in ustvarjalnost \u2013 Talna blazina v obliki zvezka je ve\u010d kot le prostor za sedenje; je zdru\u017eitev prakti\u010dnosti in ustvarjalnosti; ko se odpre, se spremeni v dve povezani blazini, ki zagotavljata dodatno sedenje ali naslonjalo, zaradi \u010desar je idealna tako za dom kot za pisarno. Njen edinstven videz zvezka ne le doda igriv pridih dekorju doma, temve\u010d tudi spodbudi va\u0161o domi\u0161ljijo.<\/li>\n<li>Priro\u010dnost shranjevanja \u2013 Ta blazina ima predal za shranjevanje, zaradi \u010desar ni le udoben sede\u017e, temve\u010d tudi prakti\u010dna re\u0161itev za shranjevanje, saj lahko preprosto shranite knjige, revije ali druge manj\u0161e predmete, s \u010dimer ohranite urejen prostor in hkrati ohranite bralno gradivo na dosegu roke, kar je idealno za ljubitelje knjig.<\/li>\n<li>Udobna bralna izku\u0161nja \u2013 Z visoko gostoto pene z visoko oporo na\u0161a blazina ponuja udobno sedenje in oporo, kar zagotavlja, da lahko tako otroci kot odrasli u\u017eivajo v prijetnem bralnem koti\u010dku na tleh, kar zmanj\u0161uje nelagodje zaradi dolgotrajnega branja.<\/li>\n<li>Ve\u010dnamenskost za fotografijo in dekoracijo \u2013 Zaradi edinstvene zasnove in \u017eivahnih barv je ta blazina izstopajo\u010d rekvizit v fotografiji. Lahko nudi ustvarjalno ozadje za dru\u017einske fotografije ali profesionalna snemanja, slu\u017ei pa tudi kot del notranje dekoracije in vsakemu prostoru doda \u017eivahnost in osebnost.<\/li>\n<li>Idealno za praznike in darila \u2013 Popolno prazni\u010dno darilo za tiste, ki i\u0161\u010dejo nekaj zabavnega in prakti\u010dnega. Ni le odli\u010dno bo\u017ei\u010dno darilo, temve\u010d tudi posebno darilo za vsako praznovanje, kot sta rojstni dan in no\u010d \u010darovnic, ki bo presenetilo in nasmejalo va\u0161e prijatelje in dru\u017eino.<\/li>\n<\/ul>","protected":false},"featured_media":7551,"comment_status":"open","ping_status":"closed","template":"","meta":[],"product_brand":[],"product_cat":[228],"product_tag":[],"class_list":{"0":"post-7563","1":"product","2":"type-product","3":"status-publish","4":"has-post-thumbnail","6":"product_cat-cushions","8":"first","9":"outofstock","10":"sold-individually","11":"shipping-taxable","12":"purchasable","13":"product-type-simple"},"_links":{"self":[{"href":"https:\/\/www.largepillow.com\/sl\/wp-json\/wp\/v2\/product\/7563","targetHints":{"allow":["GET"]}}],"collection":[{"href":"https:\/\/www.largepillow.com\/sl\/wp-json\/wp\/v2\/product"}],"about":[{"href":"https:\/\/www.largepillow.com\/sl\/wp-json\/wp\/v2\/types\/product"}],"replies":[{"embeddable":true,"href":"https:\/\/www.largepillow.com\/sl\/wp-json\/wp\/v2\/comments?post=7563"}],"wp:featuredmedia":[{"embeddable":true,"href":"https:\/\/www.largepillow.com\/sl\/wp-json\/wp\/v2\/media\/7551"}],"wp:attachment":[{"href":"https:\/\/www.largepillow.com\/sl\/wp-json\/wp\/v2\/media?parent=7563"}],"wp:term":[{"taxonomy":"product_brand","embeddable":true,"href":"https:\/\/www.largepillow.com\/sl\/wp-json\/wp\/v2\/product_brand?post=7563"},{"taxonomy":"product_cat","embeddable":true,"href":"https:\/\/www.largepillow.com\/sl\/wp-json\/wp\/v2\/product_cat?post=7563"},{"taxonomy":"product_tag","embeddable":true,"href":"https:\/\/www.largepillow.com\/sl\/wp-json\/wp\/v2\/product_tag?post=7563"}],"curies":[{"name":"wp","href":"https:\/\/api.w.org\/{rel}","templated":true}]}}