{"id":7700,"date":"2025-05-23T03:22:49","date_gmt":"2025-05-23T03:22:49","guid":{"rendered":"https:\/\/www.largepillow.com\/product\/premium-orthopedic-bed-for-large-dogs-non-slip-foam"},"modified":"2025-05-28T06:37:47","modified_gmt":"2025-05-28T06:37:47","slug":"vrhunska-okrogla-postelja-za-velike-pse-nedrseca-pena","status":"publish","type":"product","link":"https:\/\/www.largepillow.com\/sl\/product\/premium-round-pet-bed-for-large-dogs-non-slip-foam\/","title":{"rendered":"Vrhunska okrogla postelja za velike pse \u2013 nedrse\u010da pena"},"content":{"rendered":"[zc_getpagecontent mb=&#8221;mb_aplus&#8221; apid=&#8221;129&#8243;]\n","protected":false},"excerpt":{"rendered":"<ul>\n<li>Okrogla pasja postelja zdru\u017euje peno visoke gostote z ultra pli\u0161astimi povr\u0161inami, kar zagotavlja neprekosljivo laj\u0161anje bole\u010din v sklepih in udobje med globokim spanjem za velike pasme. Zasnovana za vzdr\u017eljivost in stabilnost, njena nedrse\u010da podlaga in prevleka, ki jo je mogo\u010de prati v pralnem stroju, jo naredijo najbolj\u0161o re\u0161itev za starajo\u010de se pse ali hi\u0161ne ljubljen\u010dke z displazijo kolkov.<\/li>\n<li>Veterinarsko priporo\u010dena opora: 11,3 cm debela pena prerazporedi te\u017eo in zmanj\u0161a pritisk na boke, komolce in sklepe \u2013 idealno za starej\u0161e pse, te\u017eje od 36 kg.<\/li>\n<li>Optimizacija za velikanske pasme: Okrogla zasnova s premerom 109 cm (43&quot;) omogo\u010da raztezanje celotnega telesa za nem\u0161ke ov\u010darje, nem\u0161ke doge in pasme XL do 70 kg.<\/li>\n<li>Tehnologija Hyper-Secure Base: Protizdrsna spodnja stran iz PVC-ja prepre\u010duje nevarne zdrse na parketu\/plo\u0161\u010dicah (preizku\u0161ena na silo ve\u010d kot 136 kg).<\/li>\n<li>Vzdr\u017eevanje brez te\u017eav: Snemljiva prevleka z zadrgo pre\u017eivi ve\u010d kot 100 pranj, ne da bi zbledela \u2013 odporna je na nesre\u010de, blato in mo\u010dno olupljanje.<\/li>\n<\/ul>","protected":false},"featured_media":7687,"comment_status":"open","ping_status":"closed","template":"","meta":[],"product_brand":[],"product_cat":[227],"product_tag":[],"class_list":{"0":"post-7700","1":"product","2":"type-product","3":"status-publish","4":"has-post-thumbnail","6":"product_cat-pet-supplies","8":"first","9":"instock","10":"shipping-taxable","11":"purchasable","12":"product-type-variable","13":"has-default-attributes"},"_links":{"self":[{"href":"https:\/\/www.largepillow.com\/sl\/wp-json\/wp\/v2\/product\/7700","targetHints":{"allow":["GET"]}}],"collection":[{"href":"https:\/\/www.largepillow.com\/sl\/wp-json\/wp\/v2\/product"}],"about":[{"href":"https:\/\/www.largepillow.com\/sl\/wp-json\/wp\/v2\/types\/product"}],"replies":[{"embeddable":true,"href":"https:\/\/www.largepillow.com\/sl\/wp-json\/wp\/v2\/comments?post=7700"}],"wp:featuredmedia":[{"embeddable":true,"href":"https:\/\/www.largepillow.com\/sl\/wp-json\/wp\/v2\/media\/7687"}],"wp:attachment":[{"href":"https:\/\/www.largepillow.com\/sl\/wp-json\/wp\/v2\/media?parent=7700"}],"wp:term":[{"taxonomy":"product_brand","embeddable":true,"href":"https:\/\/www.largepillow.com\/sl\/wp-json\/wp\/v2\/product_brand?post=7700"},{"taxonomy":"product_cat","embeddable":true,"href":"https:\/\/www.largepillow.com\/sl\/wp-json\/wp\/v2\/product_cat?post=7700"},{"taxonomy":"product_tag","embeddable":true,"href":"https:\/\/www.largepillow.com\/sl\/wp-json\/wp\/v2\/product_tag?post=7700"}],"curies":[{"name":"wp","href":"https:\/\/api.w.org\/{rel}","templated":true}]}}