{"id":7712,"date":"2025-05-23T03:28:33","date_gmt":"2025-05-23T03:28:33","guid":{"rendered":"https:\/\/www.largepillow.com\/product\/multi-purpose-fun-comfortable-bean-bag-chairs"},"modified":"2025-06-17T14:08:43","modified_gmt":"2025-06-17T14:08:43","slug":"vecnamenski-zabavni-udobni-vreci-za-sedenje","status":"publish","type":"product","link":"https:\/\/www.largepillow.com\/sl\/product\/multi-purpose-fun-comfortable-bean-bag-chairs","title":{"rendered":"Ve\u010dnamenski zabavni in udobni vre\u010di za sedenje"},"content":{"rendered":"[zc_getpagecontent mb=&#8221;mb_aplus&#8221; apid=&#8221;128&#8243;]\n","protected":false},"excerpt":{"rendered":"<ul>\n<li>Nadgradite svojo sprostitev z vre\u010do za sedenje CozyBanana, zasnovano za vrhunsko udobje in priro\u010dnost. Ta v obliki banane ima vrhunsko kratko pli\u0161asto tkanino, snemljivo prevleko, ki jo je mogo\u010de prati v pralnem stroju, in \u0161ik poudarek iz konopljine vrvi, zato ta stol v obliki banane zdru\u017euje razko\u0161je s prakti\u010dnostjo. Popoln je za spro\u0161\u010danje, igranje iger ali dreme\u017e, idealen pa je za sodobne domove, \u0161tudentske sobe ali prostore za zabavo.<\/li>\n<li>Vrhunsko udobje: globina sede\u017ea 61 cm in bomba\u017eno polnilo se prilagodita telesu za celodnevno podporo.<\/li>\n<li>Pralno v pralnem stroju: Snemljivo prevleko enostavno operite v hladni vodi, da ohranite sve\u017eino.<\/li>\n<li>Luksuzni materiali: Ko\u017ei prijazen, zra\u010den kratek pli\u0161 z detajli iz trpe\u017ene konopljine vrvi.<\/li>\n<li>Vsestranski slog: Oblika banane v slogu art decoja v enobarvni rumeni barvi dopolnjuje vsak dekor.<\/li>\n<li>Enostavno premikanje: Lahka (7,2 kg) z ro\u010daji za brezhibno prenosljivost iz sobe v sobo.<\/li>\n<li>Idealno za majhne prostore: Kompaktno, a prostorno (132 cm G x 61 cm \u0160) za stanovanja, spalnice ali bralne koti\u010dke.<\/li>\n<li>Zagotovljena vzdr\u017eljivost: Dvojno pre\u0161iti \u0161ivi in penaste kroglice visoke gostote prepre\u010dujejo pove\u0161anje.<\/li>\n<li>Ve\u010dnamenskost: Idealno za filmske ve\u010dere, igranje iger ali kot eleganten talni kav\u010d.<\/li>\n<\/ul>","protected":false},"featured_media":7703,"comment_status":"open","ping_status":"closed","template":"","meta":[],"product_brand":[],"product_cat":[228],"product_tag":[],"class_list":{"0":"post-7712","1":"product","2":"type-product","3":"status-publish","4":"has-post-thumbnail","6":"product_cat-cushions","8":"first","9":"instock","10":"sold-individually","11":"shipping-taxable","12":"purchasable","13":"product-type-simple"},"_links":{"self":[{"href":"https:\/\/www.largepillow.com\/sl\/wp-json\/wp\/v2\/product\/7712","targetHints":{"allow":["GET"]}}],"collection":[{"href":"https:\/\/www.largepillow.com\/sl\/wp-json\/wp\/v2\/product"}],"about":[{"href":"https:\/\/www.largepillow.com\/sl\/wp-json\/wp\/v2\/types\/product"}],"replies":[{"embeddable":true,"href":"https:\/\/www.largepillow.com\/sl\/wp-json\/wp\/v2\/comments?post=7712"}],"wp:featuredmedia":[{"embeddable":true,"href":"https:\/\/www.largepillow.com\/sl\/wp-json\/wp\/v2\/media\/7703"}],"wp:attachment":[{"href":"https:\/\/www.largepillow.com\/sl\/wp-json\/wp\/v2\/media?parent=7712"}],"wp:term":[{"taxonomy":"product_brand","embeddable":true,"href":"https:\/\/www.largepillow.com\/sl\/wp-json\/wp\/v2\/product_brand?post=7712"},{"taxonomy":"product_cat","embeddable":true,"href":"https:\/\/www.largepillow.com\/sl\/wp-json\/wp\/v2\/product_cat?post=7712"},{"taxonomy":"product_tag","embeddable":true,"href":"https:\/\/www.largepillow.com\/sl\/wp-json\/wp\/v2\/product_tag?post=7712"}],"curies":[{"name":"wp","href":"https:\/\/api.w.org\/{rel}","templated":true}]}}