{"id":781,"date":"2022-09-17T12:40:07","date_gmt":"2022-09-17T12:40:07","guid":{"rendered":"https:\/\/www.largepillow.com\/product\/wedge-pillow-for-acid-reflux_37_38_39"},"modified":"2025-01-24T18:55:31","modified_gmt":"2025-01-24T18:55:31","slug":"velik-trikotni-vzglavnik","status":"publish","type":"product","link":"https:\/\/www.largepillow.com\/sl\/product\/large-triangle-pillow-wedge\/","title":{"rendered":"Velika trikotna blazina za klin"},"content":{"rendered":"<p>Vzglavnik Ultimate Comfort Large Triangle<\/p>\n<p>I\u0161\u010dete popolno blazino za branje ali spro\u0161\u010danje? Naj vam predstavimo veliko trikotno blazino, vrhunsko blazino za udobje in oporo. <\/p>\n<p>Ta ekstra velika vzglavna blazina ima edinstveno ukrivljeno in dvignjeno dvojno vrsto naslonjala, ki podpira va\u0161o glavo, vrat in hrbet. Vrhunska opora vam pomaga, da se popolnoma sprostite brez napetosti, ne glede na to, ali sedite in berete, delate na prenosniku ali gledate televizijo v postelji.  <\/p>\n<p>Zaradi trikotne oblike je ta blazina neverjetno vsestranska. Uporabite jo pokonci kot blazino za hrbet, nagnjeno kot klinasto blazino za dvignjeno le\u017eanje ali celo kot blazino za noge za oporo celotnega telesa. \u0160est razpolo\u017eljivih dol\u017ein od 100 cm do 200 cm zagotavlja popolno prileganje na posteljo, kav\u010d ali zofo katere koli velikosti.<\/p>\n<p>Prevleka je izdelana iz mehkega in trpe\u017enega poliestra 100% v tkanini z videzom lana, zato se za enostavno \u010di\u0161\u010denje odpne z zadrgo. Priro\u010dni stranski \u017eepi vam omogo\u010dajo shranjevanje knjig, daljinskih upravljalnikov ali naprav, ki jih imate vedno pri roki. <\/p>\n<p>Tukaj je tisto, kar so nekatere stranke povedale po nakupu:<\/p>\n<p>\u201cV\u0161e\u010d mi je trigonometri\u010dna oblika te blazine, saj mi zelo dobro podpira hrbet in vrat med branjem ali delom na prenosniku v postelji.\u201d<\/p>\n<p>\u201cTa vzglavnik je popoln za pole\u017eavanje in gledanje televizije. Kot lahko enostavno prilagodim, da dvignem zgornji del telesa.\u201d<\/p>\n<p>\u201cIzjemno velika velikost je odli\u010dna za raztegovanje s knjigo. In v\u0161e\u010d mi je, da lahko po potrebi odstranim prevleko in jo operem.\u201d<\/p>\n<p>Z vrhunskim udobjem, nastavljivo trikotno obliko in kakovostno izdelavo je velika trikotna blazina za vzglavnik odli\u010den dodatek k vsaki spalnici ali dnevni sobi. Pridobite si popolno blazino za pole\u017eavanje, branje in sprostitev \u0161e danes!<\/p>","protected":false},"excerpt":{"rendered":"<ul>\n<li><strong>Vrhunsko udobje:<\/strong> Ta dvignjena blazina za vzglavje XL ponuja odli\u010dno udobje zaradi svoje ukrivljene oblike. Ta bralna blazina za vzglavje vam pomaga, da se sprostite na postelji, kav\u010du, dnevni postelji ali kav\u010du, kar je idealno za no\u010dne ptice, knji\u017ene molje in gledanje televizije v postelji.<\/li>\n<li><strong>Zasnova z dvignjenim naslonjalom:<\/strong> U\u017eivajte v neprimerljivem udobju z edinstveno zasnovo vzglavja z dvojno vrsto dvignjenega naslonjala. Vzglavje z dvignjenim naslonjalom nudi vrhunsko oporo za va\u0161 vrat in hrbet, zaradi \u010desar je idealen kraj za sprostitev in branje v postelji.<\/li>\n<li><strong>Ve\u010dnamenska blazina:<\/strong> S tremi razli\u010dnimi na\u010dini uporabe je na\u0161a blazina popolna za vsako situacijo. Ne glede na to, ali jo raje uporabljate kot vzglavnik za pokon\u010den hrbet, klinasto vzglavnik ali vzglavnik za noge za dvignjeno oporo, je idealen pripomo\u010dek za udoben po\u010ditek in sprostitev.<\/li>\n<li><strong>Vrhunska izdelava:<\/strong> Na\u0161a vzglavna blazina je izdelana iz tkanine z videzom lana, katere sestava je poliester 100%, in je polnjena z okolju prijaznim in visoko odpornim poliestrskim polnilom. Snemljiva blazina za vzglavje je enostavna za pranje v pralnem stroju, majhni stranski \u017eepi pa dodajo prakti\u010dnost temu \u017ee tako razko\u0161nemu izdelku.<\/li>\n<li><strong>Enostavno pranje:<\/strong> Prevleka za vzglavnik je pritrjena na notranjo stran vzglavnika z gumbi in jo je enostavno odstraniti z zadrgo. Zaradi tega je \u010di\u0161\u010denje enostavno. Preprosto odstranite prevleko in jo na hitro operite v pralnem stroju, da bo va\u0161a vzglavnik videti kot nova.<\/li>\n<li><strong>Velikost:<\/strong> 100 cm (D100 x \u016026 x V55 | 3 stolpci z gumbi), 120 cm (D120 x \u016026 x V55 | 4 stolpci z gumbi), 140 cm (D140 x \u016026 x V55 | 4 stolpci z gumbi), 160 cm (D160 x \u016026 x V55 | 5 stolpcev z gumbi), 180 cm (D180 x \u016026 x V55 | 6 stolpcev z gumbi), 200 cm (D200 x \u016026 x V55 | 7 stolpcev z gumbi).<\/li>\n<\/ul>","protected":false},"featured_media":767,"comment_status":"open","ping_status":"closed","template":"","meta":[],"product_brand":[],"product_cat":[15],"product_tag":[164,161,168,170,143,162,65],"class_list":{"0":"post-781","1":"product","2":"type-product","3":"status-publish","4":"has-post-thumbnail","6":"product_cat-large-wedge-pillow","7":"product_tag-detachable-bolster-bed-cushion","8":"product_tag-elevated-headboard-pillow","9":"product_tag-headboard-pillow","10":"product_tag-large-triangle-pillow-wedge","11":"product_tag-multifunctional-pillow","12":"product_tag-upright-back-pillow","13":"product_tag-wedge-pillow","15":"first","16":"instock","17":"shipping-taxable","18":"purchasable","19":"product-type-variable"},"_links":{"self":[{"href":"https:\/\/www.largepillow.com\/sl\/wp-json\/wp\/v2\/product\/781","targetHints":{"allow":["GET"]}}],"collection":[{"href":"https:\/\/www.largepillow.com\/sl\/wp-json\/wp\/v2\/product"}],"about":[{"href":"https:\/\/www.largepillow.com\/sl\/wp-json\/wp\/v2\/types\/product"}],"replies":[{"embeddable":true,"href":"https:\/\/www.largepillow.com\/sl\/wp-json\/wp\/v2\/comments?post=781"}],"wp:featuredmedia":[{"embeddable":true,"href":"https:\/\/www.largepillow.com\/sl\/wp-json\/wp\/v2\/media\/767"}],"wp:attachment":[{"href":"https:\/\/www.largepillow.com\/sl\/wp-json\/wp\/v2\/media?parent=781"}],"wp:term":[{"taxonomy":"product_brand","embeddable":true,"href":"https:\/\/www.largepillow.com\/sl\/wp-json\/wp\/v2\/product_brand?post=781"},{"taxonomy":"product_cat","embeddable":true,"href":"https:\/\/www.largepillow.com\/sl\/wp-json\/wp\/v2\/product_cat?post=781"},{"taxonomy":"product_tag","embeddable":true,"href":"https:\/\/www.largepillow.com\/sl\/wp-json\/wp\/v2\/product_tag?post=781"}],"curies":[{"name":"wp","href":"https:\/\/api.w.org\/{rel}","templated":true}]}}