{"id":802,"date":"2022-09-17T13:48:56","date_gmt":"2022-09-17T13:48:56","guid":{"rendered":"https:\/\/www.largepillow.com\/product\/wedge-pillow-for-acid-reflux_37_38_39_40"},"modified":"2026-03-13T16:55:31","modified_gmt":"2026-03-13T16:55:31","slug":"klinasta-blazina-za-vzglavnik","status":"publish","type":"product","link":"https:\/\/www.largepillow.com\/sl\/product\/wedge-bolster-pillow","title":{"rendered":"Vzglavnik s klinastim vzglavnikom"},"content":{"rendered":"<p>Ultimativni udobni klinasti vzglavnik<\/p>\n<p>I\u0161\u010dete popoln vzglavnik za branje ali gledanje televizije? Naj vam predstavimo vzglavnik Wedge Bolster \u2013 vrhunski vzglavnik z dvignjenim vzglavjem za vrhunsko udobje in oporo.<\/p>\n<p>Z ukrivljeno obliko in dvojno vrsto dvignjenega naslonjala ta blazina velikosti XL pravilno podpira va\u0161 vrat in hrbet med sedenjem v postelji. Ve\u010dnamenska zasnova je odli\u010dna tudi kot vzglavnik za pokon\u010den hrbet, klinasti vzglavnik ali vzglavnik za noge. <\/p>\n<p>Izdelana iz poliestra 100% z okolju prijaznim polnilom iz poliestrskih vlaken, ima tkanina laneni videz, ki se poda k dekorju katere koli spalnice. Snemljiva prevleka je za enostavno vzdr\u017eevanje pralna v pralnem stroju. Ta velika vzglavna blazina ima tudi majhne stranske \u017eepe za shranjevanje knjig, daljinskih upravljalnikov, telefonov in \u0161e ve\u010d. <\/p>\n<p>Tukaj je tisto, kar so povedale nekatere stranke:<\/p>\n<p>\u201cV\u0161e\u010d mi je videz in ob\u010dutek te vzglavne blazine. Lanena tkanina je zelo mehka in barva je v moji spalnici videti odli\u010dno.\u201d<\/p>\n<p>\u201cTa bralna blazina nudi fantasti\u010dno oporo za hrbet. Lahko ure in ure sedim v postelji brez bole\u010din v vratu ali hrbtu.\u201d<\/p>\n<p>\u201cDvignjena zasnova je odli\u010dna za branje ali delo na prenosniku v postelji. Predstavlja odli\u010dno naslonjalo, ki me udobno dr\u017ei pokonci.\u201d<\/p>\n<p>\u201cVzel sem velikost 160 cm in zavzame celoten vzglavni del postelje. Dovolj velika za udobno sedenje in gledanje filmov.\u201d<\/p>\n<p>Z dol\u017einami od 100 cm do 200 cm boste zagotovo na\u0161li velikost vzglavnika Wedge Bolster, ki ustreza va\u0161emu prostoru. Poskrbite za udobje hrbta, vratu in nog, ki si ga zaslu\u017eijo! Pridobite si ve\u010dnamensko vzglavje \u0161e danes.<\/p>","protected":false},"excerpt":{"rendered":"<ul>\n<li><strong>Vrhunsko udobje:<\/strong> Ta dvignjena blazina za vzglavje XL ponuja odli\u010dno udobje zaradi svoje ukrivljene oblike. Ta bralna blazina za vzglavje vam pomaga, da se sprostite na postelji, kav\u010du, dnevni postelji ali kav\u010du, kar je idealno za no\u010dne ptice, knji\u017ene molje in gledanje televizije v postelji.<\/li>\n<li><strong>Zasnova z dvignjenim naslonjalom:<\/strong> U\u017eivajte v neprimerljivem udobju z edinstveno zasnovo vzglavja z dvojno vrsto dvignjenega naslonjala. Vzglavje z dvignjenim naslonjalom nudi vrhunsko oporo za va\u0161 vrat in hrbet, zaradi \u010desar je idealen kraj za sprostitev in branje v postelji.<\/li>\n<li><strong>Ve\u010dnamenska blazina:<\/strong> S tremi razli\u010dnimi na\u010dini uporabe je na\u0161a blazina popolna za vsako situacijo. Ne glede na to, ali jo raje uporabljate kot vzglavnik za pokon\u010den hrbet, klinasto vzglavnik ali vzglavnik za noge za dvignjeno oporo, je idealen pripomo\u010dek za udoben po\u010ditek in sprostitev.<\/li>\n<li><strong>Vrhunska izdelava:<\/strong> Na\u0161a vzglavna blazina je izdelana iz tkanine z videzom lana, katere sestava je poliester 100%, in je polnjena z okolju prijaznim in visoko odpornim poliestrskim polnilom. Snemljiva blazina za vzglavje je enostavna za pranje v pralnem stroju, majhni stranski \u017eepi pa dodajo prakti\u010dnost temu \u017ee tako razko\u0161nemu izdelku.<\/li>\n<li><strong>Enostavno pranje:<\/strong> Prevleka za vzglavnik je pritrjena na notranjo stran vzglavnika z gumbi in jo je enostavno odstraniti z zadrgo. Zaradi tega je \u010di\u0161\u010denje enostavno. Preprosto odstranite prevleko in jo na hitro operite v pralnem stroju, da bo va\u0161a vzglavnik videti kot nova.<\/li>\n<li><strong>Velikost:<\/strong> 100 cm (D100 x \u016026 x V55 | 3 stolpci z gumbi), 120 cm (D120 x \u016026 x V55 | 4 stolpci z gumbi), 140 cm (D140 x \u016026 x V55 | 4 stolpci z gumbi), 160 cm (D160 x \u016026 x V55 | 5 stolpcev z gumbi), 180 cm (D180 x \u016026 x V55 | 6 stolpcev z gumbi), 200 cm (D200 x \u016026 x V55 | 7 stolpcev z gumbi).<\/li>\n<\/ul>","protected":false},"featured_media":788,"comment_status":"open","ping_status":"closed","template":"","meta":[],"product_brand":[],"product_cat":[15],"product_tag":[164,161,168,163,143,169,162,167,65],"class_list":{"0":"post-802","1":"product","2":"type-product","3":"status-publish","4":"has-post-thumbnail","6":"product_cat-large-wedge-pillow","7":"product_tag-detachable-bolster-bed-cushion","8":"product_tag-elevated-headboard-pillow","9":"product_tag-headboard-pillow","10":"product_tag-leg-pillow","11":"product_tag-multifunctional-pillow","12":"product_tag-support-pillow","13":"product_tag-upright-back-pillow","14":"product_tag-wedge-bolster-pillow","15":"product_tag-wedge-pillow","17":"first","18":"instock","19":"shipping-taxable","20":"purchasable","21":"product-type-variable"},"_links":{"self":[{"href":"https:\/\/www.largepillow.com\/sl\/wp-json\/wp\/v2\/product\/802","targetHints":{"allow":["GET"]}}],"collection":[{"href":"https:\/\/www.largepillow.com\/sl\/wp-json\/wp\/v2\/product"}],"about":[{"href":"https:\/\/www.largepillow.com\/sl\/wp-json\/wp\/v2\/types\/product"}],"replies":[{"embeddable":true,"href":"https:\/\/www.largepillow.com\/sl\/wp-json\/wp\/v2\/comments?post=802"}],"wp:featuredmedia":[{"embeddable":true,"href":"https:\/\/www.largepillow.com\/sl\/wp-json\/wp\/v2\/media\/788"}],"wp:attachment":[{"href":"https:\/\/www.largepillow.com\/sl\/wp-json\/wp\/v2\/media?parent=802"}],"wp:term":[{"taxonomy":"product_brand","embeddable":true,"href":"https:\/\/www.largepillow.com\/sl\/wp-json\/wp\/v2\/product_brand?post=802"},{"taxonomy":"product_cat","embeddable":true,"href":"https:\/\/www.largepillow.com\/sl\/wp-json\/wp\/v2\/product_cat?post=802"},{"taxonomy":"product_tag","embeddable":true,"href":"https:\/\/www.largepillow.com\/sl\/wp-json\/wp\/v2\/product_tag?post=802"}],"curies":[{"name":"wp","href":"https:\/\/api.w.org\/{rel}","templated":true}]}}