{"id":8155,"date":"2025-06-11T04:01:50","date_gmt":"2025-06-11T04:01:50","guid":{"rendered":"https:\/\/www.largepillow.com\/product\/large-floor-loveseat-casual-recliner-for-gaming-reading"},"modified":"2026-01-21T02:17:34","modified_gmt":"2026-01-21T02:17:34","slug":"velik-talni-dvosed-sproscen-naslanjac-za-igranje-iger-in-branje","status":"publish","type":"product","link":"https:\/\/www.largepillow.com\/sl\/product\/large-floor-loveseat-casual-recliner-for-gaming-reading","title":{"rendered":"Velik talni dvosed, spro\u0161\u010den naslanja\u010d za igranje iger, branje"},"content":{"rendered":"[zc_getpagecontent mb=&#8221;mb_aplus&#8221; apid=&#8221;136&#8243;]\n","protected":false},"excerpt":{"rendered":"<ul>\n<li>Enostavna namestitev: Na\u0161 velik le\u017ealnik je vakuumsko pakiran, prevleke za kav\u010d in 4 penaste okvirje pa bodo pakirani v 3 pakete. Ker ni kovinske strukture, je namestitev izjemno preprosta \u2013 preprosto pustite, da se pena raz\u0161iri 24\u201348 ur po prejemu, in jo sestavite v skladu z na\u0161im videoposnetkom o namestitvi. Velika zadrga na dnu omogo\u010da enostavno vzdr\u017eevanje, saj je snemljiva in pralna v pralnem stroju.<\/li>\n<li>Razko\u0161no udobje: Do\u017eivite pridih razko\u0161ja z na\u0161im prevelikim le\u017ealnikom za notranjo uporabo, oblazinjenim v ultra mehkem, \u0161iroko \u010drtastem kratkem pli\u0161u, ki po mehkobi in eleganci preka\u0161a standardni \u017eamet. Njegova pli\u0161astost vas objame in va\u0161emu telesu omogo\u010da, da se sprostite v kraljestvu sprostitve. Opomba: \u0160irok \u010drtast kratki pli\u0161 ima lahko zaradi zna\u010dilnosti tkanine nekoliko odpadajo\u010de dlake, vendar to ne vpliva na uporabo.<\/li>\n<li>Stabilna in pomirjujo\u010da opora: Na\u0161 prevelik le\u017ealnik, zasnovan s trdno penasto podlago in bogato napolnjen s puhastimi poliestrskimi vlakni, zagotavlja popolno ravnovesje med trdno oporo in nebe\u0161ko mehkobo. Pametna stopni\u010dasta zasnova naslonjala in naslonov za roke ustvarja u\u010dinek kokona, kar vam daje ob\u010dutek varnosti in udobja, ki prestane preizkus \u010dasa, ne da bi se povesil ali zlo\u017eil.<\/li>\n<li>Vsestranski in prostoren: Na\u0161 prostoren le\u017ealnik se brezhibno prilagodi va\u0161emu \u017eivljenjskemu slogu, pa naj bo to udoben raztegljiv kav\u010d v dnevni sobi ali spro\u0161\u010dujo\u010d le\u017ealnik v spalnici. Idealen je za delo, spro\u0161\u010danje ali zabavo in je vrhunski spremljevalec za razli\u010dne dejavnosti, od filmskih ve\u010derov in branja do kakovostnega \u010dasa z najdra\u017ejimi.<\/li>\n<li>Sodoben \u010dar: Predimenzioniran kav\u010d se pona\u0161a z elegantno, moderno estetiko, ki se brezhibno zlije z va\u0161im prostorom. Njegova nevtralna barvna paleta je brezhibno elegantna, vklju\u010ditev dveh ujemajo\u010dih se okrasnih blazin pa polep\u0161a dekor va\u0161ega doma z elegantnim, usklajenim videzom, ki v trenutku po\u017eivi vsak prostor.<\/li>\n<\/ul>","protected":false},"featured_media":8142,"comment_status":"open","ping_status":"closed","template":"","meta":[],"product_brand":[],"product_cat":[228],"product_tag":[],"class_list":{"0":"post-8155","1":"product","2":"type-product","3":"status-publish","4":"has-post-thumbnail","6":"product_cat-cushions","8":"first","9":"instock","10":"sale","11":"sold-individually","12":"shipping-taxable","13":"purchasable","14":"product-type-simple"},"_links":{"self":[{"href":"https:\/\/www.largepillow.com\/sl\/wp-json\/wp\/v2\/product\/8155","targetHints":{"allow":["GET"]}}],"collection":[{"href":"https:\/\/www.largepillow.com\/sl\/wp-json\/wp\/v2\/product"}],"about":[{"href":"https:\/\/www.largepillow.com\/sl\/wp-json\/wp\/v2\/types\/product"}],"replies":[{"embeddable":true,"href":"https:\/\/www.largepillow.com\/sl\/wp-json\/wp\/v2\/comments?post=8155"}],"wp:featuredmedia":[{"embeddable":true,"href":"https:\/\/www.largepillow.com\/sl\/wp-json\/wp\/v2\/media\/8142"}],"wp:attachment":[{"href":"https:\/\/www.largepillow.com\/sl\/wp-json\/wp\/v2\/media?parent=8155"}],"wp:term":[{"taxonomy":"product_brand","embeddable":true,"href":"https:\/\/www.largepillow.com\/sl\/wp-json\/wp\/v2\/product_brand?post=8155"},{"taxonomy":"product_cat","embeddable":true,"href":"https:\/\/www.largepillow.com\/sl\/wp-json\/wp\/v2\/product_cat?post=8155"},{"taxonomy":"product_tag","embeddable":true,"href":"https:\/\/www.largepillow.com\/sl\/wp-json\/wp\/v2\/product_tag?post=8155"}],"curies":[{"name":"wp","href":"https:\/\/api.w.org\/{rel}","templated":true}]}}