{"id":8208,"date":"2025-06-12T02:14:34","date_gmt":"2025-06-12T02:14:34","guid":{"rendered":"https:\/\/www.largepillow.com\/product\/boneless-curved-couch-soft-corduroy-sofa-for-living-room"},"modified":"2026-01-21T02:31:12","modified_gmt":"2026-01-21T02:31:12","slug":"brezkostni-ukrivljeni-kavc-iz-mehkega-zametnega-kavca-za-dnevno-sobo","status":"publish","type":"product","link":"https:\/\/www.largepillow.com\/sl\/product\/boneless-curved-couch-soft-corduroy-sofa-for-living-room\/","title":{"rendered":"Ukrivljen kav\u010d brez kosti \u2013 mehak \u017eametni kav\u010d za dnevno sobo"},"content":{"rendered":"[zc_getpagecontent mb=&#8221;mb_aplus&#8221; apid=&#8221;134&#8243;]\n","protected":false},"excerpt":{"rendered":"<ul>\n<li>Ukrivljena oblika z izjemno \u0161irokim udobjem: Ta kav\u010d dol\u017eine 85 palcev (214 cm) ima sede\u017e \u0161irine 35 palcev (91 cm) za maksimalno udobje pri raztezanju, ki ga podpirajo fiksne valjaste blazine za optimalno oporo hrbta in rok. Elegantna cikcak oblika se brezhibno prilega kotom ali odprtim prostorom, zaradi \u010desar je popolna za globoko sprostitev \u2013 ne glede na to, ali berete, dremate ali gledate svoje najljub\u0161e oddaje.<\/li>\n<li>Udobje v oblaku z ortopedsko oporo proti pove\u0161anju: Zgornje blazine in stranske opore so bogato napolnjene z mehkim PP bomba\u017eem za ob\u010dutek ugrezanja v oblaku. Pod tem trdna podlaga iz pene visoke gostote zagotavlja trpe\u017eno in podporno strukturo, ki vas ohranja dvignjene in poravnane \u2013 tudi po urah pole\u017eavanja.<\/li>\n<li>Ne glede na to, ali se zvijate s knjigo, brskate po telefonu ali u\u017eivate v nedeljskem dreme\u017eu, blazina z dvojno gostoto podpira va\u0161e telo in hkrati ohranja va\u0161o dr\u017eo poravnano.<\/li>\n<li>Enostavno \u010di\u0161\u010denje iz korduroja: Snemljive prevleke, pralne v pralnem stroju, z mehkobo umetnega zaj\u010djega krzna in teksturiranim \u010drtastim vzorcem. Odporne na made\u017ee, primerne za hi\u0161ne ljubljen\u010dke\/otroke.<\/li>\n<li>Zlo\u017eljiva in odstranljiva zasnova: Zgornji in spodnji del je mogo\u010de lo\u010diti in polo\u017eiti ravno na tla za vsestransko spro\u0161\u010danje. Uporabite ga kot talni kav\u010d, le\u017ealnik ali pa ga razdelite na 2 sede\u017ea. Idealno za majhna stanovanja, \u0161tudentske sobe, TV sobe ali bralne koti\u010dke.<\/li>\n<li>\u010clove\u0161ka vi\u0161ina: Premi\u0161ljeno zasnovana vi\u0161ina sede\u017ea omogo\u010da naravno upogibanje kolen in ravno po\u010ditek stopal na tleh \u2013 idealno za vsakodnevno sprostitev. Dvostranski valjasti vzglavniki zagotavljajo popolno oporo za hrbet in roke.<\/li>\n<\/ul>","protected":false},"featured_media":8192,"comment_status":"open","ping_status":"closed","template":"","meta":[],"product_brand":[],"product_cat":[228],"product_tag":[],"class_list":{"0":"post-8208","1":"product","2":"type-product","3":"status-publish","4":"has-post-thumbnail","6":"product_cat-cushions","8":"first","9":"instock","10":"sold-individually","11":"shipping-taxable","12":"purchasable","13":"product-type-simple"},"_links":{"self":[{"href":"https:\/\/www.largepillow.com\/sl\/wp-json\/wp\/v2\/product\/8208","targetHints":{"allow":["GET"]}}],"collection":[{"href":"https:\/\/www.largepillow.com\/sl\/wp-json\/wp\/v2\/product"}],"about":[{"href":"https:\/\/www.largepillow.com\/sl\/wp-json\/wp\/v2\/types\/product"}],"replies":[{"embeddable":true,"href":"https:\/\/www.largepillow.com\/sl\/wp-json\/wp\/v2\/comments?post=8208"}],"wp:featuredmedia":[{"embeddable":true,"href":"https:\/\/www.largepillow.com\/sl\/wp-json\/wp\/v2\/media\/8192"}],"wp:attachment":[{"href":"https:\/\/www.largepillow.com\/sl\/wp-json\/wp\/v2\/media?parent=8208"}],"wp:term":[{"taxonomy":"product_brand","embeddable":true,"href":"https:\/\/www.largepillow.com\/sl\/wp-json\/wp\/v2\/product_brand?post=8208"},{"taxonomy":"product_cat","embeddable":true,"href":"https:\/\/www.largepillow.com\/sl\/wp-json\/wp\/v2\/product_cat?post=8208"},{"taxonomy":"product_tag","embeddable":true,"href":"https:\/\/www.largepillow.com\/sl\/wp-json\/wp\/v2\/product_tag?post=8208"}],"curies":[{"name":"wp","href":"https:\/\/api.w.org\/{rel}","templated":true}]}}