{"id":8223,"date":"2025-06-12T02:27:17","date_gmt":"2025-06-12T02:27:17","guid":{"rendered":"https:\/\/www.largepillow.com\/product\/family-floor-couch-set-3-seater-ottoman-bolster"},"modified":"2025-06-17T14:08:43","modified_gmt":"2025-06-17T14:08:43","slug":"druzinski-talni-kavc-komplet-s-3-sedezi-in-otomanskim-vzglavnikom","status":"publish","type":"product","link":"https:\/\/www.largepillow.com\/sl\/product\/family-floor-couch-set-3-seater-ottoman-bolster\/","title":{"rendered":"Dru\u017einski komplet kav\u010dev: 3-sede\u017eni, otoman in vzglavnik"},"content":{"rendered":"[zc_getpagecontent mb=&#8221;mb_aplus&#8221; apid=&#8221;131&#8243;]\n","protected":false},"excerpt":{"rendered":"<ul>\n<li>Inovativna dvoconska zasnova: Ta modularna sekcijska sede\u017ena garnitura je domiselno zasnovana tako, da ustvarja lo\u010dene, a harmoni\u010dne prostore za star\u0161e in otroke; Postavitev s tremi sede\u017ei je mogo\u010de konfigurirati tako, da se prostor pregradi, kar star\u0161em omogo\u010da, da se nemoteno osredoto\u010dijo na delo, medtem ko otroci u\u017eivajo v igri ali sprostitvi v bli\u017eini.<\/li>\n<li>Prostorna 283 cm velika mizica: Z 283 cm veliko povr\u0161ino ponuja dovolj prostora za obe dejavnosti; star\u0161i lahko razprostirajo svoje delovne pripomo\u010dke na eni strani, otroci pa imajo dovolj prostora za igranje z igra\u010dami ali branje knjig, ne da bi posegali v prostor drug drugega, kar spodbuja mirno sobivanje.<\/li>\n<li>Udobne penaste blazine: Visokokakovostne penaste blazine niso le mehke za sprostitev, temve\u010d podpirajo tudi dolge ure sedenja; ne glede na to, ali so star\u0161i zaposleni s slu\u017ebenim klicem ali so otroci potopljeni v film, udobno sedenje zagotavlja, da nobena stran ne bo motena zaradi nelagodja.<\/li>\n<li>Vsestranski otoman: Prilo\u017eeni otoman se lahko uporablja kot lo\u010dena delovna povr\u0161ina za star\u0161e, saj njegova ravna povr\u0161ina zagotavlja stabilno povr\u0161ino za prenosne ra\u010dunalnike ali papirje; za otroke lahko slu\u017ei kot dodaten sede\u017e med igro ali kot naslon za noge med gledanjem risank, kar izbolj\u0161a funkcionalnost njihovega namenskega prostora.<\/li>\n<li>Valjasta blazina za podporo: Edinstvena valjasta blazina za podporo nudi ciljno usmerjeno oporo; star\u0161i jo lahko uporabljajo za ledveno oporo med dolgim delom, kar zmanj\u0161uje utrujenost hrbta, otroci pa se lahko vanjo stisnejo za dodatno udobje med branjem ali spro\u0161\u010danjem, zaradi \u010desar sta delo in igra \u0161e bolj prijetna.<\/li>\n<\/ul>","protected":false},"featured_media":8209,"comment_status":"open","ping_status":"closed","template":"","meta":[],"product_brand":[],"product_cat":[228],"product_tag":[],"class_list":{"0":"post-8223","1":"product","2":"type-product","3":"status-publish","4":"has-post-thumbnail","6":"product_cat-cushions","8":"first","9":"instock","10":"sold-individually","11":"shipping-taxable","12":"purchasable","13":"product-type-simple"},"_links":{"self":[{"href":"https:\/\/www.largepillow.com\/sl\/wp-json\/wp\/v2\/product\/8223","targetHints":{"allow":["GET"]}}],"collection":[{"href":"https:\/\/www.largepillow.com\/sl\/wp-json\/wp\/v2\/product"}],"about":[{"href":"https:\/\/www.largepillow.com\/sl\/wp-json\/wp\/v2\/types\/product"}],"replies":[{"embeddable":true,"href":"https:\/\/www.largepillow.com\/sl\/wp-json\/wp\/v2\/comments?post=8223"}],"wp:featuredmedia":[{"embeddable":true,"href":"https:\/\/www.largepillow.com\/sl\/wp-json\/wp\/v2\/media\/8209"}],"wp:attachment":[{"href":"https:\/\/www.largepillow.com\/sl\/wp-json\/wp\/v2\/media?parent=8223"}],"wp:term":[{"taxonomy":"product_brand","embeddable":true,"href":"https:\/\/www.largepillow.com\/sl\/wp-json\/wp\/v2\/product_brand?post=8223"},{"taxonomy":"product_cat","embeddable":true,"href":"https:\/\/www.largepillow.com\/sl\/wp-json\/wp\/v2\/product_cat?post=8223"},{"taxonomy":"product_tag","embeddable":true,"href":"https:\/\/www.largepillow.com\/sl\/wp-json\/wp\/v2\/product_tag?post=8223"}],"curies":[{"name":"wp","href":"https:\/\/api.w.org\/{rel}","templated":true}]}}