{"id":8262,"date":"2025-06-12T07:43:13","date_gmt":"2025-06-12T07:43:13","guid":{"rendered":"https:\/\/www.largepillow.com\/product\/multi-use-pillow-for-comfortable-sleep-sitting-with-back-support"},"modified":"2025-11-15T16:05:15","modified_gmt":"2025-11-15T16:05:15","slug":"vecnamenska-blazina-za-udobno-spanje-in-oporo-za-hrbet","status":"publish","type":"product","link":"https:\/\/www.largepillow.com\/sl\/product\/multi-use-pillow-for-comfortable-sleep-sitting-with-back-support","title":{"rendered":"Ve\u010dnamenska blazina za udobno spanje in sedenje z oporo za hrbet"},"content":{"rendered":"[zc_getpagecontent mb=&#8221;mb_aplus&#8221; apid=&#8221;117&#8243;]\n","protected":false},"excerpt":{"rendered":"<ul>\n<li>Vsestransko okrevanje po operaciji BBL: Na\u0161 komplet vzglavnikov BBL po operaciji je zasnovan za udobje in vsestranskost po operaciji BBL. Vklju\u010duje penasto vzglavnik BBL in vzglavnik za oporo hrbta. Njihova vsestranskost omogo\u010da, da ju uporabljate skupaj kot vzglavnik z obrazom navzdol po operaciji BBL ali kot komplet vzglavnika za dvig zadnjice BBL in vzglavnika za oporo hrbta, kar odli\u010dno re\u0161uje va\u0161e \u0161tevilne potrebe po operaciji BBL.<\/li>\n<li>Udobje spanja na trebuhu: Edinstvena zasnova lukenj vzglavnika z obrazom navzdol omogo\u010da spanec z obrazom navzdol, kar spodbuja optimalno udobje in dihanje. Ta polo\u017eaj pomaga pri pooperativnem okrevanju, vklju\u010dno z operacijo BBL ali drugimi operacijami o\u010di, vzglavnik pa je mogo\u010de prilagoditi za dodatno oporo tako, da roke ovijete spredaj.<\/li>\n<li>Podpora za dvig kolkov in bla\u017eenje hrbta: Penasta blazina za zadnjico podpira okrevanje kolkov, medtem ko blazina za hrbet iz bomba\u017ea PP nudi oporo za hrbet, kar omogo\u010da dalj\u0161e sedenje brez nelagodja. Ta komplet blazin za spanje, ki je idealen za razli\u010dne sede\u017ene povr\u0161ine, kot so restavracijski stoli, pisarni\u0161ki stoli, avtomobilski sede\u017ei in drugo, zadovolji va\u0161e potrebe po udobju po operaciji.<\/li>\n<li>Trpe\u017ena in podporna zasnova: Na\u0161 komplet vzglavnikov BBL je izdelan iz pene visoke gostote in lahko prenese do 100 kg, ne da bi se pogreznil ali splo\u0161\u010dil. Puhasto poliestrsko polnilo zagotavlja udobno oporo, mehke \u017eametne prevleke pa so snemljive in pralne v pralnem stroju za enostavno vzdr\u017eevanje.<\/li>\n<li>Ve\u010dnamenska uporaba: Poleg pooperativnega okrevanja lahko te blazine slu\u017eijo kot masa\u017ena blazina ali opora pri dejavnostih z obrazom navzdol, kot sta dreme\u017e za mizo ali spanje na trebuhu. Blazina za oporo hrbta je primerna za samostojno uporabo in lahko slu\u017ei kot bralna blazina za oporo hrbta po okrevanju.<\/li>\n<li>Hitra obnovitev oblike: Upo\u0161tevajte, da se lahko vzglavnik z obrazom navzdol nekoliko stisne, ko sedete, zato ne boste mogli dose\u010di njegove polne vi\u0161ine. Na\u0161i kompleti vzglavnikov so vakuumsko pakirani. Ko ga razpakirate, se bodo v 48\u201372 urah vrnili v prvotno obliko.<\/li>\n<\/ul>","protected":false},"featured_media":8255,"comment_status":"open","ping_status":"closed","template":"","meta":[],"product_brand":[],"product_cat":[228],"product_tag":[],"class_list":{"0":"post-8262","1":"product","2":"type-product","3":"status-publish","4":"has-post-thumbnail","6":"product_cat-cushions","8":"first","9":"instock","10":"shipping-taxable","11":"purchasable","12":"product-type-simple"},"_links":{"self":[{"href":"https:\/\/www.largepillow.com\/sl\/wp-json\/wp\/v2\/product\/8262","targetHints":{"allow":["GET"]}}],"collection":[{"href":"https:\/\/www.largepillow.com\/sl\/wp-json\/wp\/v2\/product"}],"about":[{"href":"https:\/\/www.largepillow.com\/sl\/wp-json\/wp\/v2\/types\/product"}],"replies":[{"embeddable":true,"href":"https:\/\/www.largepillow.com\/sl\/wp-json\/wp\/v2\/comments?post=8262"}],"wp:featuredmedia":[{"embeddable":true,"href":"https:\/\/www.largepillow.com\/sl\/wp-json\/wp\/v2\/media\/8255"}],"wp:attachment":[{"href":"https:\/\/www.largepillow.com\/sl\/wp-json\/wp\/v2\/media?parent=8262"}],"wp:term":[{"taxonomy":"product_brand","embeddable":true,"href":"https:\/\/www.largepillow.com\/sl\/wp-json\/wp\/v2\/product_brand?post=8262"},{"taxonomy":"product_cat","embeddable":true,"href":"https:\/\/www.largepillow.com\/sl\/wp-json\/wp\/v2\/product_cat?post=8262"},{"taxonomy":"product_tag","embeddable":true,"href":"https:\/\/www.largepillow.com\/sl\/wp-json\/wp\/v2\/product_tag?post=8262"}],"curies":[{"name":"wp","href":"https:\/\/api.w.org\/{rel}","templated":true}]}}