{"id":8334,"date":"2025-06-16T02:13:39","date_gmt":"2025-06-16T02:13:39","guid":{"rendered":"https:\/\/www.largepillow.com\/product\/stylish-bedroom-wedge-pillow-with-ergonomic-neck-rest"},"modified":"2025-06-17T02:29:59","modified_gmt":"2025-06-17T02:29:59","slug":"elegantna-klinasta-blazina-za-spalnico-z-ergonomskim-naslonom-za-vrat","status":"publish","type":"product","link":"https:\/\/www.largepillow.com\/sl\/product\/stylish-bedroom-wedge-pillow-with-ergonomic-neck-rest","title":{"rendered":"Elegantna klinasta blazina za spalnico z ergonomskim naslonom za vrat"},"content":{"rendered":"[zc_getpagecontent mb=&#8221;mb_aplus&#8221; apid=&#8221;118&#8243;]\n","protected":false},"excerpt":{"rendered":"<ul>\n<li>Inovativna dvodelna zasnova \u2013 Ta vzglavnik izstopa z edinstvenim dizajnom. Zgornji beli vzglavnik nudi oporo za glavo kot oblak, spodnji, \u0161ir\u0161i modri naslon pa nudi robustno oporo za hrbet, kar v va\u0161o spalnico prina\u0161a harmoni\u010dno me\u0161anico funkcionalnosti in stila.<\/li>\n<li>Neskon\u010dni scenariji uporabe \u2013 Ne glede na to, ali se poglabljate v o\u010darljiv roman, gledate svoje najljub\u0161e oddaje ali preprosto u\u017eivate v trenutku miru, je ta blazina va\u0161 popoln partner; idealna za lenobna nedeljska jutra, popoldanske sieste ali pozno no\u010dno branje, izbolj\u0161a va\u0161o sprostitev v postelji.<\/li>\n<li>Za udobje vseh \u2013 Na\u0161a blazina je zasnovana z mislijo na vklju\u010denost in je primerna za vse. \u0160tudenti se lahko sprostijo po dolgih u\u010dnih urah, strokovnjaki po napornem dnevu, starej\u0161i pa lahko med po\u010ditkom najdejo dodatno udobje. Njena ergonomska zasnova zagotavlja, da lahko ljudje vseh starosti in telesnih tipov u\u017eivajo v njeni odli\u010dni podpori in udobju.<\/li>\n<li>Prednost prilagodljive vi\u0161ine \u2013 Funkcija prilagodljive vi\u0161ine je revolucionarna. Z priro\u010dnim lepilnim trakom lahko brez te\u017eav prilagodite polo\u017eaj vzglavnika, ga dvignete za bolj\u0161o oporo vratu ali spustite za bolj spro\u0161\u010den polo\u017eaj in si tako prilagodite udobje svojim \u017eeljam.<\/li>\n<li>Vrhunska kakovost materialov \u2013 Na\u0161a vzglavna blazina obljublja kakovost in udobje, polnilo iz polipropilenskega bomba\u017ea in \u017eametna prevleka vzglavnika nudita razko\u0161en in ko\u017ei prijazen dotik; prevleka naslonjala iz polipropilenskega bomba\u017ea in poliestrskega lana je zra\u010dna in trpe\u017ena, kar zagotavlja dolgotrajno udobje in enostavno vzdr\u017eevanje.<\/li>\n<\/ul>","protected":false},"featured_media":8323,"comment_status":"open","ping_status":"closed","template":"","meta":[],"product_brand":[],"product_cat":[228],"product_tag":[],"class_list":{"0":"post-8334","1":"product","2":"type-product","3":"status-publish","4":"has-post-thumbnail","6":"product_cat-cushions","8":"first","9":"instock","10":"sold-individually","11":"shipping-taxable","12":"purchasable","13":"product-type-variable","14":"has-default-attributes"},"_links":{"self":[{"href":"https:\/\/www.largepillow.com\/sl\/wp-json\/wp\/v2\/product\/8334","targetHints":{"allow":["GET"]}}],"collection":[{"href":"https:\/\/www.largepillow.com\/sl\/wp-json\/wp\/v2\/product"}],"about":[{"href":"https:\/\/www.largepillow.com\/sl\/wp-json\/wp\/v2\/types\/product"}],"replies":[{"embeddable":true,"href":"https:\/\/www.largepillow.com\/sl\/wp-json\/wp\/v2\/comments?post=8334"}],"wp:featuredmedia":[{"embeddable":true,"href":"https:\/\/www.largepillow.com\/sl\/wp-json\/wp\/v2\/media\/8323"}],"wp:attachment":[{"href":"https:\/\/www.largepillow.com\/sl\/wp-json\/wp\/v2\/media?parent=8334"}],"wp:term":[{"taxonomy":"product_brand","embeddable":true,"href":"https:\/\/www.largepillow.com\/sl\/wp-json\/wp\/v2\/product_brand?post=8334"},{"taxonomy":"product_cat","embeddable":true,"href":"https:\/\/www.largepillow.com\/sl\/wp-json\/wp\/v2\/product_cat?post=8334"},{"taxonomy":"product_tag","embeddable":true,"href":"https:\/\/www.largepillow.com\/sl\/wp-json\/wp\/v2\/product_tag?post=8334"}],"curies":[{"name":"wp","href":"https:\/\/api.w.org\/{rel}","templated":true}]}}