{"id":8352,"date":"2025-06-16T02:45:20","date_gmt":"2025-06-16T02:45:20","guid":{"rendered":"https:\/\/www.largepillow.com\/product\/adjustable-cute-animal-body-pillow-headboard-pillow"},"modified":"2026-04-11T08:10:22","modified_gmt":"2026-04-11T08:10:22","slug":"vzglavnik-za-vzglavje-z-nastavljivo-ljubko-zivalsko-blazino","status":"publish","type":"product","link":"https:\/\/www.largepillow.com\/sl\/product\/adjustable-cute-animal-body-pillow-headboard-pillow","title":{"rendered":"Nastavljiva blazina za telo in vzglavje ljubke \u017eivali"},"content":{"rendered":"[zc_getpagecontent mb=&#8221;mb_aplus&#8221; apid=&#8221;119&#8243;]\n","protected":false},"excerpt":{"rendered":"<ul>\n<li>Edinstven dizajn \u2013 Ta vzglavnik, ki ga je navdihnila klasi\u010dna igra ka\u010d, ima sodoben in minimalisti\u010den dizajn. Njegova dvostranska barvna shema (siva in zelena) doda pridih stila; raztegljiva funkcija od 144 cm do 183 cm omogo\u010da, da ga prilagodite svojim potrebam, zaradi \u010desar je moderen in prakti\u010den dodatek k vsaki spalnici.<\/li>\n<li>Ve\u010d funkcij \u2013 Na\u0161a vzglavna blazina ni namenjena le sedenju v postelji, temve\u010d lahko slu\u017ei kot vzglavnik za telo, bralna blazina, polnilo za re\u017eo med posteljo in steno ali celo kot ograja za posteljo; ne glede na to, ali berete, gledate televizijo ali se samo spro\u0161\u010date v postelji, nudi odli\u010dno oporo in udobje.<\/li>\n<li>Visokokakovostni materiali \u2013 Polnjena s PP bomba\u017eem ponuja mehak in puhast otip, prevleka je izdelana iz flanele, ki je prijazna do ko\u017ee in trpe\u017ena; kombinacija materialov zagotavlja dolgotrajno udobje in prijeten otip.<\/li>\n<li>\u0160iroka uporabnost \u2013 Ta blazina, zasnovana tako za najstnike kot za odrasle, je primerna za \u0161irok krog uporabnikov; Ne glede na to, ali ste mlada oseba, ki i\u0161\u010de eleganten in funkcionalen kos za svojo spalnico, ali odrasla oseba, ki i\u0161\u010de udobje in oporo, je ta blazina odli\u010dna izbira.<\/li>\n<li>Priro\u010dna zasnova z zadrgo \u2013 Zunanjo prevleko vzglavnika je mogo\u010de enostavno odstraniti za \u010di\u0161\u010denje. Ta zasnova ne le pomaga ohranjati higieno vzglavnika, temve\u010d zagotavlja tudi njegovo dolgotrajno uporabo; Ni\u010d ve\u010d skrbi zaradi made\u017eev ali umazanije; samo odprite zadrgo, operite in spet u\u017eivajte v sve\u017eem videzu vzglavnika.<\/li>\n<\/ul>","protected":false},"featured_media":8344,"comment_status":"open","ping_status":"closed","template":"","meta":[],"product_brand":[],"product_cat":[228],"product_tag":[],"class_list":{"0":"post-8352","1":"product","2":"type-product","3":"status-publish","4":"has-post-thumbnail","6":"product_cat-cushions","8":"first","9":"instock","10":"shipping-taxable","11":"purchasable","12":"product-type-simple"},"_links":{"self":[{"href":"https:\/\/www.largepillow.com\/sl\/wp-json\/wp\/v2\/product\/8352","targetHints":{"allow":["GET"]}}],"collection":[{"href":"https:\/\/www.largepillow.com\/sl\/wp-json\/wp\/v2\/product"}],"about":[{"href":"https:\/\/www.largepillow.com\/sl\/wp-json\/wp\/v2\/types\/product"}],"replies":[{"embeddable":true,"href":"https:\/\/www.largepillow.com\/sl\/wp-json\/wp\/v2\/comments?post=8352"}],"wp:featuredmedia":[{"embeddable":true,"href":"https:\/\/www.largepillow.com\/sl\/wp-json\/wp\/v2\/media\/8344"}],"wp:attachment":[{"href":"https:\/\/www.largepillow.com\/sl\/wp-json\/wp\/v2\/media?parent=8352"}],"wp:term":[{"taxonomy":"product_brand","embeddable":true,"href":"https:\/\/www.largepillow.com\/sl\/wp-json\/wp\/v2\/product_brand?post=8352"},{"taxonomy":"product_cat","embeddable":true,"href":"https:\/\/www.largepillow.com\/sl\/wp-json\/wp\/v2\/product_cat?post=8352"},{"taxonomy":"product_tag","embeddable":true,"href":"https:\/\/www.largepillow.com\/sl\/wp-json\/wp\/v2\/product_tag?post=8352"}],"curies":[{"name":"wp","href":"https:\/\/api.w.org\/{rel}","templated":true}]}}