{"id":845,"date":"2022-09-17T14:14:51","date_gmt":"2022-09-17T14:14:51","guid":{"rendered":"https:\/\/www.largepillow.com\/product\/wedge-pillow-for-acid-reflux_37_38_39_40_41_42"},"modified":"2024-12-04T12:25:24","modified_gmt":"2024-12-04T12:25:24","slug":"okrasne-blazine-za-posteljo","status":"publish","type":"product","link":"https:\/\/www.largepillow.com\/sl\/product\/decorative-pillows-for-bed","title":{"rendered":"Dekorativne blazine za posteljo"},"content":{"rendered":"<p>Prepustite se neprekosljivemu udobju z na\u0161imi dekorativnimi blazinami za posteljo<\/p>\n<p>Spremenite svojo izku\u0161njo spanja z na\u0161imi skrbno izdelanimi dekorativnimi blazinami za posteljo, zasnovanimi za ve\u010dje udobje in sprostitev.<\/p>\n<p>Vrhunsko udobje in podpora<\/p>\n<p>Na\u0161e blazine imajo ukrivljeno obliko, ki se prilagaja konturam va\u0161ega telesa in zagotavlja neprimerljivo udobje. Ne glede na to, ali se spro\u0161\u010date v postelji, na kav\u010du ali sanjarite na kav\u010du, vas bo na\u0161a bralna blazina z vzglavjem sprostila in vam nudila oporo.<\/p>\n<p>Dvignjen hrbet za optimalno oporo<\/p>\n<p>Prepustite se razko\u0161ju na\u0161ega dvovrstnega dvignjenega naslonjala, ki je strokovno izdelano za izjemno oporo vratu in hrbtu. Potopite se v svojo najljub\u0161o knjigo ali se prepustite o\u010darljivemu filmu brez nelagodja ali napora.<\/p>\n<p>Vsestranska funkcionalnost<\/p>\n<p>U\u017eivajte v vsestranskosti na\u0161e blazine s tremi razli\u010dnimi na\u010dini uporabe. Postavite jo pokonci kot vzglavnik za hrbet, jo podprite kot klinasto blazino ali pa dvignite noge za ve\u010dje udobje. Je popoln dodatek za udobno namestitev in sprostitev.<\/p>\n<p>Vrhunska izdelava in vzdr\u017eljivost<\/p>\n<p>Na\u0161e vzglavne blazine so skrbno izdelane iz visokokakovostne tkanine z videzom lana, sestavljene iz poliestra 100% za vzdr\u017eljivost in enostavno vzdr\u017eevanje. Okolju prijazno in odporno polnilo iz poliestrskih vlaken zagotavlja dolgotrajno udobje. Poleg tega snemljiva vzglavna blazina olaj\u0161a \u010di\u0161\u010denje.<\/p>\n<p>\u010ci\u0161\u010denje brez napora<\/p>\n<p>Brez te\u017eav ohranite svojo blazino v brezhibnem stanju. Prevleka za vzglavje je pritrjena z gumbi, kar omogo\u010da enostavno odstranitev. Preprosto odprite zadrgo in jo vrzite v pralni stroj za hitro osve\u017eitev.<\/p>\n<p>Mo\u017enosti prilagodljive velikosti<\/p>\n<p>Izberite popolno velikost za va\u0161o posteljo iz na\u0161e obse\u017ene ponudbe mo\u017enosti:<\/p>\n<p>* 100 cm (D 100 x \u0160 26 x V 55)<br \/>\n* 120 cm (D120 x \u016026 x V55)<br \/>\n* 140 cm (D140 x \u016026 x V55)<br \/>\n* 160 cm (D160 x \u016026 x V55)<br \/>\n* 180 cm (D180 x \u016026 x V55)<br \/>\n* 200 cm (D200 x \u016026 x V55)<\/p>\n<p>Pri\u010devanja strank<\/p>\n<p>Na\u0161e zadovoljne stranke so navdu\u0161ene nad izjemno kakovostjo na\u0161ih okrasnih blazin za posteljo:<\/p>\n<p>* \u201cTa trikotna blazina ni le udobna, ampak tudi zelo prakti\u010dna. Z njo sem res zadovoljna!\u201d<br \/>\n* \u201cV\u0161e\u010d mi je laneni material. Je mehak in zra\u010den, barva pa je \u010dudovita.\u201d<br \/>\n* \u201cTo blazino sem kupila za mamo, ki jo boli hrbet. Zelo ji je olaj\u0161ala delo.\u201d<\/p>\n<p>Prepustite se vrhunskemu udobju in sprostitvi z na\u0161imi dekorativnimi blazinami za posteljo. Naro\u010dite svojo \u0161e danes in do\u017eivite neprimerljivo podporo in razko\u0161je, ki si ga zaslu\u017eite.<\/p>","protected":false},"excerpt":{"rendered":"<ul>\n<li><strong>Vrhunsko udobje:<\/strong> Ta dvignjena blazina za vzglavje XL ponuja odli\u010dno udobje zaradi svoje ukrivljene oblike. Ta bralna blazina za vzglavje vam pomaga, da se sprostite na postelji, kav\u010du, dnevni postelji ali kav\u010du, kar je idealno za no\u010dne ptice, knji\u017ene molje in gledanje televizije v postelji.<\/li>\n<li><strong>Zasnova z dvignjenim naslonjalom:<\/strong> U\u017eivajte v neprimerljivem udobju z edinstveno zasnovo vzglavja z dvojno vrsto dvignjenega naslonjala. Vzglavje z dvignjenim naslonjalom nudi vrhunsko oporo za va\u0161 vrat in hrbet, zaradi \u010desar je idealen kraj za sprostitev in branje v postelji.<\/li>\n<li><strong>Ve\u010dnamenska blazina:<\/strong> S tremi razli\u010dnimi na\u010dini uporabe je na\u0161a blazina popolna za vsako situacijo. Ne glede na to, ali jo raje uporabljate kot vzglavnik za pokon\u010den hrbet, klinasto vzglavnik ali vzglavnik za noge za dvignjeno oporo, je idealen pripomo\u010dek za udoben po\u010ditek in sprostitev.<\/li>\n<li><strong>Vrhunska izdelava:<\/strong> Na\u0161a vzglavna blazina je izdelana iz tkanine z videzom lana, katere sestava je poliester 100%, in je polnjena z okolju prijaznim in visoko odpornim poliestrskim polnilom. Snemljiva blazina za vzglavje je enostavna za pranje v pralnem stroju, majhni stranski \u017eepi pa dodajo prakti\u010dnost temu \u017ee tako razko\u0161nemu izdelku.<\/li>\n<li><strong>Enostavno pranje:<\/strong> Prevleka za vzglavnik je pritrjena na notranjo stran vzglavnika z gumbi in jo je enostavno odstraniti z zadrgo. Zaradi tega je \u010di\u0161\u010denje enostavno. Preprosto odstranite prevleko in jo na hitro operite v pralnem stroju, da bo va\u0161a vzglavnik videti kot nova.<\/li>\n<li><strong>Velikost:<\/strong> 100 cm (D100 x \u016026 x V55 | 3 stolpci z gumbi), 120 cm (D120 x \u016026 x V55 | 4 stolpci z gumbi), 140 cm (D140 x \u016026 x V55 | 4 stolpci z gumbi), 160 cm (D160 x \u016026 x V55 | 5 stolpcev z gumbi), 180 cm (D180 x \u016026 x V55 | 6 stolpcev z gumbi), 200 cm (D200 x \u016026 x V55 | 7 stolpcev z gumbi).<\/li>\n<\/ul>","protected":false},"featured_media":830,"comment_status":"open","ping_status":"closed","template":"","meta":[],"product_brand":[],"product_cat":[15],"product_tag":[145,165,164,161,143,162,65],"class_list":{"0":"post-845","1":"product","2":"type-product","3":"status-publish","4":"has-post-thumbnail","6":"product_cat-large-wedge-pillow","7":"product_tag-decorative-pillow","8":"product_tag-detachable-bolster","9":"product_tag-detachable-bolster-bed-cushion","10":"product_tag-elevated-headboard-pillow","11":"product_tag-multifunctional-pillow","12":"product_tag-upright-back-pillow","13":"product_tag-wedge-pillow","15":"first","16":"instock","17":"featured","18":"shipping-taxable","19":"purchasable","20":"product-type-variable"},"_links":{"self":[{"href":"https:\/\/www.largepillow.com\/sl\/wp-json\/wp\/v2\/product\/845","targetHints":{"allow":["GET"]}}],"collection":[{"href":"https:\/\/www.largepillow.com\/sl\/wp-json\/wp\/v2\/product"}],"about":[{"href":"https:\/\/www.largepillow.com\/sl\/wp-json\/wp\/v2\/types\/product"}],"replies":[{"embeddable":true,"href":"https:\/\/www.largepillow.com\/sl\/wp-json\/wp\/v2\/comments?post=845"}],"wp:featuredmedia":[{"embeddable":true,"href":"https:\/\/www.largepillow.com\/sl\/wp-json\/wp\/v2\/media\/830"}],"wp:attachment":[{"href":"https:\/\/www.largepillow.com\/sl\/wp-json\/wp\/v2\/media?parent=845"}],"wp:term":[{"taxonomy":"product_brand","embeddable":true,"href":"https:\/\/www.largepillow.com\/sl\/wp-json\/wp\/v2\/product_brand?post=845"},{"taxonomy":"product_cat","embeddable":true,"href":"https:\/\/www.largepillow.com\/sl\/wp-json\/wp\/v2\/product_cat?post=845"},{"taxonomy":"product_tag","embeddable":true,"href":"https:\/\/www.largepillow.com\/sl\/wp-json\/wp\/v2\/product_tag?post=845"}],"curies":[{"name":"wp","href":"https:\/\/api.w.org\/{rel}","templated":true}]}}