{"id":866,"date":"2022-09-17T14:44:55","date_gmt":"2022-09-17T14:44:55","guid":{"rendered":"https:\/\/www.largepillow.com\/product\/wedge-pillow-for-acid-reflux_37_38_39_40_41_42_43"},"modified":"2025-04-18T01:36:58","modified_gmt":"2025-04-18T01:36:58","slug":"hrbtna-blazina-za-spanje","status":"publish","type":"product","link":"https:\/\/www.largepillow.com\/sl\/product\/back-pillow-for-sleeping","title":{"rendered":"Vzglavnik za hrbet za spanje"},"content":{"rendered":"<p>Vzglavnik za spanje: vrhunski dodatek za udobje<\/p>\n<p>Ste naveli\u010dani nelagodja, ko se posku\u0161ate sprostiti v postelji, na kav\u010du, kav\u010du ali kav\u010du? Se pogosto te\u017eko namestite med branjem, gledanjem televizije ali delom v postelji? \u010ce je tako, je vzglavnik za spanje popoln dodatek za vas!<\/p>\n<p>Ena od izjemnih lastnosti tega izdelka je njegova ukrivljena oblika, ki ponuja odli\u010dno udobje. Ta bralna blazina z vzglavjem vam bo pomagala, da se boste sprostili, ne glede na to, kje ste. Ne glede na to, ali ste no\u010dna ptica, ki rada dela pozno v no\u010d, knji\u017eni molj, ki rad bere v postelji, ali nekdo, ki preprosto u\u017eiva v gledanju televizije v postelji, je ta blazina prava izbira za vas.<\/p>\n<p>Druga edinstvena lastnost vzglavnika za spanje je dvignjen hrbet. Zahvaljujo\u010d dvojnemu dvignjenemu hrbtu ta vzglavnik zagotavlja vrhunsko oporo za vrat in hrbet. Zaradi tega je popoln pripomo\u010dek za tiste, ki trpijo zaradi bole\u010din v hrbtu ali vratu, ali za vse, ki se preprosto \u017eelijo sprostiti in brati v postelji.<\/p>\n<p>Ve\u010dnamenska zasnova vzglavnika za spanje je \u0161e ena pomembna prednost. S tremi razli\u010dnimi na\u010dini uporabe je ta vzglavnik popoln za vsako situacijo. Ne glede na to, ali ga raje uporabljate kot vzglavnik za pokon\u010den hrbet, klinast vzglavnik ali vzglavnik za noge za dvignjeno oporo, je idealen pripomo\u010dek za udoben po\u010ditek in sprostitev.<\/p>\n<p>Kar zadeva izdelavo, je vzglavnik za spanje izdelan iz visokokakovostnih materialov. Blago z videzom lanu je sestavljeno iz poliestra 100%, vzglavnik pa je napolnjen z okolju prijaznim in visoko odpornim poliestrskim vlaknom. Poleg tega je snemljiv vzglavnik enostaven za pranje v pralnem stroju, majhni stranski \u017eepi pa dodajo prakti\u010dnost temu \u017ee tako razko\u0161nemu izdelku.<\/p>\n<p>Eden najbolj privla\u010dnih vidikov te blazine je njena enostavna uporaba in vzdr\u017eevanje. Prevleka za vzglavje je pritrjena na notranjo stran blazine z gumbi in jo je enostavno odstraniti z zadrgo. \u010ci\u0161\u010denje je tako brez te\u017eav. Preprosto odstranite prevleko in jo na hitro operite v pralnem stroju, da bo va\u0161a blazina videti kot nova.<\/p>\n<p>Vzglavnik za spanje je na voljo v razli\u010dnih velikostih, ki ustrezajo vsaki velikosti postelje: 100 cm, 120 cm, 140 cm, 160 cm, 180 cm in 200 cm. Tako boste zlahka na\u0161li popolno prileganje za svoje specifi\u010dne potrebe.<\/p>\n<p>Kot pi\u0161e ena zadovoljna stranka: \u00bbTa blazina je prelomnica! Ponuja toliko opore in udobja, \u0161tevilni na\u010dini uporabe pa jo naredijo popolno za vsako situacijo. Toplo jo priporo\u010dam vsem, ki \u017eelijo izbolj\u0161ati svoje spanje in sprostitev.\u00ab<\/p>\n<p>Na splo\u0161no je vzglavnik za spanje odli\u010dna nalo\u017eba za vse, ki \u017eelijo izbolj\u0161ati svoje udobje in sprostitev. Zaradi visokokakovostne izdelave, ve\u010dnamenske zasnove ter enostavnosti uporabe in vzdr\u017eevanja bo ta vzglavnik zagotovo postal va\u0161 najljub\u0161i dodatek \u0161e vrsto let.<\/p>","protected":false},"excerpt":{"rendered":"<ul>\n<li><strong>Vrhunsko udobje:<\/strong> Ta dvignjena blazina za vzglavje XL ponuja odli\u010dno udobje zaradi svoje ukrivljene oblike. Ta bralna blazina za vzglavje vam pomaga, da se sprostite na postelji, kav\u010du, dnevni postelji ali kav\u010du, kar je idealno za no\u010dne ptice, knji\u017ene molje in gledanje televizije v postelji.<\/li>\n<li><strong>Zasnova z dvignjenim naslonjalom:<\/strong> U\u017eivajte v neprimerljivem udobju z edinstveno zasnovo vzglavja z dvojno vrsto dvignjenega naslonjala. Vzglavje z dvignjenim naslonjalom nudi vrhunsko oporo za va\u0161 vrat in hrbet, zaradi \u010desar je idealen kraj za sprostitev in branje v postelji.<\/li>\n<li><strong>Ve\u010dnamenska blazina:<\/strong> S tremi razli\u010dnimi na\u010dini uporabe je na\u0161a blazina popolna za vsako situacijo. Ne glede na to, ali jo raje uporabljate kot vzglavnik za pokon\u010den hrbet, klinasto vzglavnik ali vzglavnik za noge za dvignjeno oporo, je idealen pripomo\u010dek za udoben po\u010ditek in sprostitev.<\/li>\n<li><strong>Vrhunska izdelava:<\/strong> Na\u0161a vzglavna blazina je izdelana iz tkanine z videzom lana, katere sestava je poliester 100%, in je polnjena z okolju prijaznim in visoko odpornim poliestrskim polnilom. Snemljiva blazina za vzglavje je enostavna za pranje v pralnem stroju, majhni stranski \u017eepi pa dodajo prakti\u010dnost temu \u017ee tako razko\u0161nemu izdelku.<\/li>\n<li><strong>Enostavno pranje:<\/strong> Prevleka za vzglavnik je pritrjena na notranjo stran vzglavnika z gumbi in jo je enostavno odstraniti z zadrgo. Zaradi tega je \u010di\u0161\u010denje enostavno. Preprosto odstranite prevleko in jo na hitro operite v pralnem stroju, da bo va\u0161a vzglavnik videti kot nova.<\/li>\n<li><strong>Velikost:<\/strong> 100 cm (D100 x \u016026 x V55 | 3 stolpci z gumbi), 120 cm (D120 x \u016026 x V55 | 4 stolpci z gumbi), 140 cm (D140 x \u016026 x V55 | 4 stolpci z gumbi), 160 cm (D160 x \u016026 x V55 | 5 stolpcev z gumbi), 180 cm (D180 x \u016026 x V55 | 6 stolpcev z gumbi), 200 cm (D200 x \u016026 x V55 | 7 stolpcev z gumbi).<\/li>\n<\/ul>","protected":false},"featured_media":852,"comment_status":"open","ping_status":"closed","template":"","meta":[],"product_brand":[],"product_cat":[15],"product_tag":[160,66,164,161,163,143,162,65],"class_list":{"0":"post-866","1":"product","2":"type-product","3":"status-publish","4":"has-post-thumbnail","6":"product_cat-large-wedge-pillow","7":"product_tag-back-pillow-for-sleeping","8":"product_tag-back-support-pillow","9":"product_tag-detachable-bolster-bed-cushion","10":"product_tag-elevated-headboard-pillow","11":"product_tag-leg-pillow","12":"product_tag-multifunctional-pillow","13":"product_tag-upright-back-pillow","14":"product_tag-wedge-pillow","16":"first","17":"instock","18":"featured","19":"shipping-taxable","20":"purchasable","21":"product-type-variable"},"_links":{"self":[{"href":"https:\/\/www.largepillow.com\/sl\/wp-json\/wp\/v2\/product\/866","targetHints":{"allow":["GET"]}}],"collection":[{"href":"https:\/\/www.largepillow.com\/sl\/wp-json\/wp\/v2\/product"}],"about":[{"href":"https:\/\/www.largepillow.com\/sl\/wp-json\/wp\/v2\/types\/product"}],"replies":[{"embeddable":true,"href":"https:\/\/www.largepillow.com\/sl\/wp-json\/wp\/v2\/comments?post=866"}],"wp:featuredmedia":[{"embeddable":true,"href":"https:\/\/www.largepillow.com\/sl\/wp-json\/wp\/v2\/media\/852"}],"wp:attachment":[{"href":"https:\/\/www.largepillow.com\/sl\/wp-json\/wp\/v2\/media?parent=866"}],"wp:term":[{"taxonomy":"product_brand","embeddable":true,"href":"https:\/\/www.largepillow.com\/sl\/wp-json\/wp\/v2\/product_brand?post=866"},{"taxonomy":"product_cat","embeddable":true,"href":"https:\/\/www.largepillow.com\/sl\/wp-json\/wp\/v2\/product_cat?post=866"},{"taxonomy":"product_tag","embeddable":true,"href":"https:\/\/www.largepillow.com\/sl\/wp-json\/wp\/v2\/product_tag?post=866"}],"curies":[{"name":"wp","href":"https:\/\/api.w.org\/{rel}","templated":true}]}}