{"id":882,"date":"2022-09-18T07:20:03","date_gmt":"2022-09-18T07:20:03","guid":{"rendered":"https:\/\/www.largepillow.com\/product\/wedge-pillow-for-acid-reflux_37_38_39_40_41_42_43_44"},"modified":"2024-10-03T16:31:35","modified_gmt":"2024-10-03T16:31:35","slug":"hrbtna-blazina-za-branje-v-postelji","status":"publish","type":"product","link":"https:\/\/www.largepillow.com\/sl\/product\/back-pillow-for-bed-readding\/","title":{"rendered":"Hrbtna blazina za branje v postelji"},"content":{"rendered":"<p>Odkrijte vrhunsko udobje z vzglavnikom za hrbet za branje v postelji: vrhunska izbira za sprostitev in oporo<\/p>\n<p>Na podro\u010dju udobja doma in dodatkov za spalnico izstopa vzglavnik za branje ob postelji kot obvezen kos za vse, ki si \u017eelijo izbolj\u0161ati svoj \u010das za sprostitev. Ne glede na to, ali ste no\u010dna ptica, ki dela pozno v no\u010d, navdu\u0161en bralec knjig ali nekdo, ki rad gleda televizijo v postelji, ta vzglavnik ponuja neprimerljivo udobje in oporo. Poglejmo, zakaj je ta vzglavnik za branje ob vzglavju odli\u010dna izbira za va\u0161e potrebe po spro\u0161\u010danju.<\/p>\n<p>Vrhunsko udobje z ukrivljeno obliko<\/p>\n<p>Edinstvena ukrivljena oblika te blazine za vzglavje XL je zasnovana tako, da vam zagotavlja udobje. Njena struktura je idealna za laj\u0161anje napetosti, medtem ko se udobno namestite na postelji, kav\u010du, kav\u010du ali kav\u010du. Ta lastnost pri\u010da o premi\u0161ljeni zasnovi, namenjeni zagotavljanju vrhunske sprostitvene izku\u0161nje.<\/p>\n<p>Dvignjena zasnova naslonjala za vrhunsko oporo<\/p>\n<p>Kar lo\u010di to vzglavno blazino od drugih, je njena inovativna zasnova z dvojno vrsto dvignjenega naslonjala. Ta zasnova nudi odli\u010dno oporo za va\u0161 vrat in hrbet ter se popolnoma prilega naravni ukrivljenosti va\u0161ega telesa. Je ve\u010d kot le blazina; je sprostitveno oazo, kjer se lahko sprostite, berete ali gledate televizijo v postelji z neprimerljivim udobjem.<\/p>\n<p>Ve\u010dnamenska blazina za vsestransko uporabo<\/p>\n<p>Vzglavnik za hrbet za branje v postelji ni le \u0161e en vzglavnik; je vsestranski pripomo\u010dek, zasnovan za ve\u010dnamensko uporabo. Ne glede na to, ali ga potrebujete kot vzglavnik za pokon\u010den hrbet, klinasto vzglavnik za oporo ali celo kot vzglavnik za noge za ve\u010dje udobje, se ta vzglavnik prilagodi va\u0161im potrebam, zaradi \u010desar je nepogre\u0161ljiv del va\u0161e sprostitvene rutine.<\/p>\n<p>Vrhunska izdelava in enostavno vzdr\u017eevanje<\/p>\n<p>Ta vzglavna blazina, izdelana iz \u017eametne tkanine iz poliestra 100%, ni le vizualno privla\u010dna, ampak je tudi izdelana za dolgo \u017eivljenjsko dobo. Napolnjena je z okolju prijaznim in visoko odpornim poliestrskim vlaknom, kar zagotavlja dolgotrajno udobje. Snemljiva vzglavna blazina je enostavna za pranje v pralnem stroju, kar olaj\u0161a vzdr\u017eevanje. Majhni stranski \u017eepi dodajo kan\u010dek prakti\u010dnosti, saj omogo\u010dajo enostavno shranjevanje bistvenih stvari pri roki.<\/p>\n<p>Enostavno \u010di\u0161\u010denje z zadrgo<\/p>\n<p>\u0160e ena prednost je enostavno \u010di\u0161\u010denje. Prevleko za vzglavnik, ki je na notranjo stran vzglavnika pritrjena z gumbi, je mogo\u010de enostavno odstraniti z zadrgo. Ta priro\u010dnost vam omogo\u010da, da bo va\u0161 vzglavnik videti in se ob njem po\u010dutil sve\u017ee z minimalnim naporom.<\/p>\n<p>Izberite svojo popolno velikost<\/p>\n<p>Z velikostmi od 100 cm do 200 cm lahko izberete popolno prileganje za va\u0161 prostor. Razli\u010dne velikosti imajo razli\u010dne konfiguracije gumbov, kar zagotavlja prilagojeno estetsko privla\u010dnost.<\/p>\n<p>Pohvale strank: Resni\u010dne izku\u0161nje<\/p>\n<p>Stranke so delile svoje izku\u0161nje in izpostavile udobje, kakovost in ve\u010dnamenske vidike vzglavnika za branje v postelji. Mnogi omenjajo, kako je preoblikoval njihove izku\u0161nje z branjem, delom in spro\u0161\u010danjem, \u0161e posebej pa pohvalijo njegovo oporo in estetiko oblikovanja. Izrazi \u201ctrikotni vzglavnik za hrbet\u201d, \u201c\u017eamet\u201d in \u201ckamelja barva\u201d se pogosto pojavljajo v ocenah, kar poudarja priljubljenost izdelka in zadovoljstvo uporabnikov.<\/p>\n<p>Izbolj\u0161ajte svojo izku\u0161njo udobja<\/p>\n<p>Vzglavnik za branje v postelji ni le vzglavnik; je pot do ve\u010djega udobja in sprostitve. Z vrhunskim dizajnom, izdelavo in ve\u010dnamensko uporabo izstopa kot odli\u010dna izbira za vse, ki \u017eelijo izbolj\u0161ati svoj prosti \u010das doma. Do\u017eivite vrhunsko sprostitev in oporo \u0161e danes ter spremenite na\u010din spro\u0161\u010danja v svojem osebnem prostoru.<\/p>","protected":false},"excerpt":{"rendered":"<ul>\n<li><strong>Vrhunsko udobje:<\/strong> Ta dvignjena blazina za vzglavje XL ponuja odli\u010dno udobje zaradi svoje ukrivljene oblike. Ta bralna blazina za vzglavje vam pomaga, da se sprostite na postelji, kav\u010du, dnevni postelji ali kav\u010du, kar je idealno za no\u010dne ptice, knji\u017ene molje in gledanje televizije v postelji.<\/li>\n<li><strong>Zasnova z dvignjenim naslonjalom:<\/strong> U\u017eivajte v neprimerljivem udobju z edinstveno zasnovo vzglavja z dvojno vrsto dvignjenega naslonjala. Vzglavje z dvignjenim naslonjalom nudi vrhunsko oporo za va\u0161 vrat in hrbet, zaradi \u010desar je idealen kraj za sprostitev in branje v postelji.<\/li>\n<li><strong>Ve\u010dnamenska blazina:<\/strong> S tremi razli\u010dnimi na\u010dini uporabe je na\u0161a blazina popolna za vsako situacijo. Ne glede na to, ali jo raje uporabljate kot vzglavnik za pokon\u010den hrbet, klinasto vzglavnik ali vzglavnik za noge za dvignjeno oporo, je idealen pripomo\u010dek za udoben po\u010ditek in sprostitev.<\/li>\n<li><strong>Vrhunska izdelava:<\/strong> Na\u0161a vzglavna blazina je izdelana iz tkanine z \u017eametnim videzom, katere sestava je poliester 100%, in je polnjena z okolju prijaznim in visoko odpornim poliestrskim polnilom. Snemljiva blazina za vzglavje je enostavna za pranje v pralnem stroju, majhni stranski \u017eepi pa dodajo prakti\u010dnost temu \u017ee tako razko\u0161nemu izdelku.<\/li>\n<li><strong>Enostavno pranje:<\/strong> Prevleka za vzglavnik je pritrjena na notranjo stran vzglavnika z gumbi in jo je enostavno odstraniti z zadrgo. Zaradi tega je \u010di\u0161\u010denje enostavno. Preprosto odstranite prevleko in jo na hitro operite v pralnem stroju, da bo va\u0161a vzglavnik videti kot nova.<\/li>\n<li><strong>Velikost:<\/strong> 100 cm (D100 x \u016026 x V55 | 3 stolpci z gumbi), 120 cm (D120 x \u016026 x V55 | 4 stolpci z gumbi), 140 cm (D140 x \u016026 x V55 | 4 stolpci z gumbi), 160 cm (D160 x \u016026 x V55 | 5 stolpcev z gumbi), 180 cm (D180 x \u016026 x V55 | 6 stolpcev z gumbi), 200 cm (D200 x \u016026 x V55 | 7 stolpcev z gumbi).<\/li>\n<\/ul>","protected":false},"featured_media":873,"comment_status":"open","ping_status":"closed","template":"","meta":[],"product_brand":[],"product_cat":[15],"product_tag":[180,183,181,168,171,143,182,120],"class_list":{"0":"post-882","1":"product","2":"type-product","3":"status-publish","4":"has-post-thumbnail","6":"product_cat-large-wedge-pillow","7":"product_tag-back-pillow","8":"product_tag-bed-reading-pillow","9":"product_tag-elevated-backrest-pillow","10":"product_tag-headboard-pillow","11":"product_tag-large-headboard-cushion","12":"product_tag-multifunctional-pillow","13":"product_tag-triangle-back-pillow","14":"product_tag-velvet-pillow","16":"first","17":"instock","18":"shipping-taxable","19":"purchasable","20":"product-type-variable"},"_links":{"self":[{"href":"https:\/\/www.largepillow.com\/sl\/wp-json\/wp\/v2\/product\/882","targetHints":{"allow":["GET"]}}],"collection":[{"href":"https:\/\/www.largepillow.com\/sl\/wp-json\/wp\/v2\/product"}],"about":[{"href":"https:\/\/www.largepillow.com\/sl\/wp-json\/wp\/v2\/types\/product"}],"replies":[{"embeddable":true,"href":"https:\/\/www.largepillow.com\/sl\/wp-json\/wp\/v2\/comments?post=882"}],"wp:featuredmedia":[{"embeddable":true,"href":"https:\/\/www.largepillow.com\/sl\/wp-json\/wp\/v2\/media\/873"}],"wp:attachment":[{"href":"https:\/\/www.largepillow.com\/sl\/wp-json\/wp\/v2\/media?parent=882"}],"wp:term":[{"taxonomy":"product_brand","embeddable":true,"href":"https:\/\/www.largepillow.com\/sl\/wp-json\/wp\/v2\/product_brand?post=882"},{"taxonomy":"product_cat","embeddable":true,"href":"https:\/\/www.largepillow.com\/sl\/wp-json\/wp\/v2\/product_cat?post=882"},{"taxonomy":"product_tag","embeddable":true,"href":"https:\/\/www.largepillow.com\/sl\/wp-json\/wp\/v2\/product_tag?post=882"}],"curies":[{"name":"wp","href":"https:\/\/api.w.org\/{rel}","templated":true}]}}