{"id":898,"date":"2022-09-18T07:32:15","date_gmt":"2022-09-18T07:32:15","guid":{"rendered":"https:\/\/www.largepillow.com\/product\/wedge-pillow-for-acid-reflux_37_38_39_40_41_42_43_44_45"},"modified":"2024-10-03T16:31:35","modified_gmt":"2024-10-03T16:31:35","slug":"vzglavnik-za-branje-na-hrbtu","status":"publish","type":"product","link":"https:\/\/www.largepillow.com\/sl\/product\/back-reading-pillow","title":{"rendered":"Vzglavnik za branje na hrbtu"},"content":{"rendered":"<p>Vrhunsko udobje: Vzglavnik za branje na hrbtu<\/p>\n<p>Prepustite se neprimerljivemu udobju z na\u0161o dvignjeno blazino za branje za hrbet XL, ki je popolna za izbolj\u0161anje va\u0161ega \u010dasa sprostitve v postelji, na kav\u010du ali na kav\u010du.<\/p>\n<p>Izjemna zasnova za ve\u010dje udobje<\/p>\n<p>Ta vzglavnik ima edinstveno zasnovo z dvojno vrsto dvignjenega naslonjala, ki zagotavlja optimalno oporo za va\u0161 vrat in hrbet. Ne glede na to, ali berete, gledate televizijo ali preprosto delate v postelji, vam bo ta vzglavnik za vzglavje poskrbel za spro\u0161\u010deno in udobno po\u010dutje.<\/p>\n<p>Vsestranska funkcionalnost za vse potrebe<\/p>\n<p>Na\u0161a ve\u010dnamenska blazina se prilagodi vsem va\u0161im potrebam. Uporabite jo kot vzglavnik za pokon\u010den hrbet pri branju, kot klinasto blazino za dodatno dvignjenost ali kot blazino za noge za bolj\u0161o cirkulacijo. Je popoln pripomo\u010dek za udoben po\u010ditek in sprostitev v vsaki situaciji.<\/p>\n<p>Vrhunska izdelava in enostavno vzdr\u017eevanje<\/p>\n<p>Ta vzglavna blazina, izdelana iz pli\u0161aste tkanine z videzom \u017eameta in polnjena z okolju prijaznimi poliestrskimi vlakni, iz\u017eareva razko\u0161je. Snemljivo blazino za vzglavje lahko enostavno operete v pralnem stroju, majhni stranski \u017eepi pa dodajo kan\u010dek prakti\u010dnosti.<\/p>\n<p>\u010ci\u0161\u010denje brez te\u017eav<\/p>\n<p>U\u017eivajte v enostavnem \u010di\u0161\u010denju z na\u0161o prevleko za vzglavnik. Ima zadrgo za hitro odstranitev, kar omogo\u010da enostavno pranje v pralnem stroju. Z minimalnim naporom bo va\u0161 vzglavnik videti sve\u017e in brezhiben.<\/p>\n<p>Pri\u010devanja strank<\/p>\n<p>\u201cTa blazina je neverjetna! V\u0161e\u010d mi je dvignjeno naslonjalo in mehka tkanina. Tako udobna je za branje v postelji.\u201d<\/p>\n<p>\u201cTo blazino toplo priporo\u010dam vsem, ki radi spro\u0161\u010dajo v postelji. Zame je prelomnica v smislu udobja in sprostitve.\u201d<\/p>\n<p>Razpolo\u017eljive velikosti<\/p>\n<p>Izbirajte med razli\u010dnimi velikostmi, ki se popolnoma prilegajo va\u0161i postelji ali sede\u017eni garnituri:<\/p>\n<p>* 100 cm (3 stolpci, gumbi)<br \/>\n* 120 cm (4 stolpci, gumbi)<br \/>\n* 140 cm (4 stolpci, gumbi)<br \/>\n* 160 cm (5 stolpcev, gumbi)<br \/>\n* 180 cm (6 stolpcev, gumbi)<br \/>\n* 200 cm (7 stolpcev, gumbi)<\/p>\n<p>Nadgradite svojo sprostitveno izku\u0161njo \u0161e danes z vzglavnikom za branje na hrbtu. Naro\u010dite ga zdaj in u\u017eivajte v vrhunskem udobju in podpori za vse va\u0161e potrebe po po\u010ditku.<\/p>","protected":false},"excerpt":{"rendered":"<ul>\n<li><strong>Vrhunsko udobje:<\/strong> Ta dvignjena blazina za vzglavje XL ponuja odli\u010dno udobje zaradi svoje ukrivljene oblike. Ta bralna blazina za vzglavje vam pomaga, da se sprostite na postelji, kav\u010du, dnevni postelji ali kav\u010du, kar je idealno za no\u010dne ptice, knji\u017ene molje in gledanje televizije v postelji.<\/li>\n<li><strong>Zasnova z dvignjenim naslonjalom:<\/strong> U\u017eivajte v neprimerljivem udobju z edinstveno zasnovo vzglavja z dvojno vrsto dvignjenega naslonjala. Vzglavje z dvignjenim naslonjalom nudi vrhunsko oporo za va\u0161 vrat in hrbet, zaradi \u010desar je idealen kraj za sprostitev in branje v postelji.<\/li>\n<li><strong>Ve\u010dnamenska blazina:<\/strong> S tremi razli\u010dnimi na\u010dini uporabe je na\u0161a blazina popolna za vsako situacijo. Ne glede na to, ali jo raje uporabljate kot vzglavnik za pokon\u010den hrbet, klinasto vzglavnik ali vzglavnik za noge za dvignjeno oporo, je idealen pripomo\u010dek za udoben po\u010ditek in sprostitev.<\/li>\n<li><strong>Vrhunska izdelava:<\/strong> Na\u0161a vzglavna blazina je izdelana iz tkanine z \u017eametnim videzom, katere sestava je poliester 100%, in je polnjena z okolju prijaznim in visoko odpornim poliestrskim polnilom. Snemljiva blazina za vzglavje je enostavna za pranje v pralnem stroju, majhni stranski \u017eepi pa dodajo prakti\u010dnost temu \u017ee tako razko\u0161nemu izdelku.<\/li>\n<li><strong>Enostavno pranje:<\/strong> Prevleka za vzglavnik je pritrjena na notranjo stran vzglavnika z gumbi in jo je enostavno odstraniti z zadrgo. Zaradi tega je \u010di\u0161\u010denje enostavno. Preprosto odstranite prevleko in jo na hitro operite v pralnem stroju, da bo va\u0161a vzglavnik videti kot nova.<\/li>\n<li><strong>Velikost:<\/strong> 100 cm (D100 x \u016026 x V55 | 3 stolpci z gumbi), 120 cm (D120 x \u016026 x V55 | 4 stolpci z gumbi), 140 cm (D140 x \u016026 x V55 | 4 stolpci z gumbi), 160 cm (D160 x \u016026 x V55 | 5 stolpcev z gumbi), 180 cm (D180 x \u016026 x V55 | 6 stolpcev z gumbi), 200 cm (D200 x \u016026 x V55 | 7 stolpcev z gumbi).<\/li>\n<\/ul>","protected":false},"featured_media":889,"comment_status":"open","ping_status":"closed","template":"","meta":[],"product_brand":[],"product_cat":[15],"product_tag":[102,109,161,168,177,143,59,71,120,65],"class_list":{"0":"post-898","1":"product","2":"type-product","3":"status-publish","4":"has-post-thumbnail","6":"product_cat-large-wedge-pillow","7":"product_tag-couch-pillow","8":"product_tag-daybed-cushion","9":"product_tag-elevated-headboard-pillow","10":"product_tag-headboard-pillow","11":"product_tag-luxury-pillow","12":"product_tag-multifunctional-pillow","13":"product_tag-reading-pillow","14":"product_tag-tv-pillow","15":"product_tag-velvet-pillow","16":"product_tag-wedge-pillow","18":"first","19":"instock","20":"shipping-taxable","21":"purchasable","22":"product-type-variable"},"_links":{"self":[{"href":"https:\/\/www.largepillow.com\/sl\/wp-json\/wp\/v2\/product\/898","targetHints":{"allow":["GET"]}}],"collection":[{"href":"https:\/\/www.largepillow.com\/sl\/wp-json\/wp\/v2\/product"}],"about":[{"href":"https:\/\/www.largepillow.com\/sl\/wp-json\/wp\/v2\/types\/product"}],"replies":[{"embeddable":true,"href":"https:\/\/www.largepillow.com\/sl\/wp-json\/wp\/v2\/comments?post=898"}],"wp:featuredmedia":[{"embeddable":true,"href":"https:\/\/www.largepillow.com\/sl\/wp-json\/wp\/v2\/media\/889"}],"wp:attachment":[{"href":"https:\/\/www.largepillow.com\/sl\/wp-json\/wp\/v2\/media?parent=898"}],"wp:term":[{"taxonomy":"product_brand","embeddable":true,"href":"https:\/\/www.largepillow.com\/sl\/wp-json\/wp\/v2\/product_brand?post=898"},{"taxonomy":"product_cat","embeddable":true,"href":"https:\/\/www.largepillow.com\/sl\/wp-json\/wp\/v2\/product_cat?post=898"},{"taxonomy":"product_tag","embeddable":true,"href":"https:\/\/www.largepillow.com\/sl\/wp-json\/wp\/v2\/product_tag?post=898"}],"curies":[{"name":"wp","href":"https:\/\/api.w.org\/{rel}","templated":true}]}}