{"id":914,"date":"2022-09-18T08:07:44","date_gmt":"2022-09-18T08:07:44","guid":{"rendered":"https:\/\/www.largepillow.com\/product\/wedge-pillow-for-acid-reflux_37_38_39_40_41_42_43_44_45_46"},"modified":"2025-06-12T17:32:43","modified_gmt":"2025-06-12T17:32:43","slug":"vzglavnik-za-posteljo-2","status":"publish","type":"product","link":"https:\/\/www.largepillow.com\/sl\/product\/bolster-pillow-for-bed","title":{"rendered":"Vzglavnik za posteljo"},"content":{"rendered":"<p>Vzglavnik Bolster za posteljo \u2013 popoln dodatek za prijeten ve\u010der doma ali lenoben dan, pre\u017eivet v postelji. Ta izjemno velik vzglavnik z dvignjenim vzglavjem ponuja vrhunsko udobje s svojo edinstveno ukrivljeno obliko, ki vam omogo\u010da, da ostanete brez napetosti med delom, branjem ali gledanjem televizije v postelji. <\/p>\n<p>Vzglavna blazina z dvignjenim naslonjalom zagotavlja vrhunsko oporo za vrat in hrbet, zaradi \u010desar je idealen kraj za sprostitev in branje v postelji. Blazina je prav tako odli\u010dna za vsako situacijo, saj jo lahko uporabljate na tri razli\u010dne na\u010dine. Ne glede na to, ali jo raje uporabljate kot vzglavnik za pokon\u010den hrbet, klinasto vzglavnik ali vzglavnik za noge za dvignjeno oporo, je ta ve\u010dnamenska blazina zasnovana za va\u0161e udobje.<\/p>\n<p>Vzglavnik za posteljo Bolster je izdelan iz visokokakovostne tkanine z videzom \u017eameta in napolnjen z okolju prijaznimi in visoko odpornimi poliestrskimi vlakni, zato je trpe\u017een in izdelan za dolgo \u017eivljenjsko dobo. Snemljiv vzglavnik za posteljo je enostaven za pranje v pralnem stroju, majhni stranski \u017eepi pa dodajo prakti\u010dnost temu \u017ee tako razko\u0161nemu izdelku.<\/p>\n<p>Ta blazina, ki je na voljo v \u0161estih razli\u010dnih velikostih od 100 cm do 200 cm, je popolna za katero koli posteljo, kav\u010d, dnevno posteljo ali kav\u010d. Izberete lahko tisto, ki ustreza va\u0161im potrebam, ne glede na to, ali jo \u017eelite uporabljati za branje, delo ali samo za spro\u0161\u010danje.<\/p>\n<p>In ne verjemite nam kar na besedo. Ena zadovoljna stranka je komentirala: \u201cTa blazina je neverjetna! Je tako udobna in popolne velikosti. Blago je mehko in prijetno, ve\u010d gumbov pa omogo\u010da enostavno prilagajanje va\u0161im \u017eeljam. Vsekakor se spla\u010da investirati.\u201d<\/p>\n<p>Druga zadovoljna stranka, ki je kupila blazino iz holandskega \u017eameta v barvi kave, je dejala: \u201cTa blazina je tako mehka in udobna. Je popolne velikosti za mojo posteljo, barva pa je \u010dudovita. Uporabljam jo vsak dan za branje in gledanje televizije, in zelo mi je izbolj\u0161ala udobje.\u201d<\/p>\n<p>Skratka, vzglavnik Bolster je obvezen kos za vse, ki radi pre\u017eivljajo \u010das v postelji. Ponuja vrhunsko udobje, vrhunsko oporo in je izdelan za dolgo \u017eivljenjsko dobo z visokokakovostno izdelavo. Izberite svojo velikost in barvo ter do\u017eivite popolno sprostitev.<\/p>","protected":false},"excerpt":{"rendered":"<ul>\n<li><strong>Vrhunsko udobje:<\/strong> Ta dvignjena blazina za vzglavje XL ponuja odli\u010dno udobje zaradi svoje ukrivljene oblike. Ta bralna blazina za vzglavje vam pomaga, da se sprostite na postelji, kav\u010du, dnevni postelji ali kav\u010du, kar je idealno za no\u010dne ptice, knji\u017ene molje in gledanje televizije v postelji.<\/li>\n<li><strong>Zasnova z dvignjenim naslonjalom:<\/strong> U\u017eivajte v neprimerljivem udobju z edinstveno zasnovo vzglavja z dvojno vrsto dvignjenega naslonjala. Vzglavje z dvignjenim naslonjalom nudi vrhunsko oporo za va\u0161 vrat in hrbet, zaradi \u010desar je idealen kraj za sprostitev in branje v postelji.<\/li>\n<li><strong>Ve\u010dnamenska blazina:<\/strong> S tremi razli\u010dnimi na\u010dini uporabe je na\u0161a blazina popolna za vsako situacijo. Ne glede na to, ali jo raje uporabljate kot vzglavnik za pokon\u010den hrbet, klinasto vzglavnik ali vzglavnik za noge za dvignjeno oporo, je idealen pripomo\u010dek za udoben po\u010ditek in sprostitev.<\/li>\n<li><strong>Vrhunska izdelava:<\/strong> Na\u0161a vzglavna blazina je izdelana iz tkanine z \u017eametnim videzom, katere sestava je poliester 100%, in je polnjena z okolju prijaznim in visoko odpornim poliestrskim polnilom. Snemljiva blazina za vzglavje je enostavna za pranje v pralnem stroju, majhni stranski \u017eepi pa dodajo prakti\u010dnost temu \u017ee tako razko\u0161nemu izdelku.<\/li>\n<li><strong>Enostavno pranje:<\/strong> Prevleka za vzglavnik je pritrjena na notranjo stran vzglavnika z gumbi in jo je enostavno odstraniti z zadrgo. Zaradi tega je \u010di\u0161\u010denje enostavno. Preprosto odstranite prevleko in jo na hitro operite v pralnem stroju, da bo va\u0161a vzglavnik videti kot nova.<\/li>\n<li><strong>Velikost:<\/strong> 100 cm (D100 x \u016026 x V55 | 3 stolpci z gumbi), 120 cm (D120 x \u016026 x V55 | 4 stolpci z gumbi), 140 cm (D140 x \u016026 x V55 | 4 stolpci z gumbi), 160 cm (D160 x \u016026 x V55 | 5 stolpcev z gumbi), 180 cm (D180 x \u016026 x V55 | 6 stolpcev z gumbi), 200 cm (D200 x \u016026 x V55 | 7 stolpcev z gumbi).<\/li>\n<\/ul>","protected":false},"featured_media":905,"comment_status":"open","ping_status":"closed","template":"","meta":[],"product_brand":[],"product_cat":[15],"product_tag":[178,164,161,168,179,163,143,162,65],"class_list":{"0":"post-914","1":"product","2":"type-product","3":"status-publish","4":"has-post-thumbnail","6":"product_cat-large-wedge-pillow","7":"product_tag-bolster-pillow-for-bed","8":"product_tag-detachable-bolster-bed-cushion","9":"product_tag-elevated-headboard-pillow","10":"product_tag-headboard-pillow","11":"product_tag-headboard-reading-pillow","12":"product_tag-leg-pillow","13":"product_tag-multifunctional-pillow","14":"product_tag-upright-back-pillow","15":"product_tag-wedge-pillow","17":"first","18":"instock","19":"shipping-taxable","20":"purchasable","21":"product-type-variable"},"_links":{"self":[{"href":"https:\/\/www.largepillow.com\/sl\/wp-json\/wp\/v2\/product\/914","targetHints":{"allow":["GET"]}}],"collection":[{"href":"https:\/\/www.largepillow.com\/sl\/wp-json\/wp\/v2\/product"}],"about":[{"href":"https:\/\/www.largepillow.com\/sl\/wp-json\/wp\/v2\/types\/product"}],"replies":[{"embeddable":true,"href":"https:\/\/www.largepillow.com\/sl\/wp-json\/wp\/v2\/comments?post=914"}],"wp:featuredmedia":[{"embeddable":true,"href":"https:\/\/www.largepillow.com\/sl\/wp-json\/wp\/v2\/media\/905"}],"wp:attachment":[{"href":"https:\/\/www.largepillow.com\/sl\/wp-json\/wp\/v2\/media?parent=914"}],"wp:term":[{"taxonomy":"product_brand","embeddable":true,"href":"https:\/\/www.largepillow.com\/sl\/wp-json\/wp\/v2\/product_brand?post=914"},{"taxonomy":"product_cat","embeddable":true,"href":"https:\/\/www.largepillow.com\/sl\/wp-json\/wp\/v2\/product_cat?post=914"},{"taxonomy":"product_tag","embeddable":true,"href":"https:\/\/www.largepillow.com\/sl\/wp-json\/wp\/v2\/product_tag?post=914"}],"curies":[{"name":"wp","href":"https:\/\/api.w.org\/{rel}","templated":true}]}}