{"id":962,"date":"2022-09-18T08:44:12","date_gmt":"2022-09-18T08:44:12","guid":{"rendered":"https:\/\/www.largepillow.com\/product\/wedge-pillow-for-acid-reflux_37_38_39_40_41_42_43_44_45_46_47_48_49"},"modified":"2026-01-20T12:03:43","modified_gmt":"2026-01-20T12:03:43","slug":"velika-vzglavna-blazina-3","status":"publish","type":"product","link":"https:\/\/www.largepillow.com\/sl\/product\/large-bolster-cushion","title":{"rendered":"Velika blazina za vzglavnik"},"content":{"rendered":"<p>I\u0161\u010dete vrhunsko udobje med branjem ali gledanjem televizije v postelji? Ne i\u0161\u010dite dlje od na\u0161e velike blazine za vzglavnik.<\/p>\n<p>Ta vzglavnik XL z dvignjenim vzglavjem ima ukrivljeno obliko, ki uporabnikom zagotavlja odli\u010dno udobje. Ne glede na to, ali ste no\u010dne ptice, knji\u017eni molji ali se preprosto \u017eelite sprostiti v postelji, je ta vzglavnik odli\u010den na\u010din za sprostitev. Dvignjena zasnova naslonjala zagotavlja vrhunsko oporo za vrat in hrbet, zaradi \u010desar je idealen kraj za sprostitev in branje v postelji.<\/p>\n<p>Na\u0161a blazina je ve\u010dnamenska in jo lahko uporabljate na tri razli\u010dne na\u010dine. Ne glede na to, ali jo raje uporabljate kot vzglavnik za pokon\u010den hrbet, klinasto vzglavnik ali vzglavnik za noge za vi\u0161jo oporo, je idealen pripomo\u010dek za udoben po\u010ditek in sprostitev.<\/p>\n<p>Na\u0161a vzglavna blazina je izdelana iz \u017eametne tkanine iz poliestra 100% in je polnjena z okolju prijaznim in visoko odpornim poliestrskim polnilom. Snemljiva blazina za vzglavje je enostavna za pranje v pralnem stroju, majhni stranski \u017eepi pa dodajo prakti\u010dnost temu \u017ee tako razko\u0161nemu izdelku.<\/p>\n<p>Poleg tega je ta vzglavnik enostavno oprati, saj je prevleka za vzglavnik pritrjena na notranjo stran vzglavnika z gumbi in jo je enostavno odstraniti z zadrgo. Preprosto odstranite prevleko in jo na hitro operite v pralnem stroju, da bo va\u0161 vzglavnik videti kot nov.<\/p>\n<p>Velika blazina za vzglavnik je na voljo v razli\u010dnih velikostih \u2013 100 cm, 120 cm, 140 cm, 160 cm, 180 cm in 200 cm \u2013 tako da lahko izberete popolno velikost za svojo posteljo. Na voljo je v \u010drni barvi, zaradi \u010desar je eleganten dodatek k dekorju katere koli spalnice.<\/p>\n<p>Stranke, ki so kupile na\u0161o veliko blazino za vzglavnik, so bile z nakupom izjemno zadovoljne. Mnogi so pohvalili blazino za \u201cmehak in udoben\u201d ob\u010dutek, drugi pa so komentirali njeno \u201cvisokokakovostno izdelavo\u201d. Ena stranka jo je celo opisala kot \u201cpopolno blazino za branje v postelji\u201d.\u201d<\/p>\n<p>Na splo\u0161no je na\u0161a velika blazina za vzglavnik nepogre\u0161ljiv pripomo\u010dek za vse, ki i\u0161\u010dejo udobje in razko\u0161je med branjem ali gledanjem televizije v postelji. Z vrhunsko izdelavo, enostavno pralnim dizajnom in vsestransko funkcionalnostjo je ta blazina odli\u010dna nalo\u017eba za vse, ki \u017eelijo nadgraditi svojo spalno rutino.<\/p>","protected":false},"excerpt":{"rendered":"<ul>\n<li><strong>Vrhunsko udobje:<\/strong> Ta dvignjena blazina za vzglavje XL ponuja odli\u010dno udobje zaradi svoje ukrivljene oblike. Ta bralna blazina za vzglavje vam pomaga, da se sprostite na postelji, kav\u010du, dnevni postelji ali kav\u010du, kar je idealno za no\u010dne ptice, knji\u017ene molje in gledanje televizije v postelji.<\/li>\n<li><strong>Zasnova z dvignjenim naslonjalom:<\/strong> U\u017eivajte v neprimerljivem udobju z edinstveno zasnovo vzglavja z dvojno vrsto dvignjenega naslonjala. Vzglavje z dvignjenim naslonjalom nudi vrhunsko oporo za va\u0161 vrat in hrbet, zaradi \u010desar je idealen kraj za sprostitev in branje v postelji.<\/li>\n<li><strong>Ve\u010dnamenska blazina:<\/strong> S tremi razli\u010dnimi na\u010dini uporabe je na\u0161a blazina popolna za vsako situacijo. Ne glede na to, ali jo raje uporabljate kot vzglavnik za pokon\u010den hrbet, klinasto vzglavnik ali vzglavnik za noge za dvignjeno oporo, je idealen pripomo\u010dek za udoben po\u010ditek in sprostitev.<\/li>\n<li><strong>Vrhunska izdelava:<\/strong> Na\u0161a vzglavna blazina je izdelana iz tkanine z \u017eametnim videzom, katere sestava je poliester 100%, in je polnjena z okolju prijaznim in visoko odpornim poliestrskim polnilom. Snemljiva blazina za vzglavje je enostavna za pranje v pralnem stroju, majhni stranski \u017eepi pa dodajo prakti\u010dnost temu \u017ee tako razko\u0161nemu izdelku.<\/li>\n<li><strong>Enostavno pranje:<\/strong> Prevleka za vzglavnik je pritrjena na notranjo stran vzglavnika z gumbi in jo je enostavno odstraniti z zadrgo. Zaradi tega je \u010di\u0161\u010denje enostavno. Preprosto odstranite prevleko in jo na hitro operite v pralnem stroju, da bo va\u0161a vzglavnik videti kot nova.<\/li>\n<li><strong>Velikost:<\/strong> 100 cm (D100 x \u016026 x V55 | 3 stolpci z gumbi), 120 cm (D120 x \u016026 x V55 | 4 stolpci z gumbi), 140 cm (D140 x \u016026 x V55 | 4 stolpci z gumbi), 160 cm (D160 x \u016026 x V55 | 5 stolpcev z gumbi), 180 cm (D180 x \u016026 x V55 | 6 stolpcev z gumbi), 200 cm (D200 x \u016026 x V55 | 7 stolpcev z gumbi).<\/li>\n<\/ul>","protected":false},"featured_media":953,"comment_status":"open","ping_status":"closed","template":"","meta":[],"product_brand":[],"product_cat":[15],"product_tag":[108,161,172,143,59,100,162,120,65],"class_list":{"0":"post-962","1":"product","2":"type-product","3":"status-publish","4":"has-post-thumbnail","6":"product_cat-large-wedge-pillow","7":"product_tag-bed-cushion","8":"product_tag-elevated-headboard-pillow","9":"product_tag-large-bolster-cushion","10":"product_tag-multifunctional-pillow","11":"product_tag-reading-pillow","12":"product_tag-sofa-daybed-pillow","13":"product_tag-upright-back-pillow","14":"product_tag-velvet-pillow","15":"product_tag-wedge-pillow","17":"first","18":"instock","19":"shipping-taxable","20":"purchasable","21":"product-type-variable"},"_links":{"self":[{"href":"https:\/\/www.largepillow.com\/sl\/wp-json\/wp\/v2\/product\/962","targetHints":{"allow":["GET"]}}],"collection":[{"href":"https:\/\/www.largepillow.com\/sl\/wp-json\/wp\/v2\/product"}],"about":[{"href":"https:\/\/www.largepillow.com\/sl\/wp-json\/wp\/v2\/types\/product"}],"replies":[{"embeddable":true,"href":"https:\/\/www.largepillow.com\/sl\/wp-json\/wp\/v2\/comments?post=962"}],"wp:featuredmedia":[{"embeddable":true,"href":"https:\/\/www.largepillow.com\/sl\/wp-json\/wp\/v2\/media\/953"}],"wp:attachment":[{"href":"https:\/\/www.largepillow.com\/sl\/wp-json\/wp\/v2\/media?parent=962"}],"wp:term":[{"taxonomy":"product_brand","embeddable":true,"href":"https:\/\/www.largepillow.com\/sl\/wp-json\/wp\/v2\/product_brand?post=962"},{"taxonomy":"product_cat","embeddable":true,"href":"https:\/\/www.largepillow.com\/sl\/wp-json\/wp\/v2\/product_cat?post=962"},{"taxonomy":"product_tag","embeddable":true,"href":"https:\/\/www.largepillow.com\/sl\/wp-json\/wp\/v2\/product_tag?post=962"}],"curies":[{"name":"wp","href":"https:\/\/api.w.org\/{rel}","templated":true}]}}