{"id":1038,"date":"2022-09-19T02:09:34","date_gmt":"2022-09-19T02:09:34","guid":{"rendered":"https:\/\/www.largepillow.com\/product\/living-wedge-bolster"},"modified":"2025-09-19T02:32:00","modified_gmt":"2025-09-19T02:32:00","slug":"sangkroppskudde-2","status":"publish","type":"product","link":"https:\/\/www.largepillow.com\/sv\/product\/bed-body-pillow","title":{"rendered":"S\u00e4ngkroppskudde"},"content":{"rendered":"<p>S\u00e4ngkudde: Den ultimata komfortl\u00f6sningen f\u00f6r l\u00e4sning, vila och inredning<\/p>\n<p>Letar du efter en kudde som ger o\u00f6vertr\u00e4ffad komfort f\u00f6r flera aktiviteter och som f\u00f6rh\u00f6jer ditt sovrums estetik? Leta inte l\u00e4ngre \u00e4n Bed Body Pillow, en m\u00e5ngsidig och snygg kudde som tillgodoser alla dina behov.<\/p>\n<p>Perfekt l\u00e4skudde<\/p>\n<p>Med sin rektangul\u00e4ra form erbjuder Bed Body Pillow optimalt st\u00f6d f\u00f6r ryggen n\u00e4r du sitter upp i s\u00e4ngen f\u00f6r att l\u00e4sa, titta p\u00e5 TV, surfa p\u00e5 telefonen eller utf\u00f6ra andra avkopplande aktiviteter. Dess mjuka stoppning garanterar timmar av bekv\u00e4mt st\u00f6d, s\u00e5 att du kan sjunka ner i din favoritroman eller str\u00e4cktitta p\u00e5 dina favoritprogram utan obehag.<\/p>\n<p>Bekv\u00e4m kroppskudde<\/p>\n<p>Denna stora kroppskudden ers\u00e4tter alla dina vanliga s\u00e4ngkuddar eller l\u00e4ndryggskuddar och erbjuder flera positioner f\u00f6r att st\u00f6dja din rygg, axlar, ryggrad, mage, ben med mera. Den fr\u00e4mjar en rak ryggrad f\u00f6r alla sovare, oavsett deras f\u00f6redragna position. Oavsett om du beh\u00f6ver en st\u00f6djande s\u00e4ngkudde eller en stor ryggst\u00f6dskudde, har Bed Body Pillow det du beh\u00f6ver.<\/p>\n<p>Premiummaterial och konstruktion<\/p>\n<p>Bed Body Pillow \u00e4r noggrant tillverkad av h\u00f6gkvalitativa material, med tredimensionella r\u00e4nder, tygknappar och helt f\u00e5llade kanter. Dess slitstarka tv\u00e5v\u00e4gsdragkedja s\u00e4kerst\u00e4ller l\u00e5ng livsl\u00e4ngd och enkel anv\u00e4ndning. Den elastiska mikropolyesterfyllningen beh\u00e5ller sin st\u00f6djande form \u00f6ver tid och ger j\u00e4mn komfort.<\/p>\n<p>Vacker s\u00e4ngkantsdekoration<\/p>\n<p>Om du vill ge ditt sovrum en touch av elegans fungerar Bed Body Pillow \u00e4ven som en fantastisk s\u00e4nggavel. Dess attraktiva design skapar en inbjudande atmosf\u00e4r och kompletterar alla inredningsstilar. Det \u00e4r det perfekta tillskottet till sovrum, hotell, sjukhus, f\u00f6nsterplatser och en m\u00e4ngd andra milj\u00f6er.<\/p>\n<p>Avtagbart \u00f6rngott och enkel sk\u00f6tsel<\/p>\n<p>Bed Body Pillow har ett avtagbart \u00f6rngott som enkelt kan tv\u00e4ttas i maskin f\u00f6r enkel reng\u00f6ring. \u00d6ppna bara dragkedjan, lossa knapparna och sl\u00e4ng kudden i tv\u00e4ttmaskinen.<\/p>\n<p>Kundrecensioner<\/p>\n<p>\u201cJag \u00e4lskar den h\u00e4r kudden! Den \u00e4r b\u00e4st f\u00f6r l\u00e4sning i s\u00e4ngen. Den \u00e4r s\u00e5 bekv\u00e4m och st\u00f6djande.\u201d \u2013 Verifierad k\u00f6pare<\/p>\n<p>\u201cDen h\u00e4r kudden \u00e4r en livr\u00e4ddare! Den hj\u00e4lper mig att lindra sm\u00e4rta och obehag efter operationen.\u201d \u2013 Verifierad k\u00f6pare<\/p>\n<p>\u201cJag anv\u00e4nder den h\u00e4r kudden som huvudgavel och den ser fantastisk ut. Den \u00e4r ocks\u00e5 v\u00e4ldigt bekv\u00e4m att luta sig mot.\u201d \u2013 Verifierad k\u00f6pare<\/p>\n<p>Tillg\u00e4ngliga storlekar<\/p>\n<p>F\u00f6r att tillgodose olika s\u00e4ngstorlekar och personliga preferenser finns Bed Body Pillow i en m\u00e4ngd olika storlekar:<\/p>\n<p>* 100x50x8 cm (3 knappar)<br \/>\n* 120x50x8cm (4 knappar)<br \/>\n* 140x50x8 cm (4 knappar)<br \/>\n* 160x50x8cm (5 knappar)<br \/>\n* 180x50x8 cm (6 knappar)<br \/>\n* 200x50x8 cm (7 knappar)<\/p>\n<p>Om du letar efter en kudde som kombinerar komfort, funktionalitet och stil \u00e4r Bed Body Pillow det perfekta valet. Best\u00e4ll din idag och upplev den ultimata avkopplingen och st\u00f6det i s\u00e4ngen och utanf\u00f6r.<\/p>","protected":false},"excerpt":{"rendered":"<ul>\n<li><strong>PERFEKT L\u00c4SKUDDE:<\/strong> Med en rektangul\u00e4r kudde fungerar denna bekv\u00e4ma l\u00e4skudd vid s\u00e4ngen perfekt f\u00f6r att ge mjukt st\u00f6d \u00e5t ryggen som en l\u00e4ndryggskudde n\u00e4r du sitter upp i s\u00e4ngen f\u00f6r att l\u00e4sa, titta p\u00e5 TV, surfa i telefon, surfa p\u00e5 surfplatta, spela tv-spel, ut\u00f6va yoga, amma och vila efter en operation.<\/li>\n<li><strong>BEKV\u00c4M KROPPSKUDDE:<\/strong> Som en stor kroppskudde ers\u00e4tter den alla vanliga s\u00e4ngst\u00f6dskuddar eller l\u00e4ndryggskuddar, skapar flera positioner som en positioneringskudde f\u00f6r att st\u00f6dja rygg, axlar, ryggrad, mage, ben och l\u00e5ter dina muskler f\u00f6rbli avslappnade. Fr\u00e4mjar en justerad ryggrad f\u00f6r alla sovare, oavsett om du beh\u00f6ver en stoppad s\u00e4ngst\u00f6dskudde eller en stor ryggst\u00f6dskudde, om du bara beh\u00f6ver mer eller mindre spati. Du kan ocks\u00e5 anv\u00e4nda den som en graviditetskudde som ger st\u00f6d f\u00f6r olika kroppsdelar och lindrar graviditetssm\u00e4rtor.<\/li>\n<li><strong>URSPRUNGLIGEN DESIGNAD MED H\u00d6GKVALITATIVT MATERIAL:<\/strong> Den rektangul\u00e4ra l\u00e4skudden har tredimensionella r\u00e4nder, tygknappar och helt f\u00e5llade kanter, vilket g\u00f6r den till den allra mest utm\u00e4rkande kudden f\u00f6r ryggst\u00f6det. \u00c4ven om den dekorativa ryggst\u00f6dskudden \u00e4r mjuk, beh\u00e5ller den sin st\u00f6djande form genom att dra full nytta av den elastiska och flexibla mikropolyesterfyllningen. S\u00e4ngkuddens tv\u00e5v\u00e4gsdragkedja \u00e4r mycket stark och h\u00e5llbar f\u00f6r l\u00e5ngvarig anv\u00e4ndning.<\/li>\n<li><strong>VACKER PYNTANDE KUDDE TILL S\u00d6NNBORDET:<\/strong> Om du beh\u00f6ver en snabb och enkel s\u00e4nggavel kan denna stoppade l\u00e4skudde f\u00f6r s\u00e4nggaveln anv\u00e4ndas som ett alternativ samtidigt som den fungerar som en vacker s\u00e4ngdekoration. Dess eleganta design kommer att ge ditt sovrum en inbjudande look. Med sitt attraktiva utseende \u00e4r denna originella ryggst\u00f6dskudde vid s\u00e4ngen justerbar f\u00f6r sovrum, hotell, sjukhus, f\u00f6nsterplats, soffa, dagb\u00e4dd, v\u00e5ningss\u00e4ng, students\u00e4ng och plattformss\u00e4ng.<\/li>\n<li><strong>AVTAGBART KUDD\u00d6VERDRAG TILL SV\u00c4NGDEN OCH L\u00c4TT ATT TV\u00c4TTA:<\/strong> Du kan enkelt ta bort s\u00e4ngkudds\u00f6verdraget genom att \u00f6ppna dragkedjan och lossa knapparna fr\u00e5n l\u00e4skudds\u00f6verdraget och tv\u00e4tta det i maskin.<\/li>\n<li><strong>Tyg:<\/strong> Blandning av polyester och linne.<\/li>\n<li><strong>Storlek:<\/strong> 100x50x8cm (3 knappar), 120x50x8cm (4 knappar), 140x50x8cm (4 knappar), 160x50x8cm (5 knappar), 180x50x8cm (6 knappar), 200x50x8cm (7 knappar)<\/li>\n<\/ul>","protected":false},"featured_media":1027,"comment_status":"open","ping_status":"closed","template":"","meta":[],"product_brand":[],"product_cat":[28],"product_tag":[66,142,115,154,79,141,144,118],"class_list":{"0":"post-1038","1":"product","2":"type-product","3":"status-publish","4":"has-post-thumbnail","6":"product_cat-large-body-pillow","7":"product_tag-back-support-pillow","8":"product_tag-bedside-reading-pillow","9":"product_tag-comfortable-body-pillow","10":"product_tag-large-body-pillow","11":"product_tag-lumbar-pillow","12":"product_tag-perfect-reading-pillow","13":"product_tag-positioner-pillow","14":"product_tag-pregnancy-pillow","16":"first","17":"instock","18":"featured","19":"shipping-taxable","20":"purchasable","21":"product-type-variable"},"_links":{"self":[{"href":"https:\/\/www.largepillow.com\/sv\/wp-json\/wp\/v2\/product\/1038","targetHints":{"allow":["GET"]}}],"collection":[{"href":"https:\/\/www.largepillow.com\/sv\/wp-json\/wp\/v2\/product"}],"about":[{"href":"https:\/\/www.largepillow.com\/sv\/wp-json\/wp\/v2\/types\/product"}],"replies":[{"embeddable":true,"href":"https:\/\/www.largepillow.com\/sv\/wp-json\/wp\/v2\/comments?post=1038"}],"wp:featuredmedia":[{"embeddable":true,"href":"https:\/\/www.largepillow.com\/sv\/wp-json\/wp\/v2\/media\/1027"}],"wp:attachment":[{"href":"https:\/\/www.largepillow.com\/sv\/wp-json\/wp\/v2\/media?parent=1038"}],"wp:term":[{"taxonomy":"product_brand","embeddable":true,"href":"https:\/\/www.largepillow.com\/sv\/wp-json\/wp\/v2\/product_brand?post=1038"},{"taxonomy":"product_cat","embeddable":true,"href":"https:\/\/www.largepillow.com\/sv\/wp-json\/wp\/v2\/product_cat?post=1038"},{"taxonomy":"product_tag","embeddable":true,"href":"https:\/\/www.largepillow.com\/sv\/wp-json\/wp\/v2\/product_tag?post=1038"}],"curies":[{"name":"wp","href":"https:\/\/api.w.org\/{rel}","templated":true}]}}