{"id":1062,"date":"2022-09-19T02:13:56","date_gmt":"2022-09-19T02:13:56","guid":{"rendered":"https:\/\/www.largepillow.com\/product\/triangle-wedge-bolster"},"modified":"2025-09-19T02:32:11","modified_gmt":"2025-09-19T02:32:11","slug":"sangkroppskudde","status":"publish","type":"product","link":"https:\/\/www.largepillow.com\/sv\/product\/bed-body-cushion\/","title":{"rendered":"S\u00e4ngkroppskudde"},"content":{"rendered":"<p>Hitta det perfekta l\u00e4s- och avkopplingsst\u00f6det med s\u00e4ngkudden<\/p>\n<p>Unna dig lyxig komfort och st\u00f6d f\u00f6r l\u00e4sning, arbete eller avkoppling i s\u00e4ngen med Bed Body Cushion. Denna omsorgsfullt designade rektangul\u00e4ra kudde kan placeras i valfri vinkel bakom ryggen, axlarna eller benen f\u00f6r att ge en personlig mjuk men \u00e4nd\u00e5 st\u00f6djande vaddering. <\/p>\n<p>Tillverkad av lyxig, sammetslen polyestersammet och gener\u00f6st fylld med elastisk mikropolyesterfiberfyllning, sticker Bed Body Cushion ut fr\u00e5n vanliga ryggst\u00f6dskuddar med sitt tredimensionella randiga m\u00f6nster och dekorativa tygknappar l\u00e4ngs framsidan. De helt\u00e4ckande kanterna och den slitstarka tv\u00e5v\u00e4gsdragkedjan s\u00e4kerst\u00e4ller att kudden beh\u00e5ller sin formfulla form i m\u00e5nga \u00e5r av daglig anv\u00e4ndning. <\/p>\n<p>Med sex storlekar tillg\u00e4ngliga kan du hitta den perfekta passformen f\u00f6r din s\u00e4ng, f\u00f6nsterb\u00e4nk, soffa eller var du \u00e4n vill ha ryggst\u00f6d och mysig komfort. Kunderna \u00e4lskar att anv\u00e4nda den f\u00f6r:<\/p>\n<p>\u2013 L\u00e4sa, arbeta p\u00e5 en b\u00e4rbar dator eller surfa p\u00e5 enheter i s\u00e4ngen<br \/>\n\u2013 Titta p\u00e5 TV eller spela videospel i uppr\u00e4tt position<br \/>\n\u2013 Ge st\u00f6d f\u00f6r l\u00e4ndryggen under graviditeten<br \/>\n\u2013 Hj\u00e4lpa till med \u00e5terh\u00e4mtning efter operation<br \/>\n\u2013 Ut\u00f6va yogapositioner och stretch\u00f6vningar<br \/>\n\u2013 Amma bekv\u00e4mt<\/p>\n<p>Som en n\u00f6jd kund sa: \u201dDen h\u00e4r kudden \u00e4r extremt mjuk och bekv\u00e4m. Jag gillar att anv\u00e4nda den i min s\u00e4ng f\u00f6r att sitta bekv\u00e4mt upp n\u00e4r jag l\u00e4ser eller arbetar p\u00e5 min laptop. Den st\u00f6der min l\u00e4ndrygg bra utan att vara f\u00f6r fast. Sammetstyget ser ut och k\u00e4nns mycket dyrare \u00e4n det \u00e4r. Jag rekommenderar starkt den h\u00e4r kudden!\u201d<\/p>\n<p>Med sin enkla men eleganta design blir Bed Body-kudden ocks\u00e5 en attraktiv dekorativ detalj i ditt sovrum eller vilket rum som helst n\u00e4r den inte anv\u00e4nds. Den finns i lyxigt gr\u00e5 sammet och ger en touch av sofistikering.<\/p>\n<p>F\u00f6r exceptionell komfort och st\u00f6d under dina favoritaktiviteter i uppr\u00e4tt l\u00e4ge, unna dig Bed Body Cushion idag!<\/p>","protected":false},"excerpt":{"rendered":"<ul>\n<li><strong>PERFEKT L\u00c4SKUDDE:<\/strong> Med en rektangul\u00e4r kudde fungerar denna bekv\u00e4ma l\u00e4skudd vid s\u00e4ngen perfekt f\u00f6r att ge mjukt st\u00f6d \u00e5t ryggen som en l\u00e4ndryggskudde n\u00e4r du sitter upp i s\u00e4ngen f\u00f6r att l\u00e4sa, titta p\u00e5 TV, surfa i telefon, surfa p\u00e5 surfplatta, spela tv-spel, ut\u00f6va yoga, amma och vila efter en operation.<\/li>\n<li><strong>BEKV\u00c4M KROPPSKUDDE:<\/strong> Som en stor kroppskudde ers\u00e4tter den alla vanliga s\u00e4ngst\u00f6dskuddar eller l\u00e4ndryggskuddar, skapar flera positioner som en positioneringskudde f\u00f6r att st\u00f6dja rygg, axlar, ryggrad, mage, ben och l\u00e5ter dina muskler f\u00f6rbli avslappnade. Fr\u00e4mjar en justerad ryggrad f\u00f6r alla sovare, oavsett om du beh\u00f6ver en stoppad s\u00e4ngst\u00f6dskudde eller en stor ryggst\u00f6dskudde, om du bara beh\u00f6ver mer eller mindre spati. Du kan ocks\u00e5 anv\u00e4nda den som en graviditetskudde som ger st\u00f6d f\u00f6r olika kroppsdelar och lindrar graviditetssm\u00e4rtor.<\/li>\n<li><strong>URSPRUNGLIGEN DESIGNAD MED H\u00d6GKVALITATIVT MATERIAL:<\/strong> Den rektangul\u00e4ra l\u00e4skudden har tredimensionella r\u00e4nder, tygknappar och helt f\u00e5llade kanter, vilket g\u00f6r den till den allra mest utm\u00e4rkande kudden f\u00f6r ryggst\u00f6det. \u00c4ven om den dekorativa ryggst\u00f6dskudden \u00e4r mjuk, beh\u00e5ller den sin st\u00f6djande form genom att dra full nytta av den elastiska och flexibla mikropolyesterfyllningen. S\u00e4ngkuddens tv\u00e5v\u00e4gsdragkedja \u00e4r mycket stark och h\u00e5llbar f\u00f6r l\u00e5ngvarig anv\u00e4ndning.<\/li>\n<li><strong>VACKER PYNTANDE KUDDE TILL S\u00d6NNBORDET:<\/strong> Om du beh\u00f6ver en snabb och enkel s\u00e4nggavel kan denna stoppade l\u00e4skudde f\u00f6r s\u00e4nggaveln anv\u00e4ndas som ett alternativ samtidigt som den fungerar som en vacker s\u00e4ngdekoration. Dess eleganta design kommer att ge ditt sovrum en inbjudande look. Med sitt attraktiva utseende \u00e4r denna originella ryggst\u00f6dskudde vid s\u00e4ngen justerbar f\u00f6r sovrum, hotell, sjukhus, f\u00f6nsterplats, soffa, dagb\u00e4dd, v\u00e5ningss\u00e4ng, students\u00e4ng och plattformss\u00e4ng.<\/li>\n<li><strong>AVTAGBART KUDD\u00d6VERDRAG TILL SV\u00c4NGDEN OCH L\u00c4TT ATT TV\u00c4TTA:<\/strong> Du kan enkelt ta bort s\u00e4ngkudds\u00f6verdraget genom att \u00f6ppna dragkedjan och lossa knapparna fr\u00e5n l\u00e4skudds\u00f6verdraget och tv\u00e4tta det i maskin.<\/li>\n<li><strong>Tyg:<\/strong> Sammet (100% polyester).<\/li>\n<li><strong>Storlek:<\/strong> 100x50x8cm (3 knappar), 120x50x8cm (4 knappar), 140x50x8cm (4 knappar), 160x50x8cm (5 knappar), 180x50x8cm (6 knappar), 200x50x8cm (7 knappar)<\/li>\n<\/ul>","protected":false},"featured_media":1045,"comment_status":"open","ping_status":"closed","template":"","meta":[],"product_brand":[],"product_cat":[28],"product_tag":[77,124,142,115,79,144,118,59,153,152,120],"class_list":{"0":"post-1062","1":"product","2":"type-product","3":"status-publish","4":"has-post-thumbnail","6":"product_cat-large-body-pillow","7":"product_tag-bed-rest-pillow","8":"product_tag-bedside-decorative-pillow","9":"product_tag-bedside-reading-pillow","10":"product_tag-comfortable-body-pillow","11":"product_tag-lumbar-pillow","12":"product_tag-positioner-pillow","13":"product_tag-pregnancy-pillow","14":"product_tag-reading-pillow","15":"product_tag-removable-lumbar-pillow-cover","16":"product_tag-upholstery-headboard-reading-pillow","17":"product_tag-velvet-pillow","19":"first","20":"instock","21":"featured","22":"shipping-taxable","23":"purchasable","24":"product-type-variable"},"_links":{"self":[{"href":"https:\/\/www.largepillow.com\/sv\/wp-json\/wp\/v2\/product\/1062","targetHints":{"allow":["GET"]}}],"collection":[{"href":"https:\/\/www.largepillow.com\/sv\/wp-json\/wp\/v2\/product"}],"about":[{"href":"https:\/\/www.largepillow.com\/sv\/wp-json\/wp\/v2\/types\/product"}],"replies":[{"embeddable":true,"href":"https:\/\/www.largepillow.com\/sv\/wp-json\/wp\/v2\/comments?post=1062"}],"wp:featuredmedia":[{"embeddable":true,"href":"https:\/\/www.largepillow.com\/sv\/wp-json\/wp\/v2\/media\/1045"}],"wp:attachment":[{"href":"https:\/\/www.largepillow.com\/sv\/wp-json\/wp\/v2\/media?parent=1062"}],"wp:term":[{"taxonomy":"product_brand","embeddable":true,"href":"https:\/\/www.largepillow.com\/sv\/wp-json\/wp\/v2\/product_brand?post=1062"},{"taxonomy":"product_cat","embeddable":true,"href":"https:\/\/www.largepillow.com\/sv\/wp-json\/wp\/v2\/product_cat?post=1062"},{"taxonomy":"product_tag","embeddable":true,"href":"https:\/\/www.largepillow.com\/sv\/wp-json\/wp\/v2\/product_tag?post=1062"}],"curies":[{"name":"wp","href":"https:\/\/api.w.org\/{rel}","templated":true}]}}