{"id":1123,"date":"2022-09-19T02:32:35","date_gmt":"2022-09-19T02:32:35","guid":{"rendered":"https:\/\/www.largepillow.com\/product\/reading-body-pillow"},"modified":"2025-09-19T02:32:44","modified_gmt":"2025-09-19T02:32:44","slug":"huvudstodskudde","status":"publish","type":"product","link":"https:\/\/www.largepillow.com\/sv\/product\/head-bolster-pillow","title":{"rendered":"Huvudst\u00f6dskudde"},"content":{"rendered":"<p>Den stora bolsterkudden \u2013 det perfekta tillskottet till ditt sovrum!<\/p>\n<p>Med sin rektangul\u00e4ra form och plyschiga sammetstyg ger denna bekv\u00e4ma l\u00e4skudde mjukt ryggst\u00f6d och fr\u00e4mjar en rak ryggrad n\u00e4r du sitter upp i s\u00e4ngen f\u00f6r att l\u00e4sa, titta p\u00e5 TV, surfa p\u00e5 telefon eller surfplatta, spela tv-spel, tr\u00e4na, amma eller till och med vila efter en operation.<\/p>\n<p>Den stora bolsterkudden \u00e4r inte bara en l\u00e4skudde, den \u00e4r ocks\u00e5 en bekv\u00e4m kroppskudde som ers\u00e4tter alla vanliga s\u00e4ngkuddar eller l\u00e4ndryggskuddar. Dess stora storlek skapar flera positioner som en positioneringskudde f\u00f6r att st\u00f6dja din rygg, axlar, ryggrad, mage, ben och l\u00e5ta dina muskler f\u00f6rbli avslappnade. Oavsett om du beh\u00f6ver en stoppad s\u00e4ngkudde eller en stor ryggst\u00f6dskudde, har den h\u00e4r kudden det du beh\u00f6ver. Den \u00e4r \u00e4ven l\u00e4mplig f\u00f6r gravida kvinnor, ger st\u00f6d f\u00f6r olika kroppsdelar och lindrar graviditetssm\u00e4rtor.<\/p>\n<p>Ursprungligen designad med h\u00f6gkvalitativa material, har denna kudde tredimensionella r\u00e4nder, tygknappar, helt f\u00e5llade kanter och en elastisk och flexibel mikropolyesterfiberfyllning som beh\u00e5ller sin st\u00f6djande form. Dess tv\u00e5v\u00e4gsdragkedja \u00e4r stark och h\u00e5llbar f\u00f6r l\u00e5ngvarig anv\u00e4ndning. Dessutom ger den ditt sovrum en inbjudande look med sin eleganta design, vilket g\u00f6r den till ett alternativ till en huvudgavel.<\/p>\n<p>Det stora kudde\u00f6verdraget \u00e4r avtagbart och enkelt att tv\u00e4tta, s\u00e5 att du kan h\u00e5lla det rent och se ut som nytt. Kudden finns i sex storlekar, fr\u00e5n 100x50x8cm (3 knappar) till 200x50x8cm (7 knappar), och \u00e4r justerbar f\u00f6r ditt sovrum, hotell, sjukhus, f\u00f6nsterplats, soffa, dagb\u00e4dd, v\u00e5ningss\u00e4ng, students\u00e4ng eller plattformss\u00e4ng.<\/p>\n<p>H\u00e4r \u00e4r n\u00e5gra av v\u00e5ra kunders kommentarer om huvudst\u00f6dskudden:<\/p>\n<p>\u201cUtm\u00e4rkt st\u00f6dkudde f\u00f6r l\u00e4ndryggen f\u00f6r min sm\u00e4rta i nedre delen av ryggen. \u00c4lskar knapparna och sammetstygets struktur.\u201d \u2013 Lucy<\/p>\n<p>\u201cBest\u00e4llde den bl\u00e5 sammetskudden och den ser fantastisk ut i mitt sovrum. Den \u00e4r ocks\u00e5 v\u00e4ldigt bekv\u00e4m att l\u00e4sa och titta p\u00e5 TV i i s\u00e4ngen.\u201d \u2013 Sarah<\/p>\n<p>\u201cJ\u00e4tten\u00f6jd med mitt k\u00f6p. Kudden \u00e4r mjuk och bekv\u00e4m samtidigt som den ger bra st\u00f6d. Att den kan tv\u00e4ttas i maskin \u00e4r ett stort plus!\u201d \u2013 John<\/p>\n<p>Sammantaget \u00e4r den stora bolsterkudden en utm\u00e4rkt investering f\u00f6r alla som letar efter en bekv\u00e4m och st\u00f6djande l\u00e4skudde eller kroppskudde. Dess eleganta design och h\u00f6gkvalitativa material g\u00f6r den till ett m\u00e5ste i alla sovrum. Best\u00e4ll din idag och upplev komforten sj\u00e4lv!<\/p>","protected":false},"excerpt":{"rendered":"<ul>\n<li><strong>PERFEKT L\u00c4SKUDDE:<\/strong> Med en rektangul\u00e4r kudde fungerar denna bekv\u00e4ma l\u00e4skudd vid s\u00e4ngen perfekt f\u00f6r att ge mjukt st\u00f6d \u00e5t ryggen som en l\u00e4ndryggskudde n\u00e4r du sitter upp i s\u00e4ngen f\u00f6r att l\u00e4sa, titta p\u00e5 TV, surfa i telefon, surfa p\u00e5 surfplatta, spela tv-spel, ut\u00f6va yoga, amma och vila efter en operation.<\/li>\n<li><strong>BEKV\u00c4M KROPPSKUDDE:<\/strong> Som en stor kroppskudde ers\u00e4tter den alla vanliga s\u00e4ngst\u00f6dskuddar eller l\u00e4ndryggskuddar, skapar flera positioner som en positioneringskudde f\u00f6r att st\u00f6dja rygg, axlar, ryggrad, mage, ben och l\u00e5ter dina muskler f\u00f6rbli avslappnade. Fr\u00e4mjar en justerad ryggrad f\u00f6r alla sovare, oavsett om du beh\u00f6ver en stoppad s\u00e4ngst\u00f6dskudde eller en stor ryggst\u00f6dskudde, om du bara beh\u00f6ver mer eller mindre spati. Du kan ocks\u00e5 anv\u00e4nda den som en graviditetskudde som ger st\u00f6d f\u00f6r olika kroppsdelar och lindrar graviditetssm\u00e4rtor.<\/li>\n<li><strong>URSPRUNGLIGEN DESIGNAD MED H\u00d6GKVALITATIVT MATERIAL:<\/strong> Den rektangul\u00e4ra l\u00e4skudden har tredimensionella r\u00e4nder, tygknappar och helt f\u00e5llade kanter, vilket g\u00f6r den till den allra mest utm\u00e4rkande kudden f\u00f6r ryggst\u00f6det. \u00c4ven om den dekorativa ryggst\u00f6dskudden \u00e4r mjuk, beh\u00e5ller den sin st\u00f6djande form genom att dra full nytta av den elastiska och flexibla mikropolyesterfyllningen. S\u00e4ngkuddens tv\u00e5v\u00e4gsdragkedja \u00e4r mycket stark och h\u00e5llbar f\u00f6r l\u00e5ngvarig anv\u00e4ndning.<\/li>\n<li><strong>VACKER PYNTANDE KUDDE TILL S\u00d6NNBORDET:<\/strong> Om du beh\u00f6ver en snabb och enkel s\u00e4nggavel kan denna stoppade l\u00e4skudde f\u00f6r s\u00e4nggaveln anv\u00e4ndas som ett alternativ samtidigt som den fungerar som en vacker s\u00e4ngdekoration. Dess eleganta design kommer att ge ditt sovrum en inbjudande look. Med sitt attraktiva utseende \u00e4r denna originella ryggst\u00f6dskudde vid s\u00e4ngen justerbar f\u00f6r sovrum, hotell, sjukhus, f\u00f6nsterplats, soffa, dagb\u00e4dd, v\u00e5ningss\u00e4ng, students\u00e4ng och plattformss\u00e4ng.<\/li>\n<li><strong>AVTAGBART KUDD\u00d6VERDRAG TILL SV\u00c4NGDEN OCH L\u00c4TT ATT TV\u00c4TTA:<\/strong> Du kan enkelt ta bort s\u00e4ngkudds\u00f6verdraget genom att \u00f6ppna dragkedjan och lossa knapparna fr\u00e5n l\u00e4skudds\u00f6verdraget och tv\u00e4tta det i maskin.<\/li>\n<li><strong>Tyg:<\/strong> Sammet (100% polyester).<\/li>\n<li><strong>Storlek:<\/strong> 100x50x8cm (3 knappar), 120x50x8cm (4 knappar), 140x50x8cm (4 knappar), 160x50x8cm (5 knappar), 180x50x8cm (6 knappar), 200x50x8cm (7 knappar)<\/li>\n<\/ul>","protected":false},"featured_media":1110,"comment_status":"open","ping_status":"closed","template":"","meta":[],"product_brand":[],"product_cat":[28],"product_tag":[66,122,135,79,118,59,130,120],"class_list":{"0":"post-1123","1":"product","2":"type-product","3":"status-publish","4":"has-post-thumbnail","6":"product_cat-large-body-pillow","7":"product_tag-back-support-pillow","8":"product_tag-body-pillow","9":"product_tag-head-bolster-pillow","10":"product_tag-lumbar-pillow","11":"product_tag-pregnancy-pillow","12":"product_tag-reading-pillow","13":"product_tag-stomach-support-pillow","14":"product_tag-velvet-pillow","16":"first","17":"instock","18":"featured","19":"shipping-taxable","20":"purchasable","21":"product-type-variable"},"_links":{"self":[{"href":"https:\/\/www.largepillow.com\/sv\/wp-json\/wp\/v2\/product\/1123","targetHints":{"allow":["GET"]}}],"collection":[{"href":"https:\/\/www.largepillow.com\/sv\/wp-json\/wp\/v2\/product"}],"about":[{"href":"https:\/\/www.largepillow.com\/sv\/wp-json\/wp\/v2\/types\/product"}],"replies":[{"embeddable":true,"href":"https:\/\/www.largepillow.com\/sv\/wp-json\/wp\/v2\/comments?post=1123"}],"wp:featuredmedia":[{"embeddable":true,"href":"https:\/\/www.largepillow.com\/sv\/wp-json\/wp\/v2\/media\/1110"}],"wp:attachment":[{"href":"https:\/\/www.largepillow.com\/sv\/wp-json\/wp\/v2\/media?parent=1123"}],"wp:term":[{"taxonomy":"product_brand","embeddable":true,"href":"https:\/\/www.largepillow.com\/sv\/wp-json\/wp\/v2\/product_brand?post=1123"},{"taxonomy":"product_cat","embeddable":true,"href":"https:\/\/www.largepillow.com\/sv\/wp-json\/wp\/v2\/product_cat?post=1123"},{"taxonomy":"product_tag","embeddable":true,"href":"https:\/\/www.largepillow.com\/sv\/wp-json\/wp\/v2\/product_tag?post=1123"}],"curies":[{"name":"wp","href":"https:\/\/api.w.org\/{rel}","templated":true}]}}