{"id":1187,"date":"2022-09-19T03:28:05","date_gmt":"2022-09-19T03:28:05","guid":{"rendered":"https:\/\/www.largepillow.com\/product\/wedge-lumbar-pillow"},"modified":"2025-09-19T02:33:07","modified_gmt":"2025-09-19T02:33:07","slug":"stor-sangkudde-2","status":"publish","type":"product","link":"https:\/\/www.largepillow.com\/sv\/product\/large-bed-bolster-cushion","title":{"rendered":"Stor s\u00e4ngbolsterkudde"},"content":{"rendered":"<p>Den stora s\u00e4ngkudden: Din ultimata komfortf\u00f6ljeslagare<\/p>\n<p>Om du har problem med att sitta upp i s\u00e4ngen under l\u00e4ngre perioder, oavsett om det \u00e4r f\u00f6r att l\u00e4sa, titta p\u00e5 TV eller surfa p\u00e5 telefonen, d\u00e5 \u00e4r den stora s\u00e4ngkudden ett m\u00e5ste f\u00f6r dig. Denna bekv\u00e4ma l\u00e4skudd vid s\u00e4ngen \u00e4r utformad f\u00f6r att ge dig mjukt ryggst\u00f6d och fungerar som en l\u00e4ndryggskudde f\u00f6r att h\u00e5lla dig bekv\u00e4m och avslappnad.<\/p>\n<p>Men den stora s\u00e4ngkudden \u00e4r mer \u00e4n bara en l\u00e4skudde. Det \u00e4r en stor kroppskudde som kan ers\u00e4tta alla dina vanliga s\u00e4ngkuddar eller l\u00e4ndryggskuddar. Den skapar flera positioner f\u00f6r att st\u00f6dja din rygg, axlar, ryggrad, mage och ben, vilket g\u00f6r att dina muskler kan f\u00f6rbli avslappnade. Oavsett om du beh\u00f6ver en stor ryggkudde eller en stoppad s\u00e4ngkudde, kan den stora s\u00e4ngkudden justeras f\u00f6r att passa dina behov perfekt.<\/p>\n<p>Den stora s\u00e4ngkudden \u00e4r designad med h\u00f6gkvalitativa material som s\u00e4kerst\u00e4ller att den beh\u00e5ller sin form och sitt st\u00f6d. Kudden har tredimensionella r\u00e4nder, tygknappar och helt f\u00e5llade kanter. Den elastiska och flexibla mikropolyesterfyllningen s\u00e4kerst\u00e4ller att kudden beh\u00e5ller sin ursprungliga form och sitt st\u00f6d. Tv\u00e5v\u00e4gsdragkedjan \u00e4r stark och h\u00e5llbar, vilket garanterar l\u00e5ngvarig anv\u00e4ndning.<\/p>\n<p>Den stora s\u00e4ngkudden \u00e4r inte bara en funktionell och bekv\u00e4m kudde, utan ocks\u00e5 ett vackert dekorativt f\u00f6rem\u00e5l. Dess eleganta design ger ditt sovrum en inbjudande look, vilket g\u00f6r den till ett utm\u00e4rkt alternativ till en s\u00e4nggavel. Oavsett om du \u00e4r i ett sovrum, hotell, sjukhus, f\u00f6nsterplats, soffa, dagb\u00e4dd, v\u00e5ningss\u00e4ng, studentb\u00e4dd eller plattformss\u00e4ng, \u00e4r den stora s\u00e4ngkudden justerbar f\u00f6r att passa dina behov.<\/p>\n<p>Sammetsmaterialet som anv\u00e4nds i den stora s\u00e4ngkudden \u00e4r 100% polyester, vilket g\u00f6r den mjuk och bekv\u00e4m vid ber\u00f6ring. Den finns i olika storlekar: 100x50x8cm (3 knappar), 120x50x8cm (4 knappar), 140x50x8cm (4 knappar), 160x50x8cm (5 knappar), 180x50x8cm (6 knappar) och 200x50x8cm (7 knappar).<\/p>\n<p>V\u00e5ra kunder lovordar den stora s\u00e4ngkudden! H\u00e4r \u00e4r bara n\u00e5gra av deras kommentarer:<\/p>\n<p>\u201cJag k\u00f6pte den h\u00e4r kudden f\u00f6r att lindra min ryggsm\u00e4rta, och den har varit revolutionerande! Den ger utm\u00e4rkt st\u00f6d och \u00e4r ocks\u00e5 v\u00e4ldigt bekv\u00e4m att sova med.\u201d<\/p>\n<p>\u201cJag \u00e4r verkligen imponerad av kvaliteten p\u00e5 den h\u00e4r kudden. Sammetsmaterialet \u00e4r mjukt och lyxigt, och dynan \u00e4r v\u00e4ldigt st\u00f6djande. Jag rekommenderar den starkt!\u201d<\/p>\n<p>\u201cJag \u00e4lskar hur m\u00e5ngsidig den h\u00e4r kudden \u00e4r! Jag kan anv\u00e4nda den f\u00f6r att l\u00e4sa, titta p\u00e5 TV eller sova, och den ger bra st\u00f6d i alla positioner.\u201d<\/p>\n<p>Om du vill uppleva den ultimata komforten och st\u00f6det n\u00e4r du sitter upp i din s\u00e4ng, d\u00e5 \u00e4r den stora s\u00e4ngkudden den perfekta l\u00f6sningen f\u00f6r dig. V\u00e4nta inte l\u00e4ngre \u2013 best\u00e4ll din idag!<\/p>","protected":false},"excerpt":{"rendered":"<ul>\n<li><strong>PERFEKT L\u00c4SKUDDE:<\/strong> Med en rektangul\u00e4r kudde fungerar denna bekv\u00e4ma l\u00e4skudd vid s\u00e4ngen perfekt f\u00f6r att ge mjukt st\u00f6d \u00e5t ryggen som en l\u00e4ndryggskudde n\u00e4r du sitter upp i s\u00e4ngen f\u00f6r att l\u00e4sa, titta p\u00e5 TV, surfa i telefon, surfa p\u00e5 surfplatta, spela tv-spel, ut\u00f6va yoga, amma och vila efter en operation.<\/li>\n<li><strong>BEKV\u00c4M KROPPSKUDDE:<\/strong> Som en stor kroppskudde ers\u00e4tter den alla vanliga s\u00e4ngst\u00f6dskuddar eller l\u00e4ndryggskuddar, skapar flera positioner som en positioneringskudde f\u00f6r att st\u00f6dja rygg, axlar, ryggrad, mage, ben och l\u00e5ter dina muskler f\u00f6rbli avslappnade. Fr\u00e4mjar en justerad ryggrad f\u00f6r alla sovare, oavsett om du beh\u00f6ver en stoppad s\u00e4ngst\u00f6dskudde eller en stor ryggst\u00f6dskudde, om du bara beh\u00f6ver mer eller mindre spati. Du kan ocks\u00e5 anv\u00e4nda den som en graviditetskudde som ger st\u00f6d f\u00f6r olika kroppsdelar och lindrar graviditetssm\u00e4rtor.<\/li>\n<li><strong>URSPRUNGLIGEN DESIGNAD MED H\u00d6GKVALITATIVT MATERIAL:<\/strong> Den rektangul\u00e4ra l\u00e4skudden har tredimensionella r\u00e4nder, tygknappar och helt f\u00e5llade kanter, vilket g\u00f6r den till den allra mest utm\u00e4rkande kudden f\u00f6r ryggst\u00f6det. \u00c4ven om den dekorativa ryggst\u00f6dskudden \u00e4r mjuk, beh\u00e5ller den sin st\u00f6djande form genom att dra full nytta av den elastiska och flexibla mikropolyesterfyllningen. S\u00e4ngkuddens tv\u00e5v\u00e4gsdragkedja \u00e4r mycket stark och h\u00e5llbar f\u00f6r l\u00e5ngvarig anv\u00e4ndning.<\/li>\n<li><strong>VACKER PYNTANDE KUDDE TILL S\u00d6NNBORDET:<\/strong> Om du beh\u00f6ver en snabb och enkel s\u00e4nggavel kan denna stoppade l\u00e4skudde f\u00f6r s\u00e4nggaveln anv\u00e4ndas som ett alternativ samtidigt som den fungerar som en vacker s\u00e4ngdekoration. Dess eleganta design kommer att ge ditt sovrum en inbjudande look. Med sitt attraktiva utseende \u00e4r denna originella ryggst\u00f6dskudde vid s\u00e4ngen justerbar f\u00f6r sovrum, hotell, sjukhus, f\u00f6nsterplats, soffa, dagb\u00e4dd, v\u00e5ningss\u00e4ng, students\u00e4ng och plattformss\u00e4ng.<\/li>\n<li><strong>AVTAGBART KUDD\u00d6VERDRAG TILL SV\u00c4NGDEN OCH L\u00c4TT ATT TV\u00c4TTA:<\/strong> Du kan enkelt ta bort s\u00e4ngkudds\u00f6verdraget genom att \u00f6ppna dragkedjan och lossa knapparna fr\u00e5n l\u00e4skudds\u00f6verdraget och tv\u00e4tta det i maskin.<\/li>\n<li><strong>Tyg:<\/strong> Sammet (100% polyester).<\/li>\n<li><strong>Storlek:<\/strong> 100x50x8cm (3 knappar), 120x50x8cm (4 knappar), 140x50x8cm (4 knappar), 160x50x8cm (5 knappar), 180x50x8cm (6 knappar), 200x50x8cm (7 knappar)<\/li>\n<\/ul>","protected":false},"featured_media":1171,"comment_status":"open","ping_status":"closed","template":"","meta":[],"product_brand":[],"product_cat":[28],"product_tag":[117,124,122,121,131,79,112,118,59,126,125,128,127,129,130,123],"class_list":{"0":"post-1187","1":"product","2":"type-product","3":"status-publish","4":"has-post-thumbnail","6":"product_cat-large-body-pillow","7":"product_tag-back-support-cushion","8":"product_tag-bedside-decorative-pillow","9":"product_tag-body-pillow","10":"product_tag-large-bed-bolster-cushion","11":"product_tag-leg-support-pillow","12":"product_tag-lumbar-pillow","13":"product_tag-lumbar-support-pillow","14":"product_tag-pregnancy-pillow","15":"product_tag-reading-pillow","16":"product_tag-rectangular-shape-cushion","17":"product_tag-removable-pillow-cover","18":"product_tag-shoulder-support-pillow","19":"product_tag-soft-back-support-cushion","20":"product_tag-spine-support-pillow","21":"product_tag-stomach-support-pillow","22":"product_tag-upholstered-bedrest-pillow","24":"first","25":"instock","26":"featured","27":"shipping-taxable","28":"purchasable","29":"product-type-variable"},"_links":{"self":[{"href":"https:\/\/www.largepillow.com\/sv\/wp-json\/wp\/v2\/product\/1187","targetHints":{"allow":["GET"]}}],"collection":[{"href":"https:\/\/www.largepillow.com\/sv\/wp-json\/wp\/v2\/product"}],"about":[{"href":"https:\/\/www.largepillow.com\/sv\/wp-json\/wp\/v2\/types\/product"}],"replies":[{"embeddable":true,"href":"https:\/\/www.largepillow.com\/sv\/wp-json\/wp\/v2\/comments?post=1187"}],"wp:featuredmedia":[{"embeddable":true,"href":"https:\/\/www.largepillow.com\/sv\/wp-json\/wp\/v2\/media\/1171"}],"wp:attachment":[{"href":"https:\/\/www.largepillow.com\/sv\/wp-json\/wp\/v2\/media?parent=1187"}],"wp:term":[{"taxonomy":"product_brand","embeddable":true,"href":"https:\/\/www.largepillow.com\/sv\/wp-json\/wp\/v2\/product_brand?post=1187"},{"taxonomy":"product_cat","embeddable":true,"href":"https:\/\/www.largepillow.com\/sv\/wp-json\/wp\/v2\/product_cat?post=1187"},{"taxonomy":"product_tag","embeddable":true,"href":"https:\/\/www.largepillow.com\/sv\/wp-json\/wp\/v2\/product_tag?post=1187"}],"curies":[{"name":"wp","href":"https:\/\/api.w.org\/{rel}","templated":true}]}}