{"id":1227,"date":"2022-09-19T05:28:28","date_gmt":"2022-09-19T05:28:28","guid":{"rendered":"https:\/\/www.largepillow.com\/product\/back-pillow-for-couch"},"modified":"2024-10-03T16:31:26","modified_gmt":"2024-10-03T16:31:26","slug":"laskudde-till-sangen-2","status":"publish","type":"product","link":"https:\/\/www.largepillow.com\/sv\/product\/reading-pillow-for-bed\/","title":{"rendered":"L\u00e4skudde f\u00f6r s\u00e4ngen"},"content":{"rendered":"<p>Premiuml\u00e4skudden f\u00f6r o\u00f6vertr\u00e4ffad komfort och st\u00f6d<\/p>\n<p>\u00c4r du redo att lyfta din l\u00e4supplevelse till nya h\u00f6jder? Leta inte l\u00e4ngre \u00e4n till v\u00e5r l\u00e4skudde f\u00f6r s\u00e4ngen, noggrant utformad f\u00f6r att ge optimal komfort, st\u00f6d och bekv\u00e4mlighet medan du njuter av dina favoritb\u00f6cker eller media.<\/p>\n<p>Exceptionell konstruktion f\u00f6r orubbligt st\u00f6d<\/p>\n<p>Denna kilformade kudde \u00e4r noggrant fylld med premium polyesterfiberfyllning, vilket garanterar ett stabilt ryggst\u00f6d som formar sig efter kroppens kurvor. Det lyxiga sammetstyget, k\u00e4nt f\u00f6r sin mjukhet, h\u00e5llbarhet och motst\u00e5ndskraft mot deformation eller noppor, ger en sammetslen k\u00e4nsla som kommer att f\u00f6rl\u00e4nga din avkopplingstid.<\/p>\n<p>Justerbar design f\u00f6r anpassad komfort<\/p>\n<p>V\u00e5r justerbara kilkudde levereras med en liten rullkudde som kan placeras efter behov f\u00f6r att ge exakt det st\u00f6d du \u00f6nskar. Den hj\u00e4lper till att bibeh\u00e5lla din h\u00e5llning och f\u00f6rhindrar obehag n\u00e4r du l\u00e4ser eller tittar p\u00e5 TV. Det avtagbara och tv\u00e4ttbara \u00f6verdraget g\u00f6r det enkelt att h\u00e5lla din kudde fr\u00e4sch och hygienisk.<\/p>\n<p>Ergonomiskt st\u00f6d f\u00f6r f\u00f6rb\u00e4ttrat v\u00e4lbefinnande<\/p>\n<p>L\u00e4skudden har en ergonomisk design som erbjuder vetenskapligt ryggst\u00f6d som f\u00f6rb\u00e4ttrar sittst\u00e4llningen. Detta kan bidra till att f\u00f6rebygga och lindra sjukdomar i l\u00e4ndryggen och nackdelarna, vilket effektivt minskar ryggsm\u00e4rtor och fr\u00e4mjar det allm\u00e4nna v\u00e4lbefinnandet.<\/p>\n<p>M\u00e5ngsidig anv\u00e4ndbarhet f\u00f6r olika milj\u00f6er<\/p>\n<p>Denna m\u00e5ngsidiga kilformade kudde kan anv\u00e4ndas i en m\u00e4ngd olika milj\u00f6er, fr\u00e5n mysiga s\u00e4ngar till bekv\u00e4ma soffor, dagb\u00e4ddar, f\u00e5t\u00f6ljer och soffor. Dess m\u00e5ngsidighet g\u00f6r den till ett perfekt val f\u00f6r alla rum i ditt hem d\u00e4r du vill varva ner och njuta av lite avkoppling.<\/p>\n<p>Enkelt underh\u00e5ll f\u00f6r enkel sk\u00f6tsel<\/p>\n<p>V\u00e5r l\u00e4skudde har en praktisk dragkedja som g\u00f6r att du enkelt kan ta ut \u00f6verdraget f\u00f6r maskintv\u00e4tt. Detta s\u00e4kerst\u00e4ller att din kudde alltid h\u00e5ller sig ren och fr\u00e4sch, vilket garanterar l\u00e5ng livsl\u00e4ngd och hygienisk anv\u00e4ndning.<\/p>\n<p>Ursprungliga varukommentarer f\u00f6r berikande information<\/p>\n<p>H\u00e4r \u00e4r vad n\u00f6jda kunder s\u00e4ger om v\u00e5r l\u00e4skudde:<\/p>\n<p>\u201cDen h\u00e4r triangelkudden \u00e4r s\u00e5 bekv\u00e4m och st\u00f6djande. Den hj\u00e4lper mig att bibeh\u00e5lla en god h\u00e5llning n\u00e4r jag l\u00e4ser i s\u00e4ngen.\u201d<br \/>\n\u201cJag \u00e4lskar sammetstyget! Det \u00e4r otroligt mjukt och k\u00e4nns sk\u00f6nt mot min hud.\u201d<br \/>\n\u201cDen justerbara bolsterkudden \u00e4r en livr\u00e4ddare. Jag kan placera den exakt d\u00e4r jag beh\u00f6ver den f\u00f6r extra st\u00f6d.\u201d<\/p>\n<p>Upplev komfort och st\u00f6d som aldrig f\u00f6rr<\/p>\n<p>N\u00f6j dig inte med vanliga kuddar som \u00e4ventyrar din komfort och h\u00e5llning. Investera i v\u00e5r l\u00e4skudde f\u00f6r s\u00e4ngen och h\u00f6j din l\u00e4supplevelse till n\u00e4sta niv\u00e5. Dess f\u00f6rstklassiga konstruktion, justerbara design och ergonomiska st\u00f6d kommer att f\u00f6rvandla din avkoppling till stunder av o\u00f6vertr\u00e4ffad komfort och v\u00e4lbefinnande.<\/p>","protected":false},"excerpt":{"rendered":"<ul>\n<li><strong>Kvalificerad kilkudde:<\/strong> Denna s\u00e4ngkudd \u00e4r stoppad med premium polyesterfiberfyllning f\u00f6r att ge stabilt st\u00f6d f\u00f6r ryggen och f\u00e5 dig att k\u00e4nna dig bekv\u00e4m n\u00e4r du l\u00e4ser, vilar eller tittar p\u00e5 TV i din s\u00e4ng eller soffa. Det h\u00f6gkvalitativa sammetstyget \u00e4r mycket mjukt, slitstarkt och inte l\u00e4tt att deformera eller noppa sig.<\/li>\n<li><strong>Justerbar kilkudde:<\/strong> Prydnadskudden levereras med en liten rullkudde. Den kan justeras efter behov. Den hj\u00e4lper till att h\u00e5lla ryggen rak s\u00e5 att du inte sjunker ihop. L\u00e4sdynans \u00f6verdrag \u00e4r avtagbart och tv\u00e4ttbart. Det finns tv\u00e5 sm\u00e5 fickor p\u00e5 sidan f\u00f6r f\u00f6rvaring av sm\u00e5saker, s\u00e5som penna, mobiltelefon, TV-fj\u00e4rrkontroll etc.<\/li>\n<li><strong>Utm\u00e4rkt ryggst\u00f6d:<\/strong> Den stora st\u00f6dkudden har en ergonomisk design som kan ge vetenskapligt st\u00f6d f\u00f6r ryggen och f\u00f6rb\u00e4ttra sittst\u00e4llningen. Denna soffkuddar ger bekv\u00e4mt st\u00f6d f\u00f6r midja, rygg och nacke. De kan ocks\u00e5 f\u00f6rebygga och lindra sjukdomar i l\u00e4ndryggen och nackdelen samt lindra ryggsm\u00e4rtor.<\/li>\n<li><strong>Brett anv\u00e4ndningsomr\u00e5de:<\/strong> Kilkudden kan anv\u00e4ndas p\u00e5 m\u00e5nga olika s\u00e4tt och \u00e4r mycket l\u00e4mplig att anv\u00e4nda p\u00e5 s\u00e4ngen, soffan, dagb\u00e4dden, f\u00e5t\u00f6ljen och soffan. Perfekt present till dig sj\u00e4lv, v\u00e4nner eller familj.<\/li>\n<li><strong>L\u00e4tt att reng\u00f6ra:<\/strong> Denna st\u00f6dkudde har en dragkedja som g\u00f6r att fodralet \u00e4r l\u00e4tt att ta av och tv\u00e4tta i maskin.<\/li>\n<li><strong>Tyg:<\/strong> Sammet (100% polyester).<\/li>\n<li><strong>Storlek:<\/strong>\u00a060x50x22 cm.<\/li>\n<\/ul>","protected":false},"featured_media":1217,"comment_status":"open","ping_status":"closed","template":"","meta":[],"product_brand":[],"product_cat":[29],"product_tag":[92,66,60,70,113,78,76,59],"class_list":{"0":"post-1227","1":"product","2":"type-product","3":"status-publish","4":"has-post-thumbnail","6":"product_cat-large-reading-pillow","7":"product_tag-adjustable-wedge-pillow","8":"product_tag-back-support-pillow","9":"product_tag-backrest-pillow","10":"product_tag-bed-wedge-pillow","11":"product_tag-cushion-for-sofa","12":"product_tag-ergonomic-pillow","13":"product_tag-neck-support-pillow","14":"product_tag-reading-pillow","16":"first","17":"outofstock","18":"shipping-taxable","19":"purchasable","20":"product-type-simple"},"_links":{"self":[{"href":"https:\/\/www.largepillow.com\/sv\/wp-json\/wp\/v2\/product\/1227","targetHints":{"allow":["GET"]}}],"collection":[{"href":"https:\/\/www.largepillow.com\/sv\/wp-json\/wp\/v2\/product"}],"about":[{"href":"https:\/\/www.largepillow.com\/sv\/wp-json\/wp\/v2\/types\/product"}],"replies":[{"embeddable":true,"href":"https:\/\/www.largepillow.com\/sv\/wp-json\/wp\/v2\/comments?post=1227"}],"wp:featuredmedia":[{"embeddable":true,"href":"https:\/\/www.largepillow.com\/sv\/wp-json\/wp\/v2\/media\/1217"}],"wp:attachment":[{"href":"https:\/\/www.largepillow.com\/sv\/wp-json\/wp\/v2\/media?parent=1227"}],"wp:term":[{"taxonomy":"product_brand","embeddable":true,"href":"https:\/\/www.largepillow.com\/sv\/wp-json\/wp\/v2\/product_brand?post=1227"},{"taxonomy":"product_cat","embeddable":true,"href":"https:\/\/www.largepillow.com\/sv\/wp-json\/wp\/v2\/product_cat?post=1227"},{"taxonomy":"product_tag","embeddable":true,"href":"https:\/\/www.largepillow.com\/sv\/wp-json\/wp\/v2\/product_tag?post=1227"}],"curies":[{"name":"wp","href":"https:\/\/api.w.org\/{rel}","templated":true}]}}