{"id":1238,"date":"2022-09-19T05:36:36","date_gmt":"2022-09-19T05:36:36","guid":{"rendered":"https:\/\/www.largepillow.com\/product\/back-cushion-for-sofa"},"modified":"2026-02-06T13:51:15","modified_gmt":"2026-02-06T13:51:15","slug":"sangstodskudde-2","status":"publish","type":"product","link":"https:\/\/www.largepillow.com\/sv\/product\/bedrest-pillow","title":{"rendered":"S\u00e4ngst\u00f6dskudde"},"content":{"rendered":"<p>Njut av komfort och st\u00f6d med v\u00e5r s\u00e4ngkudde<\/p>\n<p>Letar du efter den perfekta kudden f\u00f6r att h\u00f6ja din avslappning och ditt v\u00e4lbefinnande? D\u00e5 beh\u00f6ver du inte leta l\u00e4ngre \u00e4n till v\u00e5r premium-s\u00e4ngkudde, noggrant utformad f\u00f6r att ge o\u00f6vertr\u00e4ffat st\u00f6d och komfort.<\/p>\n<p>O\u00f6vertr\u00e4ffad kvalitet och komfort<\/p>\n<p>V\u00e5r Bedrest-kudde \u00e4r tillverkad med exceptionell precision och \u00e4r fylld med premium polyesterfiberfyllning som formar sig oklanderligt efter din kropp, vilket garanterar ett orubbligt ryggst\u00f6d och en plyschig k\u00e4nsla. Den \u00e4r omsluten av lyxigt mjukt sammetstyg och motst\u00e5r deformation och noppor, vilket lovar l\u00e5ngvarig komfort.<\/p>\n<p>M\u00e5ngsidig justering och bekv\u00e4mlighet<\/p>\n<p>Med sin justerbara design \u00e4r v\u00e5r kudde utrustad med en liten rullkudde som kan placeras strategiskt f\u00f6r riktat st\u00f6d. H\u00e5ll din ryggrad rak och undvik att b\u00f6ja dig f\u00f6r att bibeh\u00e5lla en h\u00e4lsosam h\u00e5llning. Dessutom ger det avtagbara och tv\u00e4ttbara \u00f6rngottet ett extra lager av hygien och enkel sk\u00f6tsel. F\u00f6r extra bekv\u00e4mlighet ger tv\u00e5 praktiska sidofickor f\u00f6rvaring f\u00f6r sm\u00e5saker, s\u00e5 att du har dina favoritsaker inom r\u00e4ckh\u00e5ll.<\/p>\n<p>Vetenskapligt ryggst\u00f6d<\/p>\n<p>V\u00e5r s\u00e4ngst\u00f6dskudde \u00e4r ergonomiskt konstruerad och ger o\u00f6vertr\u00e4ffat ryggst\u00f6d, lindrar sm\u00e4rta i l\u00e4ndryggen och nackdelen, fr\u00e4mjar korrekt h\u00e5llning och f\u00f6rhindrar obehag fr\u00e5n l\u00e5ngvarigt sittande eller liggande.<\/p>\n<p>Multifunktionell komfort<\/p>\n<p>V\u00e5r Bedrest-kudde \u00e4r m\u00e5ngsidig och anpassningsbar och passar utm\u00e4rkt \u00e4ven i sovrummet. Den \u00e4r en idealisk f\u00f6ljeslagare f\u00f6r soffor, dagb\u00e4ddar, f\u00e5t\u00f6ljer och soffor, s\u00e5 att du kan njuta av ultimat komfort och ryggradsst\u00f6d i alla milj\u00f6er. Oavsett om du l\u00e4ser en f\u00e4ngslande roman, tittar p\u00e5 dina favoritprogram eller bara varvar ner efter en l\u00e5ng dag, garanterar v\u00e5r kudde en f\u00f6ryngrande upplevelse.<\/p>\n<p>Kundrekommendationer<\/p>\n<p>\u201cDenna triangelkudden \u00e4r superbekv\u00e4m. Det holl\u00e4ndska sammetstyget k\u00e4nns s\u00e5 mjukt mot min hud och den cylindriska bolsterkudden \u00e4r perfekt f\u00f6r nackst\u00f6d.\u201d \u2013 N\u00f6jd kund<\/p>\n<p>\u201cJag \u00e4lskar de rymliga fickorna p\u00e5 sidan. De h\u00e5ller min telefon, anteckningsblock och andra viktiga saker organiserade och n\u00e4ra till hands.\u201d \u2013 N\u00f6jd anv\u00e4ndare<\/p>\n<p>Specifikationer<\/p>\n<p>* Tyg: 100% polyestersammet<br \/>\n* Storlek: 60x50x22cm<\/p>\n<p>Investera i den ultimata l\u00f6sningen f\u00f6r avkoppling och st\u00f6d idag med v\u00e5r exceptionella Bedrest-kudde. Dess \u00f6verl\u00e4gsna komfort, m\u00e5ngsidighet och h\u00e5llbarhet kommer att revolutionera ditt hem och f\u00f6rb\u00e4ttra ditt v\u00e4lbefinnande.<\/p>","protected":false},"excerpt":{"rendered":"<ul>\n<li><strong>Kvalificerad kilkudde:<\/strong> Denna s\u00e4ngkudd \u00e4r stoppad med premium polyesterfiberfyllning f\u00f6r att ge stabilt st\u00f6d f\u00f6r ryggen och f\u00e5 dig att k\u00e4nna dig bekv\u00e4m n\u00e4r du l\u00e4ser, vilar eller tittar p\u00e5 TV i din s\u00e4ng eller soffa. Det h\u00f6gkvalitativa sammetstyget \u00e4r mycket mjukt, slitstarkt och inte l\u00e4tt att deformera eller noppa sig.<\/li>\n<li><strong>Justerbar kilkudde:<\/strong> Prydnadskudden levereras med en liten rullkudde. Den kan justeras efter behov. Den hj\u00e4lper till att h\u00e5lla ryggen rak s\u00e5 att du inte sjunker ihop. L\u00e4sdynans \u00f6verdrag \u00e4r avtagbart och tv\u00e4ttbart. Det finns tv\u00e5 sm\u00e5 fickor p\u00e5 sidan f\u00f6r f\u00f6rvaring av sm\u00e5saker, s\u00e5som penna, mobiltelefon, TV-fj\u00e4rrkontroll etc.<\/li>\n<li><strong>Utm\u00e4rkt ryggst\u00f6d:<\/strong> Den stora st\u00f6dkudden har en ergonomisk design som kan ge vetenskapligt st\u00f6d f\u00f6r ryggen och f\u00f6rb\u00e4ttra sittst\u00e4llningen. Denna soffkuddar ger bekv\u00e4mt st\u00f6d f\u00f6r midja, rygg och nacke. De kan ocks\u00e5 f\u00f6rebygga och lindra sjukdomar i l\u00e4ndryggen och nackdelen samt lindra ryggsm\u00e4rtor.<\/li>\n<li><strong>Brett anv\u00e4ndningsomr\u00e5de:<\/strong> Kilkudden kan anv\u00e4ndas p\u00e5 m\u00e5nga olika s\u00e4tt och \u00e4r mycket l\u00e4mplig att anv\u00e4nda p\u00e5 s\u00e4ngen, soffan, dagb\u00e4dden, f\u00e5t\u00f6ljen och soffan. Perfekt present till dig sj\u00e4lv, v\u00e4nner eller familj.<\/li>\n<li><strong>L\u00e4tt att reng\u00f6ra:<\/strong> Denna st\u00f6dkudde har en dragkedja som g\u00f6r att fodralet \u00e4r l\u00e4tt att ta av och tv\u00e4tta i maskin.<\/li>\n<li><strong>Tyg:<\/strong> Sammet (100% polyester).<\/li>\n<li><strong>Storlek:<\/strong>\u00a060x50x22 cm.<\/li>\n<\/ul>","protected":false},"featured_media":1228,"comment_status":"open","ping_status":"closed","template":"","meta":[],"product_brand":[],"product_cat":[29],"product_tag":[66,60,111,101,112,59,107,71,65],"class_list":{"0":"post-1238","1":"product","2":"type-product","3":"status-publish","4":"has-post-thumbnail","6":"product_cat-large-reading-pillow","7":"product_tag-back-support-pillow","8":"product_tag-backrest-pillow","9":"product_tag-bedrest-pillow","10":"product_tag-chair-cushion","11":"product_tag-lumbar-support-pillow","12":"product_tag-reading-pillow","13":"product_tag-sofa-cushion","14":"product_tag-tv-pillow","15":"product_tag-wedge-pillow","17":"first","18":"instock","19":"shipping-taxable","20":"purchasable","21":"product-type-simple"},"_links":{"self":[{"href":"https:\/\/www.largepillow.com\/sv\/wp-json\/wp\/v2\/product\/1238","targetHints":{"allow":["GET"]}}],"collection":[{"href":"https:\/\/www.largepillow.com\/sv\/wp-json\/wp\/v2\/product"}],"about":[{"href":"https:\/\/www.largepillow.com\/sv\/wp-json\/wp\/v2\/types\/product"}],"replies":[{"embeddable":true,"href":"https:\/\/www.largepillow.com\/sv\/wp-json\/wp\/v2\/comments?post=1238"}],"wp:featuredmedia":[{"embeddable":true,"href":"https:\/\/www.largepillow.com\/sv\/wp-json\/wp\/v2\/media\/1228"}],"wp:attachment":[{"href":"https:\/\/www.largepillow.com\/sv\/wp-json\/wp\/v2\/media?parent=1238"}],"wp:term":[{"taxonomy":"product_brand","embeddable":true,"href":"https:\/\/www.largepillow.com\/sv\/wp-json\/wp\/v2\/product_brand?post=1238"},{"taxonomy":"product_cat","embeddable":true,"href":"https:\/\/www.largepillow.com\/sv\/wp-json\/wp\/v2\/product_cat?post=1238"},{"taxonomy":"product_tag","embeddable":true,"href":"https:\/\/www.largepillow.com\/sv\/wp-json\/wp\/v2\/product_tag?post=1238"}],"curies":[{"name":"wp","href":"https:\/\/api.w.org\/{rel}","templated":true}]}}