{"id":1249,"date":"2022-09-19T05:36:49","date_gmt":"2022-09-19T05:36:49","guid":{"rendered":"https:\/\/www.largepillow.com\/product\/back-cushion-for-bed"},"modified":"2025-06-07T09:27:52","modified_gmt":"2025-06-07T09:27:52","slug":"laskudde-2","status":"publish","type":"product","link":"https:\/\/www.largepillow.com\/sv\/product\/reading-cushion","title":{"rendered":"L\u00e4sdyna"},"content":{"rendered":"<p>L\u00e4skudden \u2013 ditt nya favorittillskott i din mysiga l\u00e4sh\u00f6rna!<\/p>\n<p>Denna bekv\u00e4ma och st\u00f6djande kilkudden \u00e4r tillverkad med premium polyesterfiberfyllning och h\u00f6gkvalitativt sammetstyg, vilket garanterar en mjuk, slitstark och bekv\u00e4m upplevelse. Den \u00e4r perfekt f\u00f6r att ge stabilt st\u00f6d f\u00f6r ryggen n\u00e4r du l\u00e4ser, vilar eller tittar p\u00e5 TV i din s\u00e4ng eller soffa.<\/p>\n<p>L\u00e4skudden \u00e4r en justerbar kilformad kudde, utrustad med en liten rullkudde som kan placeras d\u00e4r du beh\u00f6ver den. Den hj\u00e4lper till att h\u00e5lla ryggen rak s\u00e5 att du inte sjunker ihop och leder till f\u00f6rb\u00e4ttrad h\u00e5llning och en mer bekv\u00e4m upplevelse. \u00d6rngottet \u00e4r avtagbart och tv\u00e4ttbart, och det finns tv\u00e5 sm\u00e5 fickor p\u00e5 sidan f\u00f6r f\u00f6rvaring av sm\u00e5saker som din telefon eller fj\u00e4rrkontroll.<\/p>\n<p>Denna kudde \u00e4r ergonomiskt utformad f\u00f6r att ge utm\u00e4rkt ryggst\u00f6d, vilket kan f\u00f6rebygga och lindra sjukdomar i l\u00e4ndryggen och nacken, och lindra ryggsm\u00e4rtor. Den stora st\u00f6dkudden f\u00f6ljer den ergonomiska designen och ger bekv\u00e4mt st\u00f6d f\u00f6r midja, rygg och nacke.<\/p>\n<p>L\u00e4sdynan \u00e4r m\u00e5ngsidig, vilket g\u00f6r den perfekt att anv\u00e4nda p\u00e5 s\u00e4ngen, soffan, dagb\u00e4dden, f\u00e5t\u00f6ljen eller soffan. Det \u00e4r en utm\u00e4rkt present till dig sj\u00e4lv, v\u00e4nner eller familj.<\/p>\n<p>Denna st\u00f6dkudde \u00e4r l\u00e4tt att reng\u00f6ra och har en dragkedja som g\u00f6r att fodralet \u00e4r l\u00e4tt avtagbart och kan tv\u00e4ttas i maskin.<\/p>\n<p>Ta inte bara v\u00e5rt ord f\u00f6r det, h\u00e4r \u00e4r n\u00e5gra av v\u00e5ra n\u00f6jda kunders kommentarer:<\/p>\n<p>\u201cJag \u00e4lskar min l\u00e4sdyna! Den hj\u00e4lper mig att sitta uppr\u00e4tt och hindrar mig fr\u00e5n att sjunka ihop medan jag l\u00e4ser. Fickorna \u00e4r perfekta f\u00f6r att f\u00f6rvara min telefon eller fj\u00e4rrkontroll.\u201d \u2013 Emily.<\/p>\n<p>\u201cSammetstyget \u00e4r s\u00e5 mjukt och kudden \u00e4r v\u00e4ldigt st\u00f6djande. Jag rekommenderar starkt l\u00e4skudden till alla som letar efter en bekv\u00e4m l\u00e4supplevelse.\u201d \u2013 Jack.<\/p>\n<p>\u201cDet h\u00e4r f\u00f6r\u00e4ndrar min l\u00e4supplevelse totalt. Den \u00e4r s\u00e5 bekv\u00e4m och st\u00f6det den ger min rygg \u00e4r fantastiskt. Jag \u00e4r s\u00e5 glad att jag hittade den h\u00e4r produkten!\u201d \u2013 Sarah.<\/p>\n<p>Vad v\u00e4ntar du p\u00e5? F\u00e5 tag p\u00e5 l\u00e4skudden och ta din l\u00e4supplevelse till n\u00e4sta niv\u00e5!<\/p>","protected":false},"excerpt":{"rendered":"<ul>\n<li><strong>Kvalificerad kilkudde:<\/strong> Denna s\u00e4ngkudd \u00e4r stoppad med premium polyesterfiberfyllning f\u00f6r att ge stabilt st\u00f6d f\u00f6r ryggen och f\u00e5 dig att k\u00e4nna dig bekv\u00e4m n\u00e4r du l\u00e4ser, vilar eller tittar p\u00e5 TV i din s\u00e4ng eller soffa. Det h\u00f6gkvalitativa sammetstyget \u00e4r mycket mjukt, slitstarkt och inte l\u00e4tt att deformera eller noppa sig.<\/li>\n<li><strong>Justerbar kilkudde:<\/strong> Prydnadskudden levereras med en liten rullkudde. Den kan justeras efter behov. Den hj\u00e4lper till att h\u00e5lla ryggen rak s\u00e5 att du inte sjunker ihop. L\u00e4sdynans \u00f6verdrag \u00e4r avtagbart och tv\u00e4ttbart. Det finns tv\u00e5 sm\u00e5 fickor p\u00e5 sidan f\u00f6r f\u00f6rvaring av sm\u00e5saker, s\u00e5som penna, mobiltelefon, TV-fj\u00e4rrkontroll etc.<\/li>\n<li><strong>Utm\u00e4rkt ryggst\u00f6d:<\/strong> Den stora st\u00f6dkudden har en ergonomisk design som kan ge vetenskapligt st\u00f6d f\u00f6r ryggen och f\u00f6rb\u00e4ttra sittst\u00e4llningen. Denna soffkuddar ger bekv\u00e4mt st\u00f6d f\u00f6r midja, rygg och nacke. De kan ocks\u00e5 f\u00f6rebygga och lindra sjukdomar i l\u00e4ndryggen och nackdelen samt lindra ryggsm\u00e4rtor.<\/li>\n<li><strong>Brett anv\u00e4ndningsomr\u00e5de:<\/strong> Kilkudden kan anv\u00e4ndas p\u00e5 m\u00e5nga olika s\u00e4tt och \u00e4r mycket l\u00e4mplig att anv\u00e4nda p\u00e5 s\u00e4ngen, soffan, dagb\u00e4dden, f\u00e5t\u00f6ljen och soffan. Perfekt present till dig sj\u00e4lv, v\u00e4nner eller familj.<\/li>\n<li><strong>L\u00e4tt att reng\u00f6ra:<\/strong> Denna st\u00f6dkudde har en dragkedja som g\u00f6r att fodralet \u00e4r l\u00e4tt att ta av och tv\u00e4tta i maskin.<\/li>\n<li><strong>Tyg:<\/strong> Sammet (100% polyester).<\/li>\n<li><strong>Storlek:<\/strong>\u00a060x50x22 cm.<\/li>\n<\/ul>","protected":false},"featured_media":1239,"comment_status":"open","ping_status":"closed","template":"","meta":[],"product_brand":[],"product_cat":[29],"product_tag":[92,60,108,101,110,109,106,59,107,65],"class_list":{"0":"post-1249","1":"product","2":"type-product","3":"status-publish","4":"has-post-thumbnail","6":"product_cat-large-reading-pillow","7":"product_tag-adjustable-wedge-pillow","8":"product_tag-backrest-pillow","9":"product_tag-bed-cushion","10":"product_tag-chair-cushion","11":"product_tag-couch-cushion","12":"product_tag-daybed-cushion","13":"product_tag-reading-cushion","14":"product_tag-reading-pillow","15":"product_tag-sofa-cushion","16":"product_tag-wedge-pillow","18":"first","19":"outofstock","20":"shipping-taxable","21":"purchasable","22":"product-type-simple"},"_links":{"self":[{"href":"https:\/\/www.largepillow.com\/sv\/wp-json\/wp\/v2\/product\/1249","targetHints":{"allow":["GET"]}}],"collection":[{"href":"https:\/\/www.largepillow.com\/sv\/wp-json\/wp\/v2\/product"}],"about":[{"href":"https:\/\/www.largepillow.com\/sv\/wp-json\/wp\/v2\/types\/product"}],"replies":[{"embeddable":true,"href":"https:\/\/www.largepillow.com\/sv\/wp-json\/wp\/v2\/comments?post=1249"}],"wp:featuredmedia":[{"embeddable":true,"href":"https:\/\/www.largepillow.com\/sv\/wp-json\/wp\/v2\/media\/1239"}],"wp:attachment":[{"href":"https:\/\/www.largepillow.com\/sv\/wp-json\/wp\/v2\/media?parent=1249"}],"wp:term":[{"taxonomy":"product_brand","embeddable":true,"href":"https:\/\/www.largepillow.com\/sv\/wp-json\/wp\/v2\/product_brand?post=1249"},{"taxonomy":"product_cat","embeddable":true,"href":"https:\/\/www.largepillow.com\/sv\/wp-json\/wp\/v2\/product_cat?post=1249"},{"taxonomy":"product_tag","embeddable":true,"href":"https:\/\/www.largepillow.com\/sv\/wp-json\/wp\/v2\/product_tag?post=1249"}],"curies":[{"name":"wp","href":"https:\/\/api.w.org\/{rel}","templated":true}]}}