{"id":127,"date":"2022-09-15T06:16:44","date_gmt":"2022-09-15T06:16:44","guid":{"rendered":"https:\/\/www.largepillow.com\/product\/daybed-bolster"},"modified":"2026-02-25T08:38:12","modified_gmt":"2026-02-25T08:38:12","slug":"kilkudde","status":"publish","type":"product","link":"https:\/\/www.largepillow.com\/sv\/product\/wedge-pillow\/","title":{"rendered":"Kilkudde"},"content":{"rendered":"<p>Kilkudden \u2013 den ultimata komfortl\u00f6sningen f\u00f6r dig som \u00e4lskar att l\u00e4sa, arbeta eller titta p\u00e5 TV i s\u00e4ngen eller soffan. Denna stora kudde har en triangul\u00e4r form som passar perfekt f\u00f6r din rygg och midja, vilket ger maximal avlastning av l\u00e4ndryggs-\/ryggtrycket. <\/p>\n<p>Kycklingen \u00e4r tillverkad av h\u00f6gkvalitativ polyester och har ett andningsbart \u00f6verdrag som ger \u00f6verl\u00e4gsen komfort. Dess multifunktionella design g\u00f6r att du kan anv\u00e4nda den p\u00e5 olika s\u00e4tt, vilket g\u00f6r den till ett utm\u00e4rkt tillskott till alla sovrum. Du kan anv\u00e4nda den som huvudgavelkudde, b\u00e4lteskudde eller ryggst\u00f6dskudde i soffan eller dagb\u00e4dden. <\/p>\n<p>Denna kudde erbjuder \u00e4ven m\u00e5ngsidighet i olika sovst\u00e4llningar. Du kan anv\u00e4nda den uppr\u00e4tt som en ryggst\u00f6dskudde f\u00f6r huvudgaveln n\u00e4r du sitter upp i s\u00e4ngen eller l\u00e4gga den platt f\u00f6r att anv\u00e4nda den som en stor kilformad kudde n\u00e4r du sover p\u00e5 rygg eller sida. Du kan till och med anv\u00e4nda den som en benkudde f\u00f6r att h\u00f6ja benen. <\/p>\n<p>Wedge Pillow \u00e4r den enda kudden i sitt slag som rymmer tv\u00e5 personer. Den finns i storlekar fr\u00e5n 45 cm till 200 cm och passar alla s\u00e4ngstorlekar. Den har ocks\u00e5 en sidoficka p\u00e5 varje sida f\u00f6r att f\u00f6rvara din bok eller telefon, vilket g\u00f6r det enkelt att komma \u00e5t din underh\u00e5llning medan du kopplar av. <\/p>\n<p>Kilkuddens \u00f6verl\u00e4gsna hantverksskicklighet s\u00e4kerst\u00e4ller att den \u00e4r h\u00e5llbar och beh\u00e5ller sin form \u00f6ver tid. \u00d6verdraget \u00e4r f\u00e4st vid kudden med knappar, vilket g\u00f6r det enkelt att ta av och tv\u00e4tta i maskin. Dessutom har den en trendig manchesterlook som kommer att ge ditt sovrum en stilig touch. <\/p>\n<p>V\u00e5ra kunder \u00e4lskar Wedge Pillow! En av dem kommenterade: \u201cDen h\u00e4r kudden \u00e4r fantastisk! Den ger utm\u00e4rkt st\u00f6d n\u00e4r jag sitter upp i s\u00e4ngen och sover p\u00e5 rygg. \u00d6verdraget \u00e4r l\u00e4tt att ta av och det g\u00e5r bra att tv\u00e4tta i maskin.\u201d <\/p>\n<p>S\u00e5 om du letar efter en bekv\u00e4m och m\u00e5ngsidig kudde som kan f\u00f6rb\u00e4ttra din avkopplingsupplevelse, beh\u00f6ver du inte leta l\u00e4ngre \u00e4n till Wedge Pillow.<\/p>","protected":false},"excerpt":{"rendered":"<ul>\n<li><strong>Ultimat komfort:<\/strong> Denna huvudgavelskudde erbjuder utm\u00e4rkt komfort tack vare sin triangul\u00e4ra form. S\u00e4ngst\u00f6dskudden passar perfekt mot rygg och rygg, vilket minimerar trycket p\u00e5 l\u00e4ndryggen. Denna kilformade l\u00e4skudden kan hj\u00e4lpa dig att h\u00e5lla dig sp\u00e4nningsfri i s\u00e4ngen eller soffan, vilket \u00e4r perfekt f\u00f6r arbetande nattugglor, bokmalar och f\u00f6r att titta p\u00e5 TV i s\u00e4ngen. Denna extra stora bolsterkudden \u00e4r den enda kilformade huvudgavelskudden som rymmer tv\u00e5 personer.<\/li>\n<li><strong>3-i-1 stor kudde:<\/strong> Du kan anv\u00e4nda kudden st\u00e5ende som en ryggst\u00f6dskudde f\u00f6r huvudgaveln n\u00e4r du sitter i s\u00e4ngen eller l\u00e4gga den platt p\u00e5 s\u00e4ngen f\u00f6r att anv\u00e4nda den som en stor kilformad kudde n\u00e4r du sover p\u00e5 rygg eller sida, eller som en benkudde f\u00f6r att h\u00f6ja benen. Om du vill ha en stor huvudgavelskudde som ger st\u00f6d f\u00f6r b\u00e5de dig och din partner \u00e4r det ett utm\u00e4rkt alternativ.<\/li>\n<li><strong>Multifunktionell design:<\/strong> Vissa anv\u00e4nder den stora triangul\u00e4ra kudden som en kudde till huvudgaveln, medan andra anv\u00e4nder den som en b\u00e4lteskudde, den kan ocks\u00e5 fungera som en ryggst\u00f6dskudde till soffan eller dagb\u00e4dden. Den \u00e4r b\u00e5de snygg och funktionell, vilket g\u00f6r den till ett utm\u00e4rkt tillskott till alla sovrum.<\/li>\n<li><strong>\u00d6verl\u00e4gset hantverk:<\/strong> \u00d6rngottet har manchesterlook och \u00e4r tillverkat av 100% polyester. V\u00e5r huvudgavelkudde \u00e4r andningsbar och bekv\u00e4m nog att h\u00e5lla formen och inte f\u00f6rlora formen med tiden. En sidoficka p\u00e5 varje sida l\u00e5ter dig f\u00f6rvara din bok eller telefon.<\/li>\n<li><strong>L\u00e4tt att tv\u00e4tta:<\/strong> L\u00e4s\u00f6rns \u00f6verdrag \u00e4r f\u00e4st vid kudden med knappar och \u00e4r l\u00e4tt att ta bort med en enkel dragkedja. Detta g\u00f6r reng\u00f6ringen problemfri. Ta bara bort \u00f6verdraget och tv\u00e4tta snabbt i maskin f\u00f6r att f\u00e5 din kudde att se ut som ny.<\/li>\n<li><strong>Storlek:<\/strong> 45 cm (L45 x B20 x H50 | 0 knappar), 60 cm (L60 x B20 x H50 | 0 knappar), 80 cm (L80 x B20 x H50 | 2 knappar), 100 cm (L100 x B20 x H50 | 3 knappar), 120 cm (L120 x B20 x H50 | 4 knappar), 140 cm (L140 x B20 x H50 | 4 knappar), 160 cm (L160 x B20 x H50 | 5 knappar), 180 cm (L180 x B20 x H50 | 6 knappar), 200 cm (L200 x B20 x H50 | 7 knappar).<\/li>\n<\/ul>","protected":false},"featured_media":108,"comment_status":"open","ping_status":"closed","template":"","meta":[],"product_brand":[],"product_cat":[15],"product_tag":[205,204,206,218,226,207,209,201,168,132,199,163,64,65,68],"class_list":{"0":"post-127","1":"product","2":"type-product","3":"status-publish","4":"has-post-thumbnail","6":"product_cat-large-wedge-pillow","7":"product_tag-back-support-headboard-pillow","8":"product_tag-bed-support-cushion","9":"product_tag-bumper-pillow","10":"product_tag-corduroy-pillow","11":"product_tag-couch-backrest-bolster-pillow","12":"product_tag-daybed-backrest-bolster-pillow","13":"product_tag-extra-large-bolster-pillow","14":"product_tag-grey-pillow","15":"product_tag-headboard-pillow","16":"product_tag-large-bolster-pillow","17":"product_tag-large-wedge-pillow","18":"product_tag-leg-pillow","19":"product_tag-triangle-reading-pillow","20":"product_tag-wedge-pillow","21":"product_tag-wedge-reading-pillow","23":"first","24":"instock","25":"shipping-taxable","26":"purchasable","27":"product-type-variable"},"_links":{"self":[{"href":"https:\/\/www.largepillow.com\/sv\/wp-json\/wp\/v2\/product\/127","targetHints":{"allow":["GET"]}}],"collection":[{"href":"https:\/\/www.largepillow.com\/sv\/wp-json\/wp\/v2\/product"}],"about":[{"href":"https:\/\/www.largepillow.com\/sv\/wp-json\/wp\/v2\/types\/product"}],"replies":[{"embeddable":true,"href":"https:\/\/www.largepillow.com\/sv\/wp-json\/wp\/v2\/comments?post=127"}],"wp:featuredmedia":[{"embeddable":true,"href":"https:\/\/www.largepillow.com\/sv\/wp-json\/wp\/v2\/media\/108"}],"wp:attachment":[{"href":"https:\/\/www.largepillow.com\/sv\/wp-json\/wp\/v2\/media?parent=127"}],"wp:term":[{"taxonomy":"product_brand","embeddable":true,"href":"https:\/\/www.largepillow.com\/sv\/wp-json\/wp\/v2\/product_brand?post=127"},{"taxonomy":"product_cat","embeddable":true,"href":"https:\/\/www.largepillow.com\/sv\/wp-json\/wp\/v2\/product_cat?post=127"},{"taxonomy":"product_tag","embeddable":true,"href":"https:\/\/www.largepillow.com\/sv\/wp-json\/wp\/v2\/product_tag?post=127"}],"curies":[{"name":"wp","href":"https:\/\/api.w.org\/{rel}","templated":true}]}}