{"id":1274,"date":"2022-09-19T05:37:18","date_gmt":"2022-09-19T05:37:18","guid":{"rendered":"https:\/\/www.largepillow.com\/product\/sofa-cushion-support"},"modified":"2025-12-03T04:19:42","modified_gmt":"2025-12-03T04:19:42","slug":"laskudde-till-sangen","status":"publish","type":"product","link":"https:\/\/www.largepillow.com\/sv\/product\/reading-cushion-for-bed\/","title":{"rendered":"L\u00e4sdyna f\u00f6r s\u00e4ngen"},"content":{"rendered":"<p>Uppt\u00e4ck bekv\u00e4mligheten av att l\u00e4sa i s\u00e4ngen med denna specialiserade kudde<\/p>\n<p>Tr\u00f6tt p\u00e5 att anstr\u00e4nga nacke och rygg n\u00e4r du f\u00f6rs\u00f6ker l\u00e4sa eller titta p\u00e5 TV i s\u00e4ngen? L\u00e4sdynan f\u00f6r s\u00e4ngen \u00e4r speciellt utformad f\u00f6r att g\u00f6ra dessa aktiviteter mer avkopplande och njutbara. <\/p>\n<p>Denna kilformade kudde \u00e4r tillverkad av h\u00f6gkvalitativa material och ger ergonomiskt st\u00f6d f\u00f6r rygg, nacke och axlar n\u00e4r du lutar dig tillbaka. Insidan \u00e4r stoppad med mjuk men robust polyesterfiberfyllning som formar sig efter kroppens naturliga kurvor utan att platta till. <\/p>\n<p>Kunderna \u00e4lskar hur bekv\u00e4m den h\u00e4r kudden \u00e4r:<\/p>\n<p>\u201dDen h\u00e4r l\u00e4skudden har f\u00f6r\u00e4ndrat mitt liv. Inget mer ont i nacken eller ryggen n\u00e4r jag l\u00e4ser i s\u00e4ngen!\u201d<\/p>\n<p>&quot;Jag kan \u00e4ntligen str\u00e4ckkolla mina favoritprogram bekv\u00e4mt med den h\u00e4r st\u00f6djande kudden.&quot;<\/p>\n<p>\u00d6verdragstyget \u00e4r en mysig blandning av polyester och linne som k\u00e4nns len och lyxig mot huden. Den dolda dragkedjan g\u00f6r att du enkelt kan ta av \u00f6verdraget f\u00f6r maskintv\u00e4tt vid behov. <\/p>\n<p>Inbyggd m\u00e5ngsidighet g\u00f6r denna kudde praktisk f\u00f6r alla dina behov. Den medf\u00f6ljande sidorullkudden l\u00e5ter dig anpassa st\u00f6dvinkeln. Tv\u00e5 praktiska sidofickor \u00e4r perfekta f\u00f6r att f\u00f6rvara pennor, telefoner, fj\u00e4rrkontroller och mer inom r\u00e4ckh\u00e5ll.<\/p>\n<p>F\u00f6rutom att njuta av b\u00f6cker eller media i s\u00e4ngen kan denna multifunktionella kilkudde ocks\u00e5 anv\u00e4ndas f\u00f6r att arbeta p\u00e5 en b\u00e4rbar dator, spela spel, koppla av med en partner eller helt enkelt lyfta benen f\u00f6r att f\u00f6rb\u00e4ttra cirkulationen. <\/p>\n<p>Ge dig sj\u00e4lv g\u00e5van av skr\u00e4ddarsytt ryggst\u00f6d som k\u00e4nns som om det \u00e4r gjort just f\u00f6r dig. Ta med l\u00e4skudden f\u00f6r s\u00e4ngen hem f\u00f6r att f\u00f6rvandla vilken tillbakalutad aktivitet som helst till en bekv\u00e4m njutning.<\/p>","protected":false},"excerpt":{"rendered":"<ul>\n<li><strong>Kvalificerad kilkudde:<\/strong> Denna s\u00e4ngkudd \u00e4r stoppad med premium polyesterfiberfyllning f\u00f6r att ge stabilt st\u00f6d f\u00f6r ryggen och f\u00e5 dig att k\u00e4nna dig bekv\u00e4m n\u00e4r du l\u00e4ser, vilar eller tittar p\u00e5 TV i din s\u00e4ng eller soffa. Det h\u00f6gkvalitativa linnetyget \u00e4r mycket mjukt, slitstarkt och inte l\u00e4tt att deformera eller noppa sig.<\/li>\n<li><strong>Justerbar kilkudde:<\/strong> Prydnadskudden levereras med en liten rullkudde. Den kan justeras efter behov. Den hj\u00e4lper till att h\u00e5lla ryggen rak s\u00e5 att du inte sjunker ihop. L\u00e4sdynans \u00f6verdrag \u00e4r avtagbart och tv\u00e4ttbart. Det finns tv\u00e5 sm\u00e5 fickor p\u00e5 sidan f\u00f6r f\u00f6rvaring av sm\u00e5saker, s\u00e5som penna, mobiltelefon, TV-fj\u00e4rrkontroll etc.<\/li>\n<li><strong>Utm\u00e4rkt ryggst\u00f6d:<\/strong> Den stora st\u00f6dkudden har en ergonomisk design som kan ge vetenskapligt st\u00f6d f\u00f6r ryggen och f\u00f6rb\u00e4ttra sittst\u00e4llningen. Denna soffkuddar ger bekv\u00e4mt st\u00f6d f\u00f6r midja, rygg och nacke. De kan ocks\u00e5 f\u00f6rebygga och lindra sjukdomar i l\u00e4ndryggen och nackdelen samt lindra ryggsm\u00e4rtor.<\/li>\n<li><strong>Brett anv\u00e4ndningsomr\u00e5de:<\/strong> Kilkudden kan anv\u00e4ndas p\u00e5 m\u00e5nga olika s\u00e4tt och \u00e4r mycket l\u00e4mplig att anv\u00e4nda p\u00e5 s\u00e4ngen, soffan, dagb\u00e4dden, f\u00e5t\u00f6ljen och soffan. Perfekt present till dig sj\u00e4lv, v\u00e4nner eller familj.<\/li>\n<li><strong>L\u00e4tt att reng\u00f6ra:<\/strong> Denna st\u00f6dkudde har en dragkedja som g\u00f6r att fodralet \u00e4r l\u00e4tt att ta av och tv\u00e4tta i maskin.<\/li>\n<li><strong>Tyg:<\/strong>\u00a0Blandning av polyester och linne.<\/li>\n<li><strong>Storlek:<\/strong>\u00a060x50x22 cm.<\/li>\n<\/ul>","protected":false},"featured_media":1263,"comment_status":"open","ping_status":"closed","template":"","meta":[],"product_brand":[],"product_cat":[29],"product_tag":[92,60,94,89,103,59,93,100],"class_list":{"0":"post-1274","1":"product","2":"type-product","3":"status-publish","4":"has-post-thumbnail","6":"product_cat-large-reading-pillow","7":"product_tag-adjustable-wedge-pillow","8":"product_tag-backrest-pillow","9":"product_tag-excellent-back-support","10":"product_tag-qualified-wedge-pillow","11":"product_tag-reading-cushion-for-bed","12":"product_tag-reading-pillow","13":"product_tag-roll-bolster-pillow","14":"product_tag-sofa-daybed-pillow","16":"first","17":"outofstock","18":"featured","19":"shipping-taxable","20":"purchasable","21":"product-type-simple"},"_links":{"self":[{"href":"https:\/\/www.largepillow.com\/sv\/wp-json\/wp\/v2\/product\/1274","targetHints":{"allow":["GET"]}}],"collection":[{"href":"https:\/\/www.largepillow.com\/sv\/wp-json\/wp\/v2\/product"}],"about":[{"href":"https:\/\/www.largepillow.com\/sv\/wp-json\/wp\/v2\/types\/product"}],"replies":[{"embeddable":true,"href":"https:\/\/www.largepillow.com\/sv\/wp-json\/wp\/v2\/comments?post=1274"}],"wp:featuredmedia":[{"embeddable":true,"href":"https:\/\/www.largepillow.com\/sv\/wp-json\/wp\/v2\/media\/1263"}],"wp:attachment":[{"href":"https:\/\/www.largepillow.com\/sv\/wp-json\/wp\/v2\/media?parent=1274"}],"wp:term":[{"taxonomy":"product_brand","embeddable":true,"href":"https:\/\/www.largepillow.com\/sv\/wp-json\/wp\/v2\/product_brand?post=1274"},{"taxonomy":"product_cat","embeddable":true,"href":"https:\/\/www.largepillow.com\/sv\/wp-json\/wp\/v2\/product_cat?post=1274"},{"taxonomy":"product_tag","embeddable":true,"href":"https:\/\/www.largepillow.com\/sv\/wp-json\/wp\/v2\/product_tag?post=1274"}],"curies":[{"name":"wp","href":"https:\/\/api.w.org\/{rel}","templated":true}]}}