{"id":13105,"date":"2025-09-04T01:20:12","date_gmt":"2025-09-04T01:20:12","guid":{"rendered":"https:\/\/www.largepillow.com\/product\/ergonomic-zero-gravity-bean-bag-lounge-chair-curved-floor-sofa"},"modified":"2025-09-04T01:29:19","modified_gmt":"2025-09-04T01:29:19","slug":"ergonomisk-nollgravitationsbonsack-fatolj-bojd-golvsoffa","status":"publish","type":"product","link":"https:\/\/www.largepillow.com\/sv\/product\/ergonomic-zero-gravity-bean-bag-lounge-chair-curved-floor-sofa","title":{"rendered":"Ergonomisk tyngdl\u00f6s s\u00e4cks\u00e4ck, b\u00f6jd golvsoffa"},"content":{"rendered":"[zc_getpagecontent mb=&#8221;mb_aplus&#8221; apid=&#8221;143&#8243;]\n","protected":false},"excerpt":{"rendered":"<ul>\n<li>Ergonomiska kurvor inspirerade av nollgravitation: Denna unikt b\u00f6jda golvsoffa \u00e4r utformad f\u00f6r att efterlikna kroppens naturliga h\u00e5llning i nollgravitation och erbjuder riktat st\u00f6d f\u00f6r nacke, midja och ben \u2013 vilket fr\u00e4mjar helkroppsavslappning och ryggradsanpassning.<\/li>\n<li>Andningsbart 3D-plyschtyg: T\u00e4ckt av mjukt, kort 3D-plyschtyg k\u00e4nns ytan plyschig men \u00e4nd\u00e5 andningsbar, vilket h\u00e5ller dig sval p\u00e5 sommaren och mysig p\u00e5 vintern. Finns i krispigt vitt och fr\u00e4scht gr\u00f6nt och ger en modern touch till alla bostadsutrymmen, fr\u00e5n minimalistiska till bohemiska stilar.<\/li>\n<li>Perfekt storlek f\u00f6r m\u00e5ngsidiga utrymmen: Med m\u00e5tten 165 cm (l\u00e4ngd) \u00d7 84 cm (bredd) med en maxh\u00f6jd p\u00e5 54 cm, midjeh\u00f6jd p\u00e5 24 cm och benh\u00f6jd p\u00e5 44 cm passar den s\u00f6ml\u00f6st i vardagsrum, sovrum eller l\u00e4sh\u00f6rnor. Kompakt men \u00e4nd\u00e5 tillr\u00e4ckligt rymlig f\u00f6r att 1\u20132 personer ska kunna sitta bekv\u00e4mt.<\/li>\n<li>Soffan \u00e4r fylld med h\u00f6gkvalitativ PP-bomull och erbjuder den perfekta balansen mellan mjukhet och st\u00f6d. Du kan enkelt l\u00e4gga till eller ta bort fyllning f\u00f6r att matcha din \u00f6nskade fasthet \u2013 oavsett om du f\u00f6redrar en k\u00e4nsla av att sjunka ner i soffan eller ett fastare st\u00f6d, anpassar den sig efter dina vanor.<\/li>\n<li>Riktad l\u00e4ndryggsavlastning med djupt konturst\u00f6d: Den specialdesignade, f\u00f6rs\u00e4nkta l\u00e4ndryggszonen (25 cm h\u00f6g) omsluter din l\u00e4ndrygg f\u00f6r att lindra belastningen p\u00e5 ryggraden. Oavsett om du tar en tupplur, l\u00e4ser eller tittar p\u00e5 film, upplev ergonomisk komfort som anpassar sig till dig.<\/li>\n<\/ul>","protected":false},"featured_media":13091,"comment_status":"open","ping_status":"closed","template":"","meta":[],"product_brand":[],"product_cat":[228],"product_tag":[],"class_list":{"0":"post-13105","1":"product","2":"type-product","3":"status-publish","4":"has-post-thumbnail","6":"product_cat-cushions","8":"first","9":"instock","10":"sold-individually","11":"shipping-taxable","12":"purchasable","13":"product-type-simple"},"_links":{"self":[{"href":"https:\/\/www.largepillow.com\/sv\/wp-json\/wp\/v2\/product\/13105","targetHints":{"allow":["GET"]}}],"collection":[{"href":"https:\/\/www.largepillow.com\/sv\/wp-json\/wp\/v2\/product"}],"about":[{"href":"https:\/\/www.largepillow.com\/sv\/wp-json\/wp\/v2\/types\/product"}],"replies":[{"embeddable":true,"href":"https:\/\/www.largepillow.com\/sv\/wp-json\/wp\/v2\/comments?post=13105"}],"wp:featuredmedia":[{"embeddable":true,"href":"https:\/\/www.largepillow.com\/sv\/wp-json\/wp\/v2\/media\/13091"}],"wp:attachment":[{"href":"https:\/\/www.largepillow.com\/sv\/wp-json\/wp\/v2\/media?parent=13105"}],"wp:term":[{"taxonomy":"product_brand","embeddable":true,"href":"https:\/\/www.largepillow.com\/sv\/wp-json\/wp\/v2\/product_brand?post=13105"},{"taxonomy":"product_cat","embeddable":true,"href":"https:\/\/www.largepillow.com\/sv\/wp-json\/wp\/v2\/product_cat?post=13105"},{"taxonomy":"product_tag","embeddable":true,"href":"https:\/\/www.largepillow.com\/sv\/wp-json\/wp\/v2\/product_tag?post=13105"}],"curies":[{"name":"wp","href":"https:\/\/api.w.org\/{rel}","templated":true}]}}