{"id":1323,"date":"2022-09-19T06:02:03","date_gmt":"2022-09-19T06:02:03","guid":{"rendered":"https:\/\/www.largepillow.com\/product\/reading-wedges"},"modified":"2024-10-03T16:31:26","modified_gmt":"2024-10-03T16:31:26","slug":"laskilar","status":"publish","type":"product","link":"https:\/\/www.largepillow.com\/sv\/product\/reading-wedges","title":{"rendered":"L\u00e4sningskilar"},"content":{"rendered":"<p>\u00c4r du en bokmal som tycker om att l\u00e4sa i s\u00e4ngen men lider av obehag och sm\u00e4rta p\u00e5 grund av d\u00e5lig h\u00e5llning? Om ja, har vi den perfekta l\u00f6sningen f\u00f6r dig \u2013 L\u00e4skilar!<\/p>\n<p>Denna ergonomiska kudden \u00e4r utformad f\u00f6r att ge st\u00f6d och d\u00e4mpning till din nedre och \u00f6vre del av ryggen, nacke och axlar, vilket s\u00e4kerst\u00e4ller att du kan l\u00e4sa i s\u00e4ngen med en ergonomisk h\u00e5llning. Kudden \u00e4r mjuk och bekv\u00e4m samtidigt som den \u00e4r tillr\u00e4ckligt fast f\u00f6r att beh\u00e5lla sin form och ge tillr\u00e4ckligt st\u00f6d.<\/p>\n<p>Kilkudden \u00e4r tillverkad av h\u00f6gkvalitativt canvastyg, som \u00e4r slitstarkt och har utm\u00e4rkt luftgenomsl\u00e4pplighet. Den inre k\u00e4rnan \u00e4r fylld med h\u00f6gelastisk polyesterfiberfyllning, vilket s\u00e4kerst\u00e4ller att kudden inte kollapsar och beh\u00e5ller sin form. Kudden \u00e4r ocks\u00e5 avtagbar och maskintv\u00e4ttbar, vilket g\u00f6r den enkel att reng\u00f6ra och underh\u00e5lla.<\/p>\n<p>Kuddens b\u00f6jda form g\u00f6r den idealisk f\u00f6r att h\u00e5lla vissa kroppsdelar upph\u00f6jda, vilket g\u00f6r den till hj\u00e4lp f\u00f6r att lindra medicinska tillst\u00e5nd som snarkning eller sura uppst\u00f6tningar. Gravida kvinnor kan anv\u00e4nda den f\u00f6r att bibeh\u00e5lla en sidol\u00e4ge eller som en l\u00e4ndryggskudde f\u00f6r att minska trycket p\u00e5 l\u00e4ndryggen. Du kan ocks\u00e5 anv\u00e4nda den i soffan eller p\u00e5 golvet, vilket g\u00f6r den multifunktionell.<\/p>\n<p>L\u00e4skuddarna finns i olika utf\u00f6randen, inklusive &quot;skogsmusik&quot;, &quot;gammal tidning&quot;, &quot;bl\u00e5 fj\u00e4ril&quot; och &quot;kamelkarta&quot;. Med dessa livfulla f\u00e4rger kan du hitta en som resonerar med din personlighet och ger ditt sovrum lite extra pigghet. Det \u00e4r en perfekt l\u00e4skudde f\u00f6r vuxna, pojkar och flickor, vilket g\u00f6r den till en utm\u00e4rkt present till barn som \u00e4lskar att l\u00e4sa.<\/p>\n<p>Ta inte bara v\u00e5rt ord f\u00f6r det; h\u00e4r \u00e4r n\u00e5gra av v\u00e5ra kundkommentarer:<\/p>\n<p>\u201cJag \u00e4lskar mina l\u00e4skilar; de har hj\u00e4lpt mig att lindra min ryggsm\u00e4rta n\u00e4r jag l\u00e4ser i s\u00e4ngen.\u201d<\/p>\n<p>\u201cKuddens design \u00e4r utm\u00e4rkt, och f\u00e4rgerna ger mitt rum en touch av elegans.\u201d<\/p>\n<p>\u201cL\u00e4skilarna \u00e4r multifunktionella, och jag anv\u00e4nder dem som ryggst\u00f6d n\u00e4r jag sitter i soffan ocks\u00e5.\u201d<\/p>\n<p>\u201cDet avtagbara \u00f6rngottet \u00e4r revolutionerande och g\u00f6r det enkelt f\u00f6r mig att h\u00e5lla min kudde ren.\u201d<\/p>\n<p>Sammanfattningsvis \u00e4r l\u00e4sklossarna perfekta f\u00f6r bokmalar som tycker om att l\u00e4sa i s\u00e4ngen. De \u00e4r bekv\u00e4ma, fasta och multifunktionella, vilket g\u00f6r dem till ett m\u00e5ste. Skaffa dina idag och s\u00e4g adj\u00f6 till ryggsm\u00e4rtor och obehag n\u00e4r du l\u00e4ser i s\u00e4ngen.<\/p>","protected":false},"excerpt":{"rendered":"<ul>\n<li><strong>Ergonomisk kudde:<\/strong>\u00a0Om du och dina v\u00e4nner gillar att l\u00e4sa i s\u00e4ngen men har olika obehag p\u00e5 grund av felaktig h\u00e5llning: sm\u00e4rtor i nedre och \u00f6vre delen av ryggen, nack- och axlarproblem etc., anv\u00e4nd d\u00e5 denna ergonomiska kudde f\u00f6r att hj\u00e4lpa er att l\u00e4sa med en ergonomisk h\u00e5llning. Denna l\u00e4skudden \u00e4r inte bara mjuk och bekv\u00e4m, utan ocks\u00e5 tillr\u00e4ckligt fast f\u00f6r att ge d\u00e4mpning och st\u00f6d.<\/li>\n<li><strong>H\u00f6gkvalitativa material:<\/strong>\u00a0Kilkuddfodralet \u00e4r tillverkat av h\u00f6gkvalitativt canvastyg, som \u00e4r starkt och h\u00e5llbart, och har mycket god luftgenomsl\u00e4pplighet; det anv\u00e4nder reaktiv tryck- och f\u00e4rgningsteknik, som inte bleknar; den inre k\u00e4rnan \u00e4r fylld med h\u00f6gkvalitativ, h\u00f6gelastisk polyesterfiberfyllning, som kan bibeh\u00e5lla en stabil form utan att kollapsa.<\/li>\n<li><strong>Multifunktionell anv\u00e4ndning:<\/strong>\u00a0Denna b\u00f6jda kudde kan h\u00e5lla vissa delar av kroppen upph\u00f6jda. D\u00e4rf\u00f6r hj\u00e4lper den till att lindra vissa medicinska tillst\u00e5nd, s\u00e5som snarkning eller sura uppst\u00f6tningar. Dessutom kan den hj\u00e4lpa gravida kvinnor att undvika att v\u00e4nda sig och bibeh\u00e5lla en sidol\u00e4ge eller anv\u00e4nda den som en l\u00e4ndryggskudde f\u00f6r att minska trycket p\u00e5 l\u00e4ndryggen. F\u00f6rutom att anv\u00e4nda denna ryggkudde i s\u00e4ngen kan den ocks\u00e5 anv\u00e4ndas i soffan, p\u00e5 golvet i lekplatsen eller p\u00e5 tr\u00e4dg\u00e5rdsm\u00f6bler.<\/li>\n<li><strong>Utm\u00e4rkt tryckdesign:<\/strong>\u00a0Denna serie positioneringskuddar \u00e4r dekorerade i ljusa f\u00e4rger f\u00f6r att ge ditt sovrum en lyster. I pastoral stil som &quot;skogsmusik&quot;, retrostil som &quot;gammal tidning&quot;, litter\u00e4r stil som &quot;bl\u00e5 fj\u00e4ril&quot;, realistisk stil som &quot;kamelkarta&quot; \u2013 du kommer s\u00e4kert att hitta en f\u00e4rg som passar din personlighet. Det \u00e4r en bra l\u00e4skudde f\u00f6r pojkar och flickor eller vuxna. Det \u00e4r ocks\u00e5 en utm\u00e4rkt present till barn som \u00e4lskar att l\u00e4sa, och den kommer att f\u00e5 deras rum att se coolare ut.<\/li>\n<li><strong>Avtagbart \u00f6rngott:<\/strong>\u00a0\u00d6rngottet, som har en osynlig metalldragkedja, kan enkelt tas av och monteras p\u00e5 kudden; det \u00e4r l\u00e4tt att reng\u00f6ra och l\u00e4mpligt f\u00f6r maskintv\u00e4tt; den praktiska sidofickan kan f\u00f6rvara sm\u00e5 f\u00f6rem\u00e5l som mobiltelefoner och glas\u00f6gon n\u00e4r som helst.<\/li>\n<li><strong>Storlek:<\/strong>\u00a060x20x50 cm.<\/li>\n<\/ul>","protected":false},"featured_media":1316,"comment_status":"open","ping_status":"closed","template":"","meta":[],"product_brand":[],"product_cat":[29],"product_tag":[60,81,78,79,59,83,84],"class_list":{"0":"post-1323","1":"product","2":"type-product","3":"status-publish","4":"has-post-thumbnail","6":"product_cat-large-reading-pillow","7":"product_tag-backrest-pillow","8":"product_tag-curved-shape-pillow","9":"product_tag-ergonomic-pillow","10":"product_tag-lumbar-pillow","11":"product_tag-reading-pillow","12":"product_tag-reading-wedges","13":"product_tag-sofa-pillow","15":"first","16":"instock","17":"featured","18":"shipping-taxable","19":"purchasable","20":"product-type-simple"},"_links":{"self":[{"href":"https:\/\/www.largepillow.com\/sv\/wp-json\/wp\/v2\/product\/1323","targetHints":{"allow":["GET"]}}],"collection":[{"href":"https:\/\/www.largepillow.com\/sv\/wp-json\/wp\/v2\/product"}],"about":[{"href":"https:\/\/www.largepillow.com\/sv\/wp-json\/wp\/v2\/types\/product"}],"replies":[{"embeddable":true,"href":"https:\/\/www.largepillow.com\/sv\/wp-json\/wp\/v2\/comments?post=1323"}],"wp:featuredmedia":[{"embeddable":true,"href":"https:\/\/www.largepillow.com\/sv\/wp-json\/wp\/v2\/media\/1316"}],"wp:attachment":[{"href":"https:\/\/www.largepillow.com\/sv\/wp-json\/wp\/v2\/media?parent=1323"}],"wp:term":[{"taxonomy":"product_brand","embeddable":true,"href":"https:\/\/www.largepillow.com\/sv\/wp-json\/wp\/v2\/product_brand?post=1323"},{"taxonomy":"product_cat","embeddable":true,"href":"https:\/\/www.largepillow.com\/sv\/wp-json\/wp\/v2\/product_cat?post=1323"},{"taxonomy":"product_tag","embeddable":true,"href":"https:\/\/www.largepillow.com\/sv\/wp-json\/wp\/v2\/product_tag?post=1323"}],"curies":[{"name":"wp","href":"https:\/\/api.w.org\/{rel}","templated":true}]}}