{"id":1347,"date":"2022-09-19T06:06:21","date_gmt":"2022-09-19T06:06:21","guid":{"rendered":"https:\/\/www.largepillow.com\/product\/bed-rest-reading-pillow"},"modified":"2025-11-26T14:31:14","modified_gmt":"2025-11-26T14:31:14","slug":"sanglage-laskudde","status":"publish","type":"product","link":"https:\/\/www.largepillow.com\/sv\/product\/bed-rest-reading-pillow","title":{"rendered":"S\u00e4ngl\u00e4ge L\u00e4skudde"},"content":{"rendered":"<p>Hitta den perfekta l\u00e4skudden f\u00f6r att slappa i s\u00e4ngen<\/p>\n<p>Om du \u00e4lskar att l\u00e4sa, titta p\u00e5 TV eller koppla av i s\u00e4ngen \u00e4r det viktigt att ha r\u00e4tt st\u00f6d f\u00f6r rygg och nacke. Vi presenterar Bed Rest Reading Pillow \u2013 den perfekta kilformade kudden f\u00f6r att sitta bekv\u00e4mt upp i s\u00e4ngen. Med sin extra h\u00f6ga och b\u00f6jda design ger denna kudden utm\u00e4rkt st\u00f6d f\u00f6r rygg och nacke, s\u00e5 att du kan njuta av dina favoritaktiviteter i total komfort.<\/p>\n<p>Tillverkad av 100% mjuk bomull med ett elegant tryckt \u00f6verdrag, utm\u00e4rker sig Bed Rest Reading Pillow med sina h\u00f6gkvalitativa material och konstruktion. Med sina 60 cm h\u00f6ga \u00e4r den h\u00f6gre \u00e4n en vanlig kilformad kudde och vaggar din \u00f6verkropp precis lagom. Det fyllda ryggst\u00f6det formar sig fint f\u00f6r att ge d\u00e4mpning och st\u00f6d p\u00e5 alla r\u00e4tt st\u00e4llen. <\/p>\n<p>Som en n\u00f6jd kund delade: \u201cJag \u00e4lskar den h\u00e4r l\u00e4skudden! Den g\u00f6r det s\u00e5 mycket bekv\u00e4mare att l\u00e4sa i s\u00e4ngen genom att den st\u00f6djer min rygg och nacke. Jag kan ligga och slappa i timmar utan att f\u00e5 ont.\u201d<\/p>\n<p>Med sin l\u00e4tta och b\u00e4rbara design kan du anv\u00e4nda denna m\u00e5ngsidiga kudd i s\u00e4ngen, i soffan eller till och med ta med dig den n\u00e4r du reser. Den \u00e4r utrustad med en praktisk sidoficka f\u00f6r att f\u00f6rvara din telefon, surfplatta eller TV-fj\u00e4rrkontroll n\u00e4r den anv\u00e4nds. <\/p>\n<p>F\u00f6r de l\u00e5nga dagarna n\u00e4r du bara vill krypa upp bekv\u00e4mt med en bra bok eller l\u00e4ngta efter dina favoritprogram \u00e4r Bed Rest Reading Pillow en perfekt f\u00f6ljeslagare. Dess ergonomiska design l\u00e5ter dig njuta i timmar utan obehag. <\/p>\n<p>S\u00e5 varf\u00f6r v\u00e4nta? Skaffa den perfekta l\u00e4s- och avkopplingskudden idag!<\/p>","protected":false},"excerpt":{"rendered":"<ul>\n<li>Perfekt f\u00f6r att sitta upp i s\u00e4ngen: V\u00e5r bekv\u00e4ma kilformade l\u00e4skudde ger utm\u00e4rkt st\u00f6d f\u00f6r ryggen f\u00f6r dig som \u00e4lskar att l\u00e4sa eller arbeta i s\u00e4ngen, titta p\u00e5 TV eller koppla av. Den \u00e4r perfekt f\u00f6r s\u00e4nggavlar, dagb\u00e4ddar och soffor, och ger ett bekv\u00e4mt och st\u00f6djande ryggst\u00f6d.<\/li>\n<li>Extra h\u00f6g design: V\u00e5r l\u00e4skudde har en unik b\u00f6jd design som ger extra st\u00f6d f\u00f6r rygg och nacke. Med en h\u00f6jd p\u00e5 60 cm \u00e4r v\u00e5r kilkudde h\u00f6gre \u00e4n de flesta traditionella kilkuddar, vilket ger \u00f6verl\u00e4gset st\u00f6d f\u00f6r huvud och \u00f6verkropp.<\/li>\n<li>Premiummaterial: V\u00e5r kudde \u00e4r fylld med h\u00f6gkvalitativ 100%-bomull, som \u00e4r mjuk, st\u00f6djande och slitstark. Det tryckta tyg\u00f6verdraget ger en stilig touch till ditt sovrum eller vardagsrum. Den fyllda ryggkudden ger perfekt st\u00f6d och d\u00e4mpning f\u00f6r din rygg och nacke.<\/li>\n<li>Praktisk sidoficka: V\u00e5r kilformade l\u00e4skudde har en sidoficka som ger en bekv\u00e4m plats att f\u00f6rvara din telefon, surfplatta eller andra sm\u00e5saker medan du kopplar av i s\u00e4ngen.<\/li>\n<li>M\u00e5ngsidig och b\u00e4rbar: V\u00e5r l\u00e4skudde \u00e4r l\u00e4tt och enkel att flytta runt, vilket g\u00f6r den perfekt f\u00f6r anv\u00e4ndning i olika delar av ditt hem. Du kan anv\u00e4nda den i ditt sovrum, vardagsrum eller till och med ta den med dig n\u00e4r du reser.<\/li>\n<li>Storlek: 60*27*60 cm.<\/li>\n<\/ul>","protected":false},"featured_media":1341,"comment_status":"open","ping_status":"closed","template":"","meta":[],"product_brand":[],"product_cat":[29],"product_tag":[66,60,77,75,74,76,59],"class_list":{"0":"post-1347","1":"product","2":"type-product","3":"status-publish","4":"has-post-thumbnail","6":"product_cat-large-reading-pillow","7":"product_tag-back-support-pillow","8":"product_tag-backrest-pillow","9":"product_tag-bed-rest-pillow","10":"product_tag-daybed-pillow","11":"product_tag-living-room-pillow","12":"product_tag-neck-support-pillow","13":"product_tag-reading-pillow","15":"first","16":"instock","17":"featured","18":"shipping-taxable","19":"purchasable","20":"product-type-simple"},"_links":{"self":[{"href":"https:\/\/www.largepillow.com\/sv\/wp-json\/wp\/v2\/product\/1347","targetHints":{"allow":["GET"]}}],"collection":[{"href":"https:\/\/www.largepillow.com\/sv\/wp-json\/wp\/v2\/product"}],"about":[{"href":"https:\/\/www.largepillow.com\/sv\/wp-json\/wp\/v2\/types\/product"}],"replies":[{"embeddable":true,"href":"https:\/\/www.largepillow.com\/sv\/wp-json\/wp\/v2\/comments?post=1347"}],"wp:featuredmedia":[{"embeddable":true,"href":"https:\/\/www.largepillow.com\/sv\/wp-json\/wp\/v2\/media\/1341"}],"wp:attachment":[{"href":"https:\/\/www.largepillow.com\/sv\/wp-json\/wp\/v2\/media?parent=1347"}],"wp:term":[{"taxonomy":"product_brand","embeddable":true,"href":"https:\/\/www.largepillow.com\/sv\/wp-json\/wp\/v2\/product_brand?post=1347"},{"taxonomy":"product_cat","embeddable":true,"href":"https:\/\/www.largepillow.com\/sv\/wp-json\/wp\/v2\/product_cat?post=1347"},{"taxonomy":"product_tag","embeddable":true,"href":"https:\/\/www.largepillow.com\/sv\/wp-json\/wp\/v2\/product_tag?post=1347"}],"curies":[{"name":"wp","href":"https:\/\/api.w.org\/{rel}","templated":true}]}}