{"id":1403,"date":"2022-09-20T02:44:16","date_gmt":"2022-09-20T02:44:16","guid":{"rendered":"https:\/\/www.largepillow.com\/product\/huge-rock-pillows-pebble-pillows-living-pillows-living-stones-pillows-pre-filled-christmas-present-max-size-dark-gray-9002"},"modified":"2025-01-15T14:54:41","modified_gmt":"2025-01-15T14:54:41","slug":"rock-pillows","status":"publish","type":"product","link":"https:\/\/www.largepillow.com\/sv\/product\/rock-pillows","title":{"rendered":"Stenkuddar"},"content":{"rendered":"[zc_getpagecontent mb=&#8221;mb_aplus&#8221; apid=&#8221;21&#8243;]\n","protected":false},"excerpt":{"rendered":"<ul>\n<li><strong>Verisimilar 3D utomhuskudde:<\/strong> Vid f\u00f6rsta anblicken tror du aldrig att det bara \u00e4r en dekorativ kudde. Genom en genial design kombinerar vi den mysiga kudden och &quot;stenen&quot; perfekt. Ellipsformen och den smala kurvan f\u00e5r dem att se ut som riktiga stenar. Att blanda och matcha m\u00f6rka och ljusa f\u00e4rger kan ge ditt rum en rika visuell f\u00f6r\u00e4ndring och g\u00f6ra det roligt. Dessa livfulla dekorativa kuddar g\u00f6r v\u00e5rt hem till en intressant plats.<\/li>\n<li><strong>Dekorativa kuddar f\u00f6r olika tillf\u00e4llen:<\/strong> V\u00e5ra kuddar kan anv\u00e4ndas som dekoration f\u00f6r att m\u00f6ta dina olika behov vid flera tillf\u00e4llen. St\u00e4ll dem inomhus f\u00f6r att ge rummet en naturlig k\u00e4nsla. St\u00e4ll dem utomhus i tr\u00e4dg\u00e5rden, p\u00e5 uteplatsen, vid poolen etc. Du kan \u00e5terv\u00e4nda till den sanna, perfekta integrationen och k\u00e4nna dig bekv\u00e4m; Anv\u00e4nds f\u00f6r att dekorera barnrummet, kan skapa en lekpark.<\/li>\n<li><strong>Multifunktionella kreativa kuddar:<\/strong> V\u00e5ra gosiga kuddar kan inte bara anv\u00e4ndas som dekorativa kuddar i vilket h\u00f6rn som helst inomhus\/utomhus, utan kan ocks\u00e5 anv\u00e4ndas som barnleksaker, s\u00e5 att barn kan leka som gosiga kuddar n\u00e4r de vill och v\u00e4cka sina k\u00e4nslor i leken. De stora soffkuddarna kan ocks\u00e5 anv\u00e4ndas som kreativa sittplatser och de sm\u00e5 soffkuddarna. Dekorationskuddarna i olika former \u00e4r ocks\u00e5 ett bra val f\u00f6r fotorekvisita.<\/li>\n<li><strong>H\u00f6gkvalitativ simuleringsstenkudde:<\/strong> Utvalda supermjuka korta sammetstyger, mjuka och bekv\u00e4ma. Dekorationskuddarna med fyllning (polyesterfyllning) som \u00e4r fluffig och mjuk och har god elasticitet. Den osynliga dragkedjan g\u00f6r \u00e4ven \u00f6rngottet enkelt att ta is\u00e4r. Med reaktiv tryck- och f\u00e4rgningsteknik, fr\u00e5n materialval till f\u00e4rgfixering, avstorlekstagning, formning till f\u00e4rdig produkt, \u00e4r varje steg strikt implementerat.<\/li>\n<li><strong>Paket och storlek:<\/strong> Varje paket inneh\u00e5ller 1 set med 6 olika storlekar av utomhuskuddar, som \u00e4r utformade i oregelbundna ovala former f\u00f6r att mer likna stenar. Storlekarna \u00e4r: 100\u00d750 \/ 50\u00d735 \/ 50\u00d725 \/ 35\u00d723 \/ 30\u00d715 \/ 18x10cm.<\/li>\n<\/ul>","protected":false},"featured_media":1391,"comment_status":"open","ping_status":"closed","template":"","meta":[],"product_brand":[],"product_cat":[30],"product_tag":[58,57,53,56,52,54,51,55,50],"class_list":{"0":"post-1403","1":"product","2":"type-product","3":"status-publish","4":"has-post-thumbnail","6":"product_cat-large-rock-pillow","7":"product_tag-floor-cushion","8":"product_tag-floor-pillow","9":"product_tag-livingstones","10":"product_tag-pebble-cushion","11":"product_tag-pebble-pillow","12":"product_tag-rock-cushion","13":"product_tag-rock-pillow","14":"product_tag-stone-cushion","15":"product_tag-stone-pillow","17":"first","18":"instock","19":"featured","20":"shipping-taxable","21":"purchasable","22":"product-type-variable","23":"has-default-attributes"},"_links":{"self":[{"href":"https:\/\/www.largepillow.com\/sv\/wp-json\/wp\/v2\/product\/1403","targetHints":{"allow":["GET"]}}],"collection":[{"href":"https:\/\/www.largepillow.com\/sv\/wp-json\/wp\/v2\/product"}],"about":[{"href":"https:\/\/www.largepillow.com\/sv\/wp-json\/wp\/v2\/types\/product"}],"replies":[{"embeddable":true,"href":"https:\/\/www.largepillow.com\/sv\/wp-json\/wp\/v2\/comments?post=1403"}],"wp:featuredmedia":[{"embeddable":true,"href":"https:\/\/www.largepillow.com\/sv\/wp-json\/wp\/v2\/media\/1391"}],"wp:attachment":[{"href":"https:\/\/www.largepillow.com\/sv\/wp-json\/wp\/v2\/media?parent=1403"}],"wp:term":[{"taxonomy":"product_brand","embeddable":true,"href":"https:\/\/www.largepillow.com\/sv\/wp-json\/wp\/v2\/product_brand?post=1403"},{"taxonomy":"product_cat","embeddable":true,"href":"https:\/\/www.largepillow.com\/sv\/wp-json\/wp\/v2\/product_cat?post=1403"},{"taxonomy":"product_tag","embeddable":true,"href":"https:\/\/www.largepillow.com\/sv\/wp-json\/wp\/v2\/product_tag?post=1403"}],"curies":[{"name":"wp","href":"https:\/\/api.w.org\/{rel}","templated":true}]}}