{"id":15391,"date":"2025-11-08T12:46:13","date_gmt":"2025-11-08T12:46:13","guid":{"rendered":"https:\/\/www.largepillow.com\/product\/fluffy-cloud-bean-bag-chair-plush-lounge-seat-for-reading-gaming"},"modified":"2025-11-09T08:47:35","modified_gmt":"2025-11-09T08:47:35","slug":"fluffig-molnbonsackstol-plyschloungestol-for-lasning-och-spel","status":"publish","type":"product","link":"https:\/\/www.largepillow.com\/sv\/product\/fluffy-cloud-bean-bag-chair-plush-lounge-seat-for-reading-gaming\/","title":{"rendered":"Fluffig Cloud-s\u00e4ckstol \u2013 Plyschig loungestol f\u00f6r l\u00e4sning och spel"},"content":{"rendered":"[zc_getpagecontent mb=&#8221;mb_aplus&#8221; apid=&#8221;147&#8243;]\n","protected":false},"excerpt":{"rendered":"<ul>\n<li>MOLNLIKNANDE KOMFORT: Denna s\u00e4ckstol \u00e4r designad med h\u00f6gkvalitativ PP-bomullsfyllning och formar sig efter din kroppsform och ger ett molnliknande st\u00f6d f\u00f6r l\u00e4sning, meditation eller tupplur. Perfekt f\u00f6r vuxna och barn som s\u00f6ker ultimat avkoppling.<\/li>\n<li>M\u00c5NGSIDIGT ANV\u00c4NDNINGSMETODER INOMHU: Perfekt som accentf\u00e5t\u00f6lj i vardagsrum, en mysig l\u00e4sh\u00f6rna eller en lekfull golvf\u00e5t\u00f6lj f\u00f6r spel-\/filmkv\u00e4llar. Dess minimalistiska stil sm\u00e4lter s\u00f6ml\u00f6st in i modern, bohemisk eller skandinavisk inredning.<\/li>\n<li>H\u00c5LLBAR OCH L\u00c4TT ATT RENG\u00d6RA: Tillverkad av premium, hudv\u00e4nligt plyschvelvetstyg som \u00e4r fl\u00e4ckbest\u00e4ndigt och maskintv\u00e4ttbart. F\u00f6rst\u00e4rkta dubbels\u00f6mmar s\u00e4kerst\u00e4ller l\u00e5ngvarig anv\u00e4ndning \u00e4ven vid daglig avkoppling eller s\u00e4llskap med husdjur.<\/li>\n<li>ERGONOMISK OCH PLATSBESPARANDE: Den b\u00f6jda molndesignen omsluter din rygg och dina h\u00f6fter naturligt och fr\u00e4mjar en h\u00e4lsosam h\u00e5llning. L\u00e4tt och b\u00e4rbar, den kan enkelt flyttas f\u00f6r att skapa en bekv\u00e4m plats var som helst i ditt hem.<\/li>\n<li>PERFEKT PRESENTID\u00c9: Oavsett om det \u00e4r en inflyttnings-, f\u00f6delsedags- eller julklapp, ger denna charmiga molnstol gl\u00e4dje och komfort till anv\u00e4ndare i alla \u00e5ldrar.<\/li>\n<\/ul>","protected":false},"featured_media":15376,"comment_status":"open","ping_status":"closed","template":"","meta":[],"product_brand":[],"product_cat":[228],"product_tag":[],"class_list":{"0":"post-15391","1":"product","2":"type-product","3":"status-publish","4":"has-post-thumbnail","6":"product_cat-cushions","8":"first","9":"instock","10":"sold-individually","11":"shipping-taxable","12":"purchasable","13":"product-type-simple"},"_links":{"self":[{"href":"https:\/\/www.largepillow.com\/sv\/wp-json\/wp\/v2\/product\/15391","targetHints":{"allow":["GET"]}}],"collection":[{"href":"https:\/\/www.largepillow.com\/sv\/wp-json\/wp\/v2\/product"}],"about":[{"href":"https:\/\/www.largepillow.com\/sv\/wp-json\/wp\/v2\/types\/product"}],"replies":[{"embeddable":true,"href":"https:\/\/www.largepillow.com\/sv\/wp-json\/wp\/v2\/comments?post=15391"}],"wp:featuredmedia":[{"embeddable":true,"href":"https:\/\/www.largepillow.com\/sv\/wp-json\/wp\/v2\/media\/15376"}],"wp:attachment":[{"href":"https:\/\/www.largepillow.com\/sv\/wp-json\/wp\/v2\/media?parent=15391"}],"wp:term":[{"taxonomy":"product_brand","embeddable":true,"href":"https:\/\/www.largepillow.com\/sv\/wp-json\/wp\/v2\/product_brand?post=15391"},{"taxonomy":"product_cat","embeddable":true,"href":"https:\/\/www.largepillow.com\/sv\/wp-json\/wp\/v2\/product_cat?post=15391"},{"taxonomy":"product_tag","embeddable":true,"href":"https:\/\/www.largepillow.com\/sv\/wp-json\/wp\/v2\/product_tag?post=15391"}],"curies":[{"name":"wp","href":"https:\/\/api.w.org\/{rel}","templated":true}]}}