{"id":15439,"date":"2025-11-08T13:57:20","date_gmt":"2025-11-08T13:57:20","guid":{"rendered":"https:\/\/www.largepillow.com\/product\/bed-backrest-pillow-tufted-headboard-cushion-for-reading-and-lounging"},"modified":"2025-11-09T08:47:35","modified_gmt":"2025-11-09T08:47:35","slug":"ryggstodskudde-tuftad-huvudgavelkudde-for-lasning-och-avkoppling","status":"publish","type":"product","link":"https:\/\/www.largepillow.com\/sv\/product\/bed-backrest-pillow-tufted-headboard-cushion-for-reading-and-lounging","title":{"rendered":"Ryggst\u00f6dskudde, tuftad huvudgavelkudde f\u00f6r l\u00e4sning och avkoppling"},"content":{"rendered":"[zc_getpagecontent mb=&#8221;mb_aplus&#8221; apid=&#8221;152&#8243;]\n","protected":false},"excerpt":{"rendered":"<ul>\n<li>Snygg inredning: Denna ryggst\u00f6dskudde \u00e4r det perfekta valet f\u00f6r alla som s\u00f6ker b\u00e5de komfort och stil. Dess eleganta f\u00e4rgschema accentueras av uts\u00f6kt tuftade knappar, medan de unika, v\u00e5giga gr\u00f6na vecken flyter med ljuset och skapar distinkta lager och ett unikt, tredimensionellt utseende. Denna design bryter med monotonin hos traditionella kuddar och ger en touch av modern sofistikering till ditt sovrum eller vardagsrum.<\/li>\n<li>Ultimat komfort: Denna kuddeformade huvudgavel \u00e4r den perfekta f\u00f6ljeslagaren f\u00f6r att l\u00e4sa eller titta p\u00e5 TV, och erbjuder utm\u00e4rkt st\u00f6d f\u00f6r rygg och huvud. Den hj\u00e4lper till att bibeh\u00e5lla en bekv\u00e4m h\u00e5llning n\u00e4r du vilar, l\u00e4ser eller tittar p\u00e5 film, vilket effektivt lindrar nacktr\u00f6tthet och minskar ryggtrycket. Den 20 cm f\u00f6rtjockade designen ger bekv\u00e4mt, l\u00e5ngvarigt st\u00f6d och formar sig perfekt efter m\u00e4nniskokroppen, s\u00e5 att du aldrig beh\u00f6ver oroa dig f\u00f6r deformation. Den \u00e4r utm\u00e4rkt att anv\u00e4nda som l\u00e4s- och s\u00e4ngkuddar.<\/li>\n<li>Premiummaterial och hantverk: \u00d6rngottet \u00e4r tillverkat av mjuk holl\u00e4ndsk velour som ger en hudv\u00e4nlig och bekv\u00e4m k\u00e4nsla. Fylld med h\u00f6gkvalitativ PP-bomull \u00e5terfj\u00e4drar det snabbt under tryck. Kombinationen av knappar och tuftning f\u00f6rb\u00e4ttrar kuddens strukturella stabilitet och h\u00e5ller den vacker och funktionell i \u00e5ratal. Betrakta detta som din slitstarka huvudgavel.<\/li>\n<li>M\u00e5ngsidig anpassningsbarhet f\u00f6r olika milj\u00f6er: Oavsett om den placeras p\u00e5 en s\u00e4ng, b\u00e4ddsoffa eller golv, fungerar denna huvudgavelkudde \u00e4ven som en l\u00e4s- och s\u00e4ngl\u00e4geskudde och TV-kudde n\u00e4r du sitter i s\u00e4ngen. Den ger funktionellt st\u00f6d medan du tittar p\u00e5 TV, arbetar p\u00e5 din b\u00e4rbara dator eller spelar spel, vilket hj\u00e4lper dig att varva ner helt. Den \u00f6verg\u00e5r ocks\u00e5 s\u00f6ml\u00f6st till en elegant huvudgavelkudd, vilket g\u00f6r den till ett m\u00e5ste f\u00f6r studentboenden och sovrum, vilket f\u00f6rb\u00e4ttrar b\u00e5de inredningen och komforten i utrymmet.<\/li>\n<li>Storlek: Queen (59x8x22 tum, 150*20*56 cm). Levereras komprimerad, klappa kudden ordentligt efter uppackning f\u00f6r att \u00e5terst\u00e4lla fluffigheten. L\u00e5t kudden \u00e5terh\u00e4mta sig i 48 timmar f\u00f6re anv\u00e4ndning. Reng\u00f6ringstips: P\u00e5 grund av sm\u00e5 knapph\u00e5l och komplext veckat hantverk, torka f\u00f6rsiktigt av med en fuktig trasa lokalt f\u00f6r att bibeh\u00e5lla strukturell stabilitet och estetik. Undvik att maskintv\u00e4tta hela \u00f6verdraget.<\/li>\n<\/ul>","protected":false},"featured_media":15431,"comment_status":"open","ping_status":"closed","template":"","meta":[],"product_brand":[],"product_cat":[228],"product_tag":[],"class_list":{"0":"post-15439","1":"product","2":"type-product","3":"status-publish","4":"has-post-thumbnail","6":"product_cat-cushions","8":"first","9":"instock","10":"sold-individually","11":"shipping-taxable","12":"purchasable","13":"product-type-simple"},"_links":{"self":[{"href":"https:\/\/www.largepillow.com\/sv\/wp-json\/wp\/v2\/product\/15439","targetHints":{"allow":["GET"]}}],"collection":[{"href":"https:\/\/www.largepillow.com\/sv\/wp-json\/wp\/v2\/product"}],"about":[{"href":"https:\/\/www.largepillow.com\/sv\/wp-json\/wp\/v2\/types\/product"}],"replies":[{"embeddable":true,"href":"https:\/\/www.largepillow.com\/sv\/wp-json\/wp\/v2\/comments?post=15439"}],"wp:featuredmedia":[{"embeddable":true,"href":"https:\/\/www.largepillow.com\/sv\/wp-json\/wp\/v2\/media\/15431"}],"wp:attachment":[{"href":"https:\/\/www.largepillow.com\/sv\/wp-json\/wp\/v2\/media?parent=15439"}],"wp:term":[{"taxonomy":"product_brand","embeddable":true,"href":"https:\/\/www.largepillow.com\/sv\/wp-json\/wp\/v2\/product_brand?post=15439"},{"taxonomy":"product_cat","embeddable":true,"href":"https:\/\/www.largepillow.com\/sv\/wp-json\/wp\/v2\/product_cat?post=15439"},{"taxonomy":"product_tag","embeddable":true,"href":"https:\/\/www.largepillow.com\/sv\/wp-json\/wp\/v2\/product_tag?post=15439"}],"curies":[{"name":"wp","href":"https:\/\/api.w.org\/{rel}","templated":true}]}}